{"id":7013,"date":"2024-12-17T13:05:14","date_gmt":"2024-12-17T13:05:14","guid":{"rendered":"https:\/\/carameloscerdan.com\/non%20class\u00e9\/jadore-les-bonbons\/"},"modified":"2025-05-20T14:46:58","modified_gmt":"2025-05-20T14:46:58","slug":"jadore-les-bonbons","status":"publish","type":"product","link":"https:\/\/carameloscerdan.com\/fr\/sucettes-en-forme-de-coeur\/jadore-les-bonbons\/","title":{"rendered":"J&rsquo;adore les bonbons"},"content":{"rendered":"<p>Pot de 60 sucettes en forme de c\u0153ur au go\u00fbt de cerise.\u00a0 Sans gluten, sans allerg\u00e8ne et convient aux v\u00e9g\u00e9taliens.<\/p>\n<p>Ils sont tous livr\u00e9s dans un emballage romantique, parfait pour la Saint-Valentin et pour offrir en cadeau.<\/p>\n<p>*\u00c9galement en format bonbon.<\/p>\n","protected":false},"excerpt":{"rendered":"<p>Pot de 60 sucettes en forme de c\u0153ur au go\u00fbt de cerise.\u00a0 Sans gluten, sans allerg\u00e8ne et convient aux v\u00e9g\u00e9taliens.<\/p>\n<p>Ils sont tous livr\u00e9s dans un emballage romantique, parfait pour la Saint-Valentin et pour offrir en cadeau.<\/p>\n<p>*\u00c9galement en format bonbon.<\/p>\n","protected":false},"featured_media":6310,"template":"","meta":[],"product_cat":[645,664,655,659,666,665,112,648,667],"product_tag":[],"class_list":{"0":"post-7013","1":"product","2":"type-product","3":"status-publish","4":"has-post-thumbnail","6":"product_cat-bonbons-danniversaire","7":"product_cat-bonbons-de-la-saint-valentin","8":"product_cat-bonbons-de-mariage","9":"product_cat-bonbons-de-noel","10":"product_cat-bonbons-sans-sucre","11":"product_cat-coeurs","12":"product_cat-notre-marque","13":"product_cat-sucettes","14":"product_cat-sucettes-en-forme-de-coeur","15":"pa_envase-pot-bas","16":"pa_envase-sac","17":"pa_formato-sucette","18":"pa_peso-11-g-fr","19":"pa_peso-32-g-fr","20":"pa_peso-83-g-fr","21":"pa_sabor-cerise","23":"first","24":"instock","25":"shipping-taxable","26":"product-type-simple"},"yoast_head":"<!-- This site is optimized with the Yoast SEO plugin v25.1 - https:\/\/yoast.com\/wordpress\/plugins\/seo\/ -->\n<title>J&#039;adore les bonbons - Caramelos Cerd\u00e1n<\/title>\n<meta name=\"robots\" content=\"index, follow, max-snippet:-1, max-image-preview:large, max-video-preview:-1\" \/>\n<link rel=\"canonical\" href=\"https:\/\/carameloscerdan.com\/fr\/sucettes-en-forme-de-coeur\/jadore-les-bonbons\/\" \/>\n<meta property=\"og:locale\" content=\"fr_FR\" \/>\n<meta property=\"og:type\" content=\"article\" \/>\n<meta property=\"og:title\" content=\"J&#039;adore les bonbons - Caramelos Cerd\u00e1n\" \/>\n<meta property=\"og:description\" content=\"Pot de 60 sucettes en forme de c\u0153ur au go\u00fbt de cerise.\u00a0 Sans gluten, sans allerg\u00e8ne et convient aux v\u00e9g\u00e9taliens. Ils sont tous livr\u00e9s dans un emballage romantique, parfait pour la Saint-Valentin et pour offrir en cadeau. *\u00c9galement en format bonbon.\" \/>\n<meta property=\"og:url\" content=\"https:\/\/carameloscerdan.com\/fr\/sucettes-en-forme-de-coeur\/jadore-les-bonbons\/\" \/>\n<meta property=\"og:site_name\" content=\"Caramelos Cerd\u00e1n\" \/>\n<meta property=\"article:modified_time\" content=\"2025-05-20T14:46:58+00:00\" \/>\n<meta property=\"og:image\" content=\"https:\/\/carameloscerdan.com\/wp-content\/uploads\/2024\/12\/8b6baa2a-62d5-4de2-a908-5782fe63b93c.png\" \/>\n\t<meta property=\"og:image:width\" content=\"824\" \/>\n\t<meta property=\"og:image:height\" content=\"1206\" \/>\n\t<meta property=\"og:image:type\" content=\"image\/png\" \/>\n<meta name=\"twitter:card\" content=\"summary_large_image\" \/>\n<script type=\"application\/ld+json\" class=\"yoast-schema-graph\">{\"@context\":\"https:\/\/schema.org\",\"@graph\":[{\"@type\":\"WebPage\",\"@id\":\"https:\/\/carameloscerdan.com\/fr\/sucettes-en-forme-de-coeur\/jadore-les-bonbons\/\",\"url\":\"https:\/\/carameloscerdan.com\/fr\/sucettes-en-forme-de-coeur\/jadore-les-bonbons\/\",\"name\":\"J'adore les bonbons - Caramelos Cerd\u00e1n\",\"isPartOf\":{\"@id\":\"https:\/\/carameloscerdan.com\/#website\"},\"primaryImageOfPage\":{\"@id\":\"https:\/\/carameloscerdan.com\/fr\/sucettes-en-forme-de-coeur\/jadore-les-bonbons\/#primaryimage\"},\"image\":{\"@id\":\"https:\/\/carameloscerdan.com\/fr\/sucettes-en-forme-de-coeur\/jadore-les-bonbons\/#primaryimage\"},\"thumbnailUrl\":\"https:\/\/carameloscerdan.com\/wp-content\/uploads\/2024\/12\/8b6baa2a-62d5-4de2-a908-5782fe63b93c.png\",\"datePublished\":\"2024-12-17T13:05:14+00:00\",\"dateModified\":\"2025-05-20T14:46:58+00:00\",\"breadcrumb\":{\"@id\":\"https:\/\/carameloscerdan.com\/fr\/sucettes-en-forme-de-coeur\/jadore-les-bonbons\/#breadcrumb\"},\"inLanguage\":\"fr-FR\",\"potentialAction\":[{\"@type\":\"ReadAction\",\"target\":[\"https:\/\/carameloscerdan.com\/fr\/sucettes-en-forme-de-coeur\/jadore-les-bonbons\/\"]}]},{\"@type\":\"ImageObject\",\"inLanguage\":\"fr-FR\",\"@id\":\"https:\/\/carameloscerdan.com\/fr\/sucettes-en-forme-de-coeur\/jadore-les-bonbons\/#primaryimage\",\"url\":\"https:\/\/carameloscerdan.com\/wp-content\/uploads\/2024\/12\/8b6baa2a-62d5-4de2-a908-5782fe63b93c.png\",\"contentUrl\":\"https:\/\/carameloscerdan.com\/wp-content\/uploads\/2024\/12\/8b6baa2a-62d5-4de2-a908-5782fe63b93c.png\",\"width\":824,\"height\":1206,\"caption\":\"bonbons de la Saint-Valentin sans sucre\"},{\"@type\":\"BreadcrumbList\",\"@id\":\"https:\/\/carameloscerdan.com\/fr\/sucettes-en-forme-de-coeur\/jadore-les-bonbons\/#breadcrumb\",\"itemListElement\":[{\"@type\":\"ListItem\",\"position\":1,\"name\":\"Home\",\"item\":\"https:\/\/carameloscerdan.com\/fr\/\"},{\"@type\":\"ListItem\",\"position\":2,\"name\":\"Shop\",\"item\":\"https:\/\/carameloscerdan.com\/shop\/\"},{\"@type\":\"ListItem\",\"position\":3,\"name\":\"J&rsquo;adore les bonbons\"}]},{\"@type\":\"WebSite\",\"@id\":\"https:\/\/carameloscerdan.com\/#website\",\"url\":\"https:\/\/carameloscerdan.com\/\",\"name\":\"Caramelos Cerd\u00e1n\",\"description\":\"F\u00e1brica de caramelos\",\"potentialAction\":[{\"@type\":\"SearchAction\",\"target\":{\"@type\":\"EntryPoint\",\"urlTemplate\":\"https:\/\/carameloscerdan.com\/?s={search_term_string}\"},\"query-input\":{\"@type\":\"PropertyValueSpecification\",\"valueRequired\":true,\"valueName\":\"search_term_string\"}}],\"inLanguage\":\"fr-FR\"}]}<\/script>\n<!-- \/ Yoast SEO plugin. -->","yoast_head_json":{"title":"J'adore les bonbons - Caramelos Cerd\u00e1n","robots":{"index":"index","follow":"follow","max-snippet":"max-snippet:-1","max-image-preview":"max-image-preview:large","max-video-preview":"max-video-preview:-1"},"canonical":"https:\/\/carameloscerdan.com\/fr\/sucettes-en-forme-de-coeur\/jadore-les-bonbons\/","og_locale":"fr_FR","og_type":"article","og_title":"J'adore les bonbons - Caramelos Cerd\u00e1n","og_description":"Pot de 60 sucettes en forme de c\u0153ur au go\u00fbt de cerise.\u00a0 Sans gluten, sans allerg\u00e8ne et convient aux v\u00e9g\u00e9taliens. Ils sont tous livr\u00e9s dans un emballage romantique, parfait pour la Saint-Valentin et pour offrir en cadeau. *\u00c9galement en format bonbon.","og_url":"https:\/\/carameloscerdan.com\/fr\/sucettes-en-forme-de-coeur\/jadore-les-bonbons\/","og_site_name":"Caramelos Cerd\u00e1n","article_modified_time":"2025-05-20T14:46:58+00:00","og_image":[{"width":824,"height":1206,"url":"https:\/\/carameloscerdan.com\/wp-content\/uploads\/2024\/12\/8b6baa2a-62d5-4de2-a908-5782fe63b93c.png","type":"image\/png"}],"twitter_card":"summary_large_image","schema":{"@context":"https:\/\/schema.org","@graph":[{"@type":"WebPage","@id":"https:\/\/carameloscerdan.com\/fr\/sucettes-en-forme-de-coeur\/jadore-les-bonbons\/","url":"https:\/\/carameloscerdan.com\/fr\/sucettes-en-forme-de-coeur\/jadore-les-bonbons\/","name":"J'adore les bonbons - Caramelos Cerd\u00e1n","isPartOf":{"@id":"https:\/\/carameloscerdan.com\/#website"},"primaryImageOfPage":{"@id":"https:\/\/carameloscerdan.com\/fr\/sucettes-en-forme-de-coeur\/jadore-les-bonbons\/#primaryimage"},"image":{"@id":"https:\/\/carameloscerdan.com\/fr\/sucettes-en-forme-de-coeur\/jadore-les-bonbons\/#primaryimage"},"thumbnailUrl":"https:\/\/carameloscerdan.com\/wp-content\/uploads\/2024\/12\/8b6baa2a-62d5-4de2-a908-5782fe63b93c.png","datePublished":"2024-12-17T13:05:14+00:00","dateModified":"2025-05-20T14:46:58+00:00","breadcrumb":{"@id":"https:\/\/carameloscerdan.com\/fr\/sucettes-en-forme-de-coeur\/jadore-les-bonbons\/#breadcrumb"},"inLanguage":"fr-FR","potentialAction":[{"@type":"ReadAction","target":["https:\/\/carameloscerdan.com\/fr\/sucettes-en-forme-de-coeur\/jadore-les-bonbons\/"]}]},{"@type":"ImageObject","inLanguage":"fr-FR","@id":"https:\/\/carameloscerdan.com\/fr\/sucettes-en-forme-de-coeur\/jadore-les-bonbons\/#primaryimage","url":"https:\/\/carameloscerdan.com\/wp-content\/uploads\/2024\/12\/8b6baa2a-62d5-4de2-a908-5782fe63b93c.png","contentUrl":"https:\/\/carameloscerdan.com\/wp-content\/uploads\/2024\/12\/8b6baa2a-62d5-4de2-a908-5782fe63b93c.png","width":824,"height":1206,"caption":"bonbons de la Saint-Valentin sans sucre"},{"@type":"BreadcrumbList","@id":"https:\/\/carameloscerdan.com\/fr\/sucettes-en-forme-de-coeur\/jadore-les-bonbons\/#breadcrumb","itemListElement":[{"@type":"ListItem","position":1,"name":"Home","item":"https:\/\/carameloscerdan.com\/fr\/"},{"@type":"ListItem","position":2,"name":"Shop","item":"https:\/\/carameloscerdan.com\/shop\/"},{"@type":"ListItem","position":3,"name":"J&rsquo;adore les bonbons"}]},{"@type":"WebSite","@id":"https:\/\/carameloscerdan.com\/#website","url":"https:\/\/carameloscerdan.com\/","name":"Caramelos Cerd\u00e1n","description":"F\u00e1brica de caramelos","potentialAction":[{"@type":"SearchAction","target":{"@type":"EntryPoint","urlTemplate":"https:\/\/carameloscerdan.com\/?s={search_term_string}"},"query-input":{"@type":"PropertyValueSpecification","valueRequired":true,"valueName":"search_term_string"}}],"inLanguage":"fr-FR"}]}},"_links":{"self":[{"href":"https:\/\/carameloscerdan.com\/fr\/wp-json\/wp\/v2\/product\/7013","targetHints":{"allow":["GET"]}}],"collection":[{"href":"https:\/\/carameloscerdan.com\/fr\/wp-json\/wp\/v2\/product"}],"about":[{"href":"https:\/\/carameloscerdan.com\/fr\/wp-json\/wp\/v2\/types\/product"}],"wp:featuredmedia":[{"embeddable":true,"href":"https:\/\/carameloscerdan.com\/fr\/wp-json\/wp\/v2\/media\/6310"}],"wp:attachment":[{"href":"https:\/\/carameloscerdan.com\/fr\/wp-json\/wp\/v2\/media?parent=7013"}],"wp:term":[{"taxonomy":"product_cat","embeddable":true,"href":"https:\/\/carameloscerdan.com\/fr\/wp-json\/wp\/v2\/product_cat?post=7013"},{"taxonomy":"product_tag","embeddable":true,"href":"https:\/\/carameloscerdan.com\/fr\/wp-json\/wp\/v2\/product_tag?post=7013"}],"curies":[{"name":"wp","href":"https:\/\/api.w.org\/{rel}","templated":true}]}}