{"id":7011,"date":"2024-12-17T15:13:20","date_gmt":"2024-12-17T15:13:20","guid":{"rendered":"https:\/\/carameloscerdan.com\/non class\u00e9\/pieds-et-mains\/"},"modified":"2024-12-17T15:13:20","modified_gmt":"2024-12-17T15:13:20","slug":"pieds-et-mains","status":"publish","type":"product","link":"https:\/\/carameloscerdan.com\/fr\/sucettes-en-forme-de-coeur\/pieds-et-mains\/","title":{"rendered":"Pieds et mains"},"content":{"rendered":"<p>Bocal contenant 125 sucettes en forme de main, de pied ou d&rsquo;ourson.\u00a0 Sans gluten, sans allerg\u00e8ne et convient aux v\u00e9g\u00e9taliens.<\/p>\n<p>De diff\u00e9rentes saveurs : Cerise, orange, citron et cola.<\/p>\n","protected":false},"excerpt":{"rendered":"<p>Bocal contenant 125 sucettes en forme de main, de pied ou d&rsquo;ourson.\u00a0 Sans gluten, sans allerg\u00e8ne et convient aux v\u00e9g\u00e9taliens.<\/p>\n<p>De diff\u00e9rentes saveurs : Cerise, orange, citron et cola.<\/p>\n","protected":false},"featured_media":6317,"template":"","meta":[],"product_cat":[645,664,655,659,666,665,112,648,667],"product_tag":[],"class_list":{"0":"post-7011","1":"product","2":"type-product","3":"status-publish","4":"has-post-thumbnail","6":"product_cat-bonbons-danniversaire","7":"product_cat-bonbons-de-la-saint-valentin","8":"product_cat-bonbons-de-mariage","9":"product_cat-bonbons-de-noel","10":"product_cat-bonbons-sans-sucre","11":"product_cat-coeurs","12":"product_cat-notre-marque","13":"product_cat-sucettes","14":"product_cat-sucettes-en-forme-de-coeur","15":"pa_envase-pot-bas","16":"pa_formato-sucette","17":"pa_peso-121-g-fr","18":"pa_sabor-cerise","19":"pa_sabor-citron","20":"pa_sabor-cola-fr","21":"pa_sabor-orange-fr","23":"first","24":"instock","25":"featured","26":"shipping-taxable","27":"product-type-simple"},"yoast_head":"<!-- This site is optimized with the Yoast SEO plugin v25.1 - https:\/\/yoast.com\/wordpress\/plugins\/seo\/ -->\n<title>Pieds et mains - Caramelos Cerd\u00e1n<\/title>\n<meta name=\"robots\" content=\"index, follow, max-snippet:-1, max-image-preview:large, max-video-preview:-1\" \/>\n<link rel=\"canonical\" href=\"https:\/\/carameloscerdan.com\/fr\/sucettes-en-forme-de-coeur\/pieds-et-mains\/\" \/>\n<meta property=\"og:locale\" content=\"fr_FR\" \/>\n<meta property=\"og:type\" content=\"article\" \/>\n<meta property=\"og:title\" content=\"Pieds et mains - Caramelos Cerd\u00e1n\" \/>\n<meta property=\"og:description\" content=\"Bocal contenant 125 sucettes en forme de main, de pied ou d&#039;ourson.\u00a0 Sans gluten, sans allerg\u00e8ne et convient aux v\u00e9g\u00e9taliens. De diff\u00e9rentes saveurs : Cerise, orange, citron et cola.\" \/>\n<meta property=\"og:url\" content=\"https:\/\/carameloscerdan.com\/fr\/sucettes-en-forme-de-coeur\/pieds-et-mains\/\" \/>\n<meta property=\"og:site_name\" content=\"Caramelos Cerd\u00e1n\" \/>\n<meta property=\"og:image\" content=\"https:\/\/carameloscerdan.com\/wp-content\/uploads\/2024\/12\/d535b94d-2729-4276-8556-84f27d78ef42.png\" \/>\n\t<meta property=\"og:image:width\" content=\"580\" \/>\n\t<meta property=\"og:image:height\" content=\"918\" \/>\n\t<meta property=\"og:image:type\" content=\"image\/png\" \/>\n<meta name=\"twitter:card\" content=\"summary_large_image\" \/>\n<script type=\"application\/ld+json\" class=\"yoast-schema-graph\">{\"@context\":\"https:\/\/schema.org\",\"@graph\":[{\"@type\":\"WebPage\",\"@id\":\"https:\/\/carameloscerdan.com\/fr\/sucettes-en-forme-de-coeur\/pieds-et-mains\/\",\"url\":\"https:\/\/carameloscerdan.com\/fr\/sucettes-en-forme-de-coeur\/pieds-et-mains\/\",\"name\":\"Pieds et mains - Caramelos Cerd\u00e1n\",\"isPartOf\":{\"@id\":\"https:\/\/carameloscerdan.com\/#website\"},\"primaryImageOfPage\":{\"@id\":\"https:\/\/carameloscerdan.com\/fr\/sucettes-en-forme-de-coeur\/pieds-et-mains\/#primaryimage\"},\"image\":{\"@id\":\"https:\/\/carameloscerdan.com\/fr\/sucettes-en-forme-de-coeur\/pieds-et-mains\/#primaryimage\"},\"thumbnailUrl\":\"https:\/\/carameloscerdan.com\/wp-content\/uploads\/2024\/12\/d535b94d-2729-4276-8556-84f27d78ef42.png\",\"datePublished\":\"2024-12-17T15:13:20+00:00\",\"breadcrumb\":{\"@id\":\"https:\/\/carameloscerdan.com\/fr\/sucettes-en-forme-de-coeur\/pieds-et-mains\/#breadcrumb\"},\"inLanguage\":\"fr-FR\",\"potentialAction\":[{\"@type\":\"ReadAction\",\"target\":[\"https:\/\/carameloscerdan.com\/fr\/sucettes-en-forme-de-coeur\/pieds-et-mains\/\"]}]},{\"@type\":\"ImageObject\",\"inLanguage\":\"fr-FR\",\"@id\":\"https:\/\/carameloscerdan.com\/fr\/sucettes-en-forme-de-coeur\/pieds-et-mains\/#primaryimage\",\"url\":\"https:\/\/carameloscerdan.com\/wp-content\/uploads\/2024\/12\/d535b94d-2729-4276-8556-84f27d78ef42.png\",\"contentUrl\":\"https:\/\/carameloscerdan.com\/wp-content\/uploads\/2024\/12\/d535b94d-2729-4276-8556-84f27d78ef42.png\",\"width\":580,\"height\":918},{\"@type\":\"BreadcrumbList\",\"@id\":\"https:\/\/carameloscerdan.com\/fr\/sucettes-en-forme-de-coeur\/pieds-et-mains\/#breadcrumb\",\"itemListElement\":[{\"@type\":\"ListItem\",\"position\":1,\"name\":\"Home\",\"item\":\"https:\/\/carameloscerdan.com\/fr\/\"},{\"@type\":\"ListItem\",\"position\":2,\"name\":\"Shop\",\"item\":\"https:\/\/carameloscerdan.com\/shop\/\"},{\"@type\":\"ListItem\",\"position\":3,\"name\":\"Pieds et mains\"}]},{\"@type\":\"WebSite\",\"@id\":\"https:\/\/carameloscerdan.com\/#website\",\"url\":\"https:\/\/carameloscerdan.com\/\",\"name\":\"Caramelos Cerd\u00e1n\",\"description\":\"F\u00e1brica de caramelos\",\"potentialAction\":[{\"@type\":\"SearchAction\",\"target\":{\"@type\":\"EntryPoint\",\"urlTemplate\":\"https:\/\/carameloscerdan.com\/?s={search_term_string}\"},\"query-input\":{\"@type\":\"PropertyValueSpecification\",\"valueRequired\":true,\"valueName\":\"search_term_string\"}}],\"inLanguage\":\"fr-FR\"}]}<\/script>\n<!-- \/ Yoast SEO plugin. -->","yoast_head_json":{"title":"Pieds et mains - Caramelos Cerd\u00e1n","robots":{"index":"index","follow":"follow","max-snippet":"max-snippet:-1","max-image-preview":"max-image-preview:large","max-video-preview":"max-video-preview:-1"},"canonical":"https:\/\/carameloscerdan.com\/fr\/sucettes-en-forme-de-coeur\/pieds-et-mains\/","og_locale":"fr_FR","og_type":"article","og_title":"Pieds et mains - Caramelos Cerd\u00e1n","og_description":"Bocal contenant 125 sucettes en forme de main, de pied ou d'ourson.\u00a0 Sans gluten, sans allerg\u00e8ne et convient aux v\u00e9g\u00e9taliens. De diff\u00e9rentes saveurs : Cerise, orange, citron et cola.","og_url":"https:\/\/carameloscerdan.com\/fr\/sucettes-en-forme-de-coeur\/pieds-et-mains\/","og_site_name":"Caramelos Cerd\u00e1n","og_image":[{"width":580,"height":918,"url":"https:\/\/carameloscerdan.com\/wp-content\/uploads\/2024\/12\/d535b94d-2729-4276-8556-84f27d78ef42.png","type":"image\/png"}],"twitter_card":"summary_large_image","schema":{"@context":"https:\/\/schema.org","@graph":[{"@type":"WebPage","@id":"https:\/\/carameloscerdan.com\/fr\/sucettes-en-forme-de-coeur\/pieds-et-mains\/","url":"https:\/\/carameloscerdan.com\/fr\/sucettes-en-forme-de-coeur\/pieds-et-mains\/","name":"Pieds et mains - Caramelos Cerd\u00e1n","isPartOf":{"@id":"https:\/\/carameloscerdan.com\/#website"},"primaryImageOfPage":{"@id":"https:\/\/carameloscerdan.com\/fr\/sucettes-en-forme-de-coeur\/pieds-et-mains\/#primaryimage"},"image":{"@id":"https:\/\/carameloscerdan.com\/fr\/sucettes-en-forme-de-coeur\/pieds-et-mains\/#primaryimage"},"thumbnailUrl":"https:\/\/carameloscerdan.com\/wp-content\/uploads\/2024\/12\/d535b94d-2729-4276-8556-84f27d78ef42.png","datePublished":"2024-12-17T15:13:20+00:00","breadcrumb":{"@id":"https:\/\/carameloscerdan.com\/fr\/sucettes-en-forme-de-coeur\/pieds-et-mains\/#breadcrumb"},"inLanguage":"fr-FR","potentialAction":[{"@type":"ReadAction","target":["https:\/\/carameloscerdan.com\/fr\/sucettes-en-forme-de-coeur\/pieds-et-mains\/"]}]},{"@type":"ImageObject","inLanguage":"fr-FR","@id":"https:\/\/carameloscerdan.com\/fr\/sucettes-en-forme-de-coeur\/pieds-et-mains\/#primaryimage","url":"https:\/\/carameloscerdan.com\/wp-content\/uploads\/2024\/12\/d535b94d-2729-4276-8556-84f27d78ef42.png","contentUrl":"https:\/\/carameloscerdan.com\/wp-content\/uploads\/2024\/12\/d535b94d-2729-4276-8556-84f27d78ef42.png","width":580,"height":918},{"@type":"BreadcrumbList","@id":"https:\/\/carameloscerdan.com\/fr\/sucettes-en-forme-de-coeur\/pieds-et-mains\/#breadcrumb","itemListElement":[{"@type":"ListItem","position":1,"name":"Home","item":"https:\/\/carameloscerdan.com\/fr\/"},{"@type":"ListItem","position":2,"name":"Shop","item":"https:\/\/carameloscerdan.com\/shop\/"},{"@type":"ListItem","position":3,"name":"Pieds et mains"}]},{"@type":"WebSite","@id":"https:\/\/carameloscerdan.com\/#website","url":"https:\/\/carameloscerdan.com\/","name":"Caramelos Cerd\u00e1n","description":"F\u00e1brica de caramelos","potentialAction":[{"@type":"SearchAction","target":{"@type":"EntryPoint","urlTemplate":"https:\/\/carameloscerdan.com\/?s={search_term_string}"},"query-input":{"@type":"PropertyValueSpecification","valueRequired":true,"valueName":"search_term_string"}}],"inLanguage":"fr-FR"}]}},"_links":{"self":[{"href":"https:\/\/carameloscerdan.com\/fr\/wp-json\/wp\/v2\/product\/7011","targetHints":{"allow":["GET"]}}],"collection":[{"href":"https:\/\/carameloscerdan.com\/fr\/wp-json\/wp\/v2\/product"}],"about":[{"href":"https:\/\/carameloscerdan.com\/fr\/wp-json\/wp\/v2\/types\/product"}],"wp:featuredmedia":[{"embeddable":true,"href":"https:\/\/carameloscerdan.com\/fr\/wp-json\/wp\/v2\/media\/6317"}],"wp:attachment":[{"href":"https:\/\/carameloscerdan.com\/fr\/wp-json\/wp\/v2\/media?parent=7011"}],"wp:term":[{"taxonomy":"product_cat","embeddable":true,"href":"https:\/\/carameloscerdan.com\/fr\/wp-json\/wp\/v2\/product_cat?post=7011"},{"taxonomy":"product_tag","embeddable":true,"href":"https:\/\/carameloscerdan.com\/fr\/wp-json\/wp\/v2\/product_tag?post=7011"}],"curies":[{"name":"wp","href":"https:\/\/api.w.org\/{rel}","templated":true}]}}