{"id":7009,"date":"2024-12-17T16:02:42","date_gmt":"2024-12-17T16:02:42","guid":{"rendered":"https:\/\/carameloscerdan.com\/non%20class\u00e9\/gouttes-pop-energetiques\/"},"modified":"2025-05-20T14:40:37","modified_gmt":"2025-05-20T14:40:37","slug":"gouttes-pop-energetiques","status":"publish","type":"product","link":"https:\/\/carameloscerdan.com\/fr\/bonbons-de-noel\/gouttes-pop-energetiques\/","title":{"rendered":"Gouttes pop \u00e9nerg\u00e9tiques"},"content":{"rendered":"<p>Un bonbon en forme de pilule avec de la taurine et de la caf\u00e9ine et une saveur de boisson \u00e9nergisante.<\/p>\n","protected":false},"excerpt":{"rendered":"<p>Un bonbon en forme de pilule avec de la taurine et de la caf\u00e9ine et une saveur de boisson \u00e9nergisante.<\/p>\n","protected":false},"featured_media":6368,"template":"","meta":[],"product_cat":[644,659,646,112],"product_tag":[],"class_list":{"0":"post-7009","1":"product","2":"type-product","3":"status-publish","4":"has-post-thumbnail","6":"product_cat-bonbons-dhalloween","7":"product_cat-bonbons-de-noel","8":"product_cat-des-bonbons-pour-le-defile","9":"product_cat-notre-marque","10":"pa_formato-bonbons","11":"pa_sabor-boisson-energisante","13":"first","14":"instock","15":"featured","16":"shipping-taxable","17":"product-type-simple"},"yoast_head":"<!-- This site is optimized with the Yoast SEO plugin v25.1 - https:\/\/yoast.com\/wordpress\/plugins\/seo\/ -->\n<title>Gouttes pop \u00e9nerg\u00e9tiques - Caramelos Cerd\u00e1n<\/title>\n<meta name=\"robots\" content=\"index, follow, max-snippet:-1, max-image-preview:large, max-video-preview:-1\" \/>\n<link rel=\"canonical\" href=\"https:\/\/carameloscerdan.com\/fr\/bonbons-de-noel\/gouttes-pop-energetiques\/\" \/>\n<meta property=\"og:locale\" content=\"fr_FR\" \/>\n<meta property=\"og:type\" content=\"article\" \/>\n<meta property=\"og:title\" content=\"Gouttes pop \u00e9nerg\u00e9tiques - Caramelos Cerd\u00e1n\" \/>\n<meta property=\"og:description\" content=\"Un bonbon en forme de pilule avec de la taurine et de la caf\u00e9ine et une saveur de boisson \u00e9nergisante.\" \/>\n<meta property=\"og:url\" content=\"https:\/\/carameloscerdan.com\/fr\/bonbons-de-noel\/gouttes-pop-energetiques\/\" \/>\n<meta property=\"og:site_name\" content=\"Caramelos Cerd\u00e1n\" \/>\n<meta property=\"article:modified_time\" content=\"2025-05-20T14:40:37+00:00\" \/>\n<meta property=\"og:image\" content=\"https:\/\/carameloscerdan.com\/wp-content\/uploads\/2024\/12\/96354f59-e01a-4a02-90d5-e333eb73a165.png\" \/>\n\t<meta property=\"og:image:width\" content=\"1370\" \/>\n\t<meta property=\"og:image:height\" content=\"1020\" \/>\n\t<meta property=\"og:image:type\" content=\"image\/png\" \/>\n<meta name=\"twitter:card\" content=\"summary_large_image\" \/>\n<script type=\"application\/ld+json\" class=\"yoast-schema-graph\">{\"@context\":\"https:\/\/schema.org\",\"@graph\":[{\"@type\":\"WebPage\",\"@id\":\"https:\/\/carameloscerdan.com\/fr\/bonbons-de-noel\/gouttes-pop-energetiques\/\",\"url\":\"https:\/\/carameloscerdan.com\/fr\/bonbons-de-noel\/gouttes-pop-energetiques\/\",\"name\":\"Gouttes pop \u00e9nerg\u00e9tiques - Caramelos Cerd\u00e1n\",\"isPartOf\":{\"@id\":\"https:\/\/carameloscerdan.com\/#website\"},\"primaryImageOfPage\":{\"@id\":\"https:\/\/carameloscerdan.com\/fr\/bonbons-de-noel\/gouttes-pop-energetiques\/#primaryimage\"},\"image\":{\"@id\":\"https:\/\/carameloscerdan.com\/fr\/bonbons-de-noel\/gouttes-pop-energetiques\/#primaryimage\"},\"thumbnailUrl\":\"https:\/\/carameloscerdan.com\/wp-content\/uploads\/2024\/12\/96354f59-e01a-4a02-90d5-e333eb73a165.png\",\"datePublished\":\"2024-12-17T16:02:42+00:00\",\"dateModified\":\"2025-05-20T14:40:37+00:00\",\"breadcrumb\":{\"@id\":\"https:\/\/carameloscerdan.com\/fr\/bonbons-de-noel\/gouttes-pop-energetiques\/#breadcrumb\"},\"inLanguage\":\"fr-FR\",\"potentialAction\":[{\"@type\":\"ReadAction\",\"target\":[\"https:\/\/carameloscerdan.com\/fr\/bonbons-de-noel\/gouttes-pop-energetiques\/\"]}]},{\"@type\":\"ImageObject\",\"inLanguage\":\"fr-FR\",\"@id\":\"https:\/\/carameloscerdan.com\/fr\/bonbons-de-noel\/gouttes-pop-energetiques\/#primaryimage\",\"url\":\"https:\/\/carameloscerdan.com\/wp-content\/uploads\/2024\/12\/96354f59-e01a-4a02-90d5-e333eb73a165.png\",\"contentUrl\":\"https:\/\/carameloscerdan.com\/wp-content\/uploads\/2024\/12\/96354f59-e01a-4a02-90d5-e333eb73a165.png\",\"width\":1370,\"height\":1020},{\"@type\":\"BreadcrumbList\",\"@id\":\"https:\/\/carameloscerdan.com\/fr\/bonbons-de-noel\/gouttes-pop-energetiques\/#breadcrumb\",\"itemListElement\":[{\"@type\":\"ListItem\",\"position\":1,\"name\":\"Home\",\"item\":\"https:\/\/carameloscerdan.com\/fr\/\"},{\"@type\":\"ListItem\",\"position\":2,\"name\":\"Shop\",\"item\":\"https:\/\/carameloscerdan.com\/shop\/\"},{\"@type\":\"ListItem\",\"position\":3,\"name\":\"Gouttes pop \u00e9nerg\u00e9tiques\"}]},{\"@type\":\"WebSite\",\"@id\":\"https:\/\/carameloscerdan.com\/#website\",\"url\":\"https:\/\/carameloscerdan.com\/\",\"name\":\"Caramelos Cerd\u00e1n\",\"description\":\"F\u00e1brica de caramelos\",\"potentialAction\":[{\"@type\":\"SearchAction\",\"target\":{\"@type\":\"EntryPoint\",\"urlTemplate\":\"https:\/\/carameloscerdan.com\/?s={search_term_string}\"},\"query-input\":{\"@type\":\"PropertyValueSpecification\",\"valueRequired\":true,\"valueName\":\"search_term_string\"}}],\"inLanguage\":\"fr-FR\"}]}<\/script>\n<!-- \/ Yoast SEO plugin. -->","yoast_head_json":{"title":"Gouttes pop \u00e9nerg\u00e9tiques - Caramelos Cerd\u00e1n","robots":{"index":"index","follow":"follow","max-snippet":"max-snippet:-1","max-image-preview":"max-image-preview:large","max-video-preview":"max-video-preview:-1"},"canonical":"https:\/\/carameloscerdan.com\/fr\/bonbons-de-noel\/gouttes-pop-energetiques\/","og_locale":"fr_FR","og_type":"article","og_title":"Gouttes pop \u00e9nerg\u00e9tiques - Caramelos Cerd\u00e1n","og_description":"Un bonbon en forme de pilule avec de la taurine et de la caf\u00e9ine et une saveur de boisson \u00e9nergisante.","og_url":"https:\/\/carameloscerdan.com\/fr\/bonbons-de-noel\/gouttes-pop-energetiques\/","og_site_name":"Caramelos Cerd\u00e1n","article_modified_time":"2025-05-20T14:40:37+00:00","og_image":[{"width":1370,"height":1020,"url":"https:\/\/carameloscerdan.com\/wp-content\/uploads\/2024\/12\/96354f59-e01a-4a02-90d5-e333eb73a165.png","type":"image\/png"}],"twitter_card":"summary_large_image","schema":{"@context":"https:\/\/schema.org","@graph":[{"@type":"WebPage","@id":"https:\/\/carameloscerdan.com\/fr\/bonbons-de-noel\/gouttes-pop-energetiques\/","url":"https:\/\/carameloscerdan.com\/fr\/bonbons-de-noel\/gouttes-pop-energetiques\/","name":"Gouttes pop \u00e9nerg\u00e9tiques - Caramelos Cerd\u00e1n","isPartOf":{"@id":"https:\/\/carameloscerdan.com\/#website"},"primaryImageOfPage":{"@id":"https:\/\/carameloscerdan.com\/fr\/bonbons-de-noel\/gouttes-pop-energetiques\/#primaryimage"},"image":{"@id":"https:\/\/carameloscerdan.com\/fr\/bonbons-de-noel\/gouttes-pop-energetiques\/#primaryimage"},"thumbnailUrl":"https:\/\/carameloscerdan.com\/wp-content\/uploads\/2024\/12\/96354f59-e01a-4a02-90d5-e333eb73a165.png","datePublished":"2024-12-17T16:02:42+00:00","dateModified":"2025-05-20T14:40:37+00:00","breadcrumb":{"@id":"https:\/\/carameloscerdan.com\/fr\/bonbons-de-noel\/gouttes-pop-energetiques\/#breadcrumb"},"inLanguage":"fr-FR","potentialAction":[{"@type":"ReadAction","target":["https:\/\/carameloscerdan.com\/fr\/bonbons-de-noel\/gouttes-pop-energetiques\/"]}]},{"@type":"ImageObject","inLanguage":"fr-FR","@id":"https:\/\/carameloscerdan.com\/fr\/bonbons-de-noel\/gouttes-pop-energetiques\/#primaryimage","url":"https:\/\/carameloscerdan.com\/wp-content\/uploads\/2024\/12\/96354f59-e01a-4a02-90d5-e333eb73a165.png","contentUrl":"https:\/\/carameloscerdan.com\/wp-content\/uploads\/2024\/12\/96354f59-e01a-4a02-90d5-e333eb73a165.png","width":1370,"height":1020},{"@type":"BreadcrumbList","@id":"https:\/\/carameloscerdan.com\/fr\/bonbons-de-noel\/gouttes-pop-energetiques\/#breadcrumb","itemListElement":[{"@type":"ListItem","position":1,"name":"Home","item":"https:\/\/carameloscerdan.com\/fr\/"},{"@type":"ListItem","position":2,"name":"Shop","item":"https:\/\/carameloscerdan.com\/shop\/"},{"@type":"ListItem","position":3,"name":"Gouttes pop \u00e9nerg\u00e9tiques"}]},{"@type":"WebSite","@id":"https:\/\/carameloscerdan.com\/#website","url":"https:\/\/carameloscerdan.com\/","name":"Caramelos Cerd\u00e1n","description":"F\u00e1brica de caramelos","potentialAction":[{"@type":"SearchAction","target":{"@type":"EntryPoint","urlTemplate":"https:\/\/carameloscerdan.com\/?s={search_term_string}"},"query-input":{"@type":"PropertyValueSpecification","valueRequired":true,"valueName":"search_term_string"}}],"inLanguage":"fr-FR"}]}},"_links":{"self":[{"href":"https:\/\/carameloscerdan.com\/fr\/wp-json\/wp\/v2\/product\/7009","targetHints":{"allow":["GET"]}}],"collection":[{"href":"https:\/\/carameloscerdan.com\/fr\/wp-json\/wp\/v2\/product"}],"about":[{"href":"https:\/\/carameloscerdan.com\/fr\/wp-json\/wp\/v2\/types\/product"}],"wp:featuredmedia":[{"embeddable":true,"href":"https:\/\/carameloscerdan.com\/fr\/wp-json\/wp\/v2\/media\/6368"}],"wp:attachment":[{"href":"https:\/\/carameloscerdan.com\/fr\/wp-json\/wp\/v2\/media?parent=7009"}],"wp:term":[{"taxonomy":"product_cat","embeddable":true,"href":"https:\/\/carameloscerdan.com\/fr\/wp-json\/wp\/v2\/product_cat?post=7009"},{"taxonomy":"product_tag","embeddable":true,"href":"https:\/\/carameloscerdan.com\/fr\/wp-json\/wp\/v2\/product_tag?post=7009"}],"curies":[{"name":"wp","href":"https:\/\/api.w.org\/{rel}","templated":true}]}}