{"id":7007,"date":"2024-12-18T10:01:12","date_gmt":"2024-12-18T10:01:12","guid":{"rendered":"https:\/\/carameloscerdan.com\/non%20class\u00e9\/pika-pop\/"},"modified":"2025-05-20T14:39:11","modified_gmt":"2025-05-20T14:39:11","slug":"pika-pop","status":"publish","type":"product","link":"https:\/\/carameloscerdan.com\/fr\/bonbons-pour-fetes-et-evenements\/pika-pop\/","title":{"rendered":"Pika pop"},"content":{"rendered":"<p>Bonbon dur sur un b\u00e2ton recouvert de soda, aux saveurs diff\u00e9rentes. Sans gluten, sans allerg\u00e8ne et convient aux v\u00e9g\u00e9taliens.<\/p>\n","protected":false},"excerpt":{"rendered":"<p>Bonbon dur sur un b\u00e2ton recouvert de soda, aux saveurs diff\u00e9rentes. Sans gluten, sans allerg\u00e8ne et convient aux v\u00e9g\u00e9taliens.<\/p>\n","protected":false},"featured_media":6372,"template":"","meta":[],"product_cat":[645,654,655,656,647,649,112,648],"product_tag":[],"class_list":{"0":"post-7007","1":"product","2":"type-product","3":"status-publish","4":"has-post-thumbnail","6":"product_cat-bonbons-danniversaire","7":"product_cat-bonbons-de-bapteme","8":"product_cat-bonbons-de-mariage","9":"product_cat-bonbons-pour-fetes-et-evenements","10":"product_cat-bonbons-pour-la-communion","11":"product_cat-des-bonbons-pour-le-carnaval","12":"product_cat-notre-marque","13":"product_cat-sucettes","14":"pa_envase-sac","15":"pa_familia-caramelo-duro-fr","16":"pa_formato-sucer","17":"pa_peso-68-fr","18":"pa_sabor-cerise","19":"pa_sabor-citron","20":"pa_sabor-cola-fr","21":"pa_sabor-orange-fr","23":"first","24":"instock","25":"featured","26":"shipping-taxable","27":"product-type-simple"},"yoast_head":"<!-- This site is optimized with the Yoast SEO plugin v25.1 - https:\/\/yoast.com\/wordpress\/plugins\/seo\/ -->\n<title>Pika pop - Caramelos Cerd\u00e1n<\/title>\n<meta name=\"robots\" content=\"index, follow, max-snippet:-1, max-image-preview:large, max-video-preview:-1\" \/>\n<link rel=\"canonical\" href=\"https:\/\/carameloscerdan.com\/fr\/bonbons-pour-fetes-et-evenements\/pika-pop\/\" \/>\n<meta property=\"og:locale\" content=\"fr_FR\" \/>\n<meta property=\"og:type\" content=\"article\" \/>\n<meta property=\"og:title\" content=\"Pika pop - Caramelos Cerd\u00e1n\" \/>\n<meta property=\"og:description\" content=\"Bonbon dur sur un b\u00e2ton recouvert de soda, aux saveurs diff\u00e9rentes. Sans gluten, sans allerg\u00e8ne et convient aux v\u00e9g\u00e9taliens.\" \/>\n<meta property=\"og:url\" content=\"https:\/\/carameloscerdan.com\/fr\/bonbons-pour-fetes-et-evenements\/pika-pop\/\" \/>\n<meta property=\"og:site_name\" content=\"Caramelos Cerd\u00e1n\" \/>\n<meta property=\"article:modified_time\" content=\"2025-05-20T14:39:11+00:00\" \/>\n<meta property=\"og:image\" content=\"https:\/\/carameloscerdan.com\/wp-content\/uploads\/2024\/12\/7b8137b2-fd92-4702-a638-800441bb9cd6.png\" \/>\n\t<meta property=\"og:image:width\" content=\"1152\" \/>\n\t<meta property=\"og:image:height\" content=\"978\" \/>\n\t<meta property=\"og:image:type\" content=\"image\/png\" \/>\n<meta name=\"twitter:card\" content=\"summary_large_image\" \/>\n<script type=\"application\/ld+json\" class=\"yoast-schema-graph\">{\"@context\":\"https:\/\/schema.org\",\"@graph\":[{\"@type\":\"WebPage\",\"@id\":\"https:\/\/carameloscerdan.com\/fr\/bonbons-pour-fetes-et-evenements\/pika-pop\/\",\"url\":\"https:\/\/carameloscerdan.com\/fr\/bonbons-pour-fetes-et-evenements\/pika-pop\/\",\"name\":\"Pika pop - Caramelos Cerd\u00e1n\",\"isPartOf\":{\"@id\":\"https:\/\/carameloscerdan.com\/#website\"},\"primaryImageOfPage\":{\"@id\":\"https:\/\/carameloscerdan.com\/fr\/bonbons-pour-fetes-et-evenements\/pika-pop\/#primaryimage\"},\"image\":{\"@id\":\"https:\/\/carameloscerdan.com\/fr\/bonbons-pour-fetes-et-evenements\/pika-pop\/#primaryimage\"},\"thumbnailUrl\":\"https:\/\/carameloscerdan.com\/wp-content\/uploads\/2024\/12\/7b8137b2-fd92-4702-a638-800441bb9cd6.png\",\"datePublished\":\"2024-12-18T10:01:12+00:00\",\"dateModified\":\"2025-05-20T14:39:11+00:00\",\"breadcrumb\":{\"@id\":\"https:\/\/carameloscerdan.com\/fr\/bonbons-pour-fetes-et-evenements\/pika-pop\/#breadcrumb\"},\"inLanguage\":\"fr-FR\",\"potentialAction\":[{\"@type\":\"ReadAction\",\"target\":[\"https:\/\/carameloscerdan.com\/fr\/bonbons-pour-fetes-et-evenements\/pika-pop\/\"]}]},{\"@type\":\"ImageObject\",\"inLanguage\":\"fr-FR\",\"@id\":\"https:\/\/carameloscerdan.com\/fr\/bonbons-pour-fetes-et-evenements\/pika-pop\/#primaryimage\",\"url\":\"https:\/\/carameloscerdan.com\/wp-content\/uploads\/2024\/12\/7b8137b2-fd92-4702-a638-800441bb9cd6.png\",\"contentUrl\":\"https:\/\/carameloscerdan.com\/wp-content\/uploads\/2024\/12\/7b8137b2-fd92-4702-a638-800441bb9cd6.png\",\"width\":1152,\"height\":978},{\"@type\":\"BreadcrumbList\",\"@id\":\"https:\/\/carameloscerdan.com\/fr\/bonbons-pour-fetes-et-evenements\/pika-pop\/#breadcrumb\",\"itemListElement\":[{\"@type\":\"ListItem\",\"position\":1,\"name\":\"Home\",\"item\":\"https:\/\/carameloscerdan.com\/fr\/\"},{\"@type\":\"ListItem\",\"position\":2,\"name\":\"Shop\",\"item\":\"https:\/\/carameloscerdan.com\/shop\/\"},{\"@type\":\"ListItem\",\"position\":3,\"name\":\"Pika pop\"}]},{\"@type\":\"WebSite\",\"@id\":\"https:\/\/carameloscerdan.com\/#website\",\"url\":\"https:\/\/carameloscerdan.com\/\",\"name\":\"Caramelos Cerd\u00e1n\",\"description\":\"F\u00e1brica de caramelos\",\"potentialAction\":[{\"@type\":\"SearchAction\",\"target\":{\"@type\":\"EntryPoint\",\"urlTemplate\":\"https:\/\/carameloscerdan.com\/?s={search_term_string}\"},\"query-input\":{\"@type\":\"PropertyValueSpecification\",\"valueRequired\":true,\"valueName\":\"search_term_string\"}}],\"inLanguage\":\"fr-FR\"}]}<\/script>\n<!-- \/ Yoast SEO plugin. -->","yoast_head_json":{"title":"Pika pop - Caramelos Cerd\u00e1n","robots":{"index":"index","follow":"follow","max-snippet":"max-snippet:-1","max-image-preview":"max-image-preview:large","max-video-preview":"max-video-preview:-1"},"canonical":"https:\/\/carameloscerdan.com\/fr\/bonbons-pour-fetes-et-evenements\/pika-pop\/","og_locale":"fr_FR","og_type":"article","og_title":"Pika pop - Caramelos Cerd\u00e1n","og_description":"Bonbon dur sur un b\u00e2ton recouvert de soda, aux saveurs diff\u00e9rentes. Sans gluten, sans allerg\u00e8ne et convient aux v\u00e9g\u00e9taliens.","og_url":"https:\/\/carameloscerdan.com\/fr\/bonbons-pour-fetes-et-evenements\/pika-pop\/","og_site_name":"Caramelos Cerd\u00e1n","article_modified_time":"2025-05-20T14:39:11+00:00","og_image":[{"width":1152,"height":978,"url":"https:\/\/carameloscerdan.com\/wp-content\/uploads\/2024\/12\/7b8137b2-fd92-4702-a638-800441bb9cd6.png","type":"image\/png"}],"twitter_card":"summary_large_image","schema":{"@context":"https:\/\/schema.org","@graph":[{"@type":"WebPage","@id":"https:\/\/carameloscerdan.com\/fr\/bonbons-pour-fetes-et-evenements\/pika-pop\/","url":"https:\/\/carameloscerdan.com\/fr\/bonbons-pour-fetes-et-evenements\/pika-pop\/","name":"Pika pop - Caramelos Cerd\u00e1n","isPartOf":{"@id":"https:\/\/carameloscerdan.com\/#website"},"primaryImageOfPage":{"@id":"https:\/\/carameloscerdan.com\/fr\/bonbons-pour-fetes-et-evenements\/pika-pop\/#primaryimage"},"image":{"@id":"https:\/\/carameloscerdan.com\/fr\/bonbons-pour-fetes-et-evenements\/pika-pop\/#primaryimage"},"thumbnailUrl":"https:\/\/carameloscerdan.com\/wp-content\/uploads\/2024\/12\/7b8137b2-fd92-4702-a638-800441bb9cd6.png","datePublished":"2024-12-18T10:01:12+00:00","dateModified":"2025-05-20T14:39:11+00:00","breadcrumb":{"@id":"https:\/\/carameloscerdan.com\/fr\/bonbons-pour-fetes-et-evenements\/pika-pop\/#breadcrumb"},"inLanguage":"fr-FR","potentialAction":[{"@type":"ReadAction","target":["https:\/\/carameloscerdan.com\/fr\/bonbons-pour-fetes-et-evenements\/pika-pop\/"]}]},{"@type":"ImageObject","inLanguage":"fr-FR","@id":"https:\/\/carameloscerdan.com\/fr\/bonbons-pour-fetes-et-evenements\/pika-pop\/#primaryimage","url":"https:\/\/carameloscerdan.com\/wp-content\/uploads\/2024\/12\/7b8137b2-fd92-4702-a638-800441bb9cd6.png","contentUrl":"https:\/\/carameloscerdan.com\/wp-content\/uploads\/2024\/12\/7b8137b2-fd92-4702-a638-800441bb9cd6.png","width":1152,"height":978},{"@type":"BreadcrumbList","@id":"https:\/\/carameloscerdan.com\/fr\/bonbons-pour-fetes-et-evenements\/pika-pop\/#breadcrumb","itemListElement":[{"@type":"ListItem","position":1,"name":"Home","item":"https:\/\/carameloscerdan.com\/fr\/"},{"@type":"ListItem","position":2,"name":"Shop","item":"https:\/\/carameloscerdan.com\/shop\/"},{"@type":"ListItem","position":3,"name":"Pika pop"}]},{"@type":"WebSite","@id":"https:\/\/carameloscerdan.com\/#website","url":"https:\/\/carameloscerdan.com\/","name":"Caramelos Cerd\u00e1n","description":"F\u00e1brica de caramelos","potentialAction":[{"@type":"SearchAction","target":{"@type":"EntryPoint","urlTemplate":"https:\/\/carameloscerdan.com\/?s={search_term_string}"},"query-input":{"@type":"PropertyValueSpecification","valueRequired":true,"valueName":"search_term_string"}}],"inLanguage":"fr-FR"}]}},"_links":{"self":[{"href":"https:\/\/carameloscerdan.com\/fr\/wp-json\/wp\/v2\/product\/7007","targetHints":{"allow":["GET"]}}],"collection":[{"href":"https:\/\/carameloscerdan.com\/fr\/wp-json\/wp\/v2\/product"}],"about":[{"href":"https:\/\/carameloscerdan.com\/fr\/wp-json\/wp\/v2\/types\/product"}],"wp:featuredmedia":[{"embeddable":true,"href":"https:\/\/carameloscerdan.com\/fr\/wp-json\/wp\/v2\/media\/6372"}],"wp:attachment":[{"href":"https:\/\/carameloscerdan.com\/fr\/wp-json\/wp\/v2\/media?parent=7007"}],"wp:term":[{"taxonomy":"product_cat","embeddable":true,"href":"https:\/\/carameloscerdan.com\/fr\/wp-json\/wp\/v2\/product_cat?post=7007"},{"taxonomy":"product_tag","embeddable":true,"href":"https:\/\/carameloscerdan.com\/fr\/wp-json\/wp\/v2\/product_tag?post=7007"}],"curies":[{"name":"wp","href":"https:\/\/api.w.org\/{rel}","templated":true}]}}