{"id":6983,"date":"2025-04-24T10:47:59","date_gmt":"2025-04-24T10:47:59","guid":{"rendered":"https:\/\/carameloscerdan.com\/sin%20categor\u00eda\/6983\/"},"modified":"2025-05-21T06:51:06","modified_gmt":"2025-05-21T06:51:06","slug":"bouchees-de-gateau-mini-bonbons-a-batonnet","status":"publish","type":"product","link":"https:\/\/carameloscerdan.com\/fr\/bonbons-pour-fetes-et-evenements\/bouchees-de-gateau-mini-bonbons-a-batonnet\/","title":{"rendered":"Bouch\u00e9es de g\u00e2teau &#8211; Mini bonbons \u00e0 b\u00e2tonnet"},"content":{"rendered":"<p class=\"\" data-start=\"103\" data-end=\"169\">Petit sachet de mini sucettes aux quatre saveurs diff\u00e9rentes:<\/p>\n<ul>\n<li data-start=\"173\" data-end=\"199\">Saveur flan \u00e0 la vanille<\/li>\n<li data-start=\"202\" data-end=\"233\">Saveur biscuit cacao et cr\u00e8me<\/li>\n<li data-start=\"236\" data-end=\"263\">Saveur tarte au sp\u00e9culoos<\/li>\n<li data-start=\"266\" data-end=\"285\">Saveur cheesecake<\/li>\n<\/ul>\n","protected":false},"excerpt":{"rendered":"<p class=\"\" data-start=\"103\" data-end=\"169\">Petit sachet de mini sucettes aux quatre saveurs diff\u00e9rentes:<\/p>\n<ul>\n<li data-start=\"173\" data-end=\"199\">Saveur flan \u00e0 la vanille<\/li>\n<li data-start=\"202\" data-end=\"233\">Saveur biscuit cacao et cr\u00e8me<\/li>\n<li data-start=\"236\" data-end=\"263\">Saveur tarte au sp\u00e9culoos<\/li>\n<li data-start=\"266\" data-end=\"285\">Saveur cheesecake<\/li>\n<\/ul>\n","protected":false},"featured_media":6761,"template":"","meta":[],"product_cat":[645,654,655,656,647,649,646,112,648],"product_tag":[],"class_list":{"0":"post-6983","1":"product","2":"type-product","3":"status-publish","4":"has-post-thumbnail","6":"product_cat-bonbons-danniversaire","7":"product_cat-bonbons-de-bapteme","8":"product_cat-bonbons-de-mariage","9":"product_cat-bonbons-pour-fetes-et-evenements","10":"product_cat-bonbons-pour-la-communion","11":"product_cat-des-bonbons-pour-le-carnaval","12":"product_cat-des-bonbons-pour-le-defile","13":"product_cat-notre-marque","14":"product_cat-sucettes","15":"pa_envase-etui-petit","16":"pa_envase-sac","17":"pa_familia-caramelo-duro-fr","18":"pa_familia-caramelos-fr","19":"pa_formato-bonbons","20":"pa_formato-sucer","21":"pa_peso-56-g-fr","22":"pa_sabor-biscuit-au-cacao-et-a-la-creme","23":"pa_sabor-creme-anglaise-a-la-vanille","24":"pa_sabor-gateau-au-fromage","25":"pa_sabor-gateau-aux-speculoos","27":"first","28":"instock","29":"shipping-taxable","30":"product-type-simple"},"yoast_head":"<!-- This site is optimized with the Yoast SEO plugin v25.1 - https:\/\/yoast.com\/wordpress\/plugins\/seo\/ -->\n<title>Bouch\u00e9es de g\u00e2teau - Mini bonbons \u00e0 b\u00e2tonnet - Caramelos Cerd\u00e1n<\/title>\n<meta name=\"robots\" content=\"index, follow, max-snippet:-1, max-image-preview:large, max-video-preview:-1\" \/>\n<link rel=\"canonical\" href=\"https:\/\/carameloscerdan.com\/fr\/bonbons-pour-fetes-et-evenements\/bouchees-de-gateau-mini-bonbons-a-batonnet\/\" \/>\n<meta property=\"og:locale\" content=\"fr_FR\" \/>\n<meta property=\"og:type\" content=\"article\" \/>\n<meta property=\"og:title\" content=\"Bouch\u00e9es de g\u00e2teau - Mini bonbons \u00e0 b\u00e2tonnet - Caramelos Cerd\u00e1n\" \/>\n<meta property=\"og:description\" content=\"Petit sachet de mini sucettes aux quatre saveurs diff\u00e9rentes:    Saveur flan \u00e0 la vanille  Saveur biscuit cacao et cr\u00e8me  Saveur tarte au sp\u00e9culoos  Saveur cheesecake\" \/>\n<meta property=\"og:url\" content=\"https:\/\/carameloscerdan.com\/fr\/bonbons-pour-fetes-et-evenements\/bouchees-de-gateau-mini-bonbons-a-batonnet\/\" \/>\n<meta property=\"og:site_name\" content=\"Caramelos Cerd\u00e1n\" \/>\n<meta property=\"article:modified_time\" content=\"2025-05-21T06:51:06+00:00\" \/>\n<meta property=\"og:image\" content=\"https:\/\/carameloscerdan.com\/wp-content\/uploads\/2025\/03\/cake-bites-bolsita-12ud-1.png\" \/>\n\t<meta property=\"og:image:width\" content=\"920\" \/>\n\t<meta property=\"og:image:height\" content=\"1006\" \/>\n\t<meta property=\"og:image:type\" content=\"image\/png\" \/>\n<meta name=\"twitter:card\" content=\"summary_large_image\" \/>\n<meta name=\"twitter:label1\" content=\"Dur\u00e9e de lecture estim\u00e9e\" \/>\n\t<meta name=\"twitter:data1\" content=\"1 minute\" \/>\n<script type=\"application\/ld+json\" class=\"yoast-schema-graph\">{\"@context\":\"https:\/\/schema.org\",\"@graph\":[{\"@type\":\"WebPage\",\"@id\":\"https:\/\/carameloscerdan.com\/fr\/bonbons-pour-fetes-et-evenements\/bouchees-de-gateau-mini-bonbons-a-batonnet\/\",\"url\":\"https:\/\/carameloscerdan.com\/fr\/bonbons-pour-fetes-et-evenements\/bouchees-de-gateau-mini-bonbons-a-batonnet\/\",\"name\":\"Bouch\u00e9es de g\u00e2teau - Mini bonbons \u00e0 b\u00e2tonnet - Caramelos Cerd\u00e1n\",\"isPartOf\":{\"@id\":\"https:\/\/carameloscerdan.com\/#website\"},\"primaryImageOfPage\":{\"@id\":\"https:\/\/carameloscerdan.com\/fr\/bonbons-pour-fetes-et-evenements\/bouchees-de-gateau-mini-bonbons-a-batonnet\/#primaryimage\"},\"image\":{\"@id\":\"https:\/\/carameloscerdan.com\/fr\/bonbons-pour-fetes-et-evenements\/bouchees-de-gateau-mini-bonbons-a-batonnet\/#primaryimage\"},\"thumbnailUrl\":\"https:\/\/carameloscerdan.com\/wp-content\/uploads\/2025\/03\/cake-bites-bolsita-12ud-1.png\",\"datePublished\":\"2025-04-24T10:47:59+00:00\",\"dateModified\":\"2025-05-21T06:51:06+00:00\",\"breadcrumb\":{\"@id\":\"https:\/\/carameloscerdan.com\/fr\/bonbons-pour-fetes-et-evenements\/bouchees-de-gateau-mini-bonbons-a-batonnet\/#breadcrumb\"},\"inLanguage\":\"fr-FR\",\"potentialAction\":[{\"@type\":\"ReadAction\",\"target\":[\"https:\/\/carameloscerdan.com\/fr\/bonbons-pour-fetes-et-evenements\/bouchees-de-gateau-mini-bonbons-a-batonnet\/\"]}]},{\"@type\":\"ImageObject\",\"inLanguage\":\"fr-FR\",\"@id\":\"https:\/\/carameloscerdan.com\/fr\/bonbons-pour-fetes-et-evenements\/bouchees-de-gateau-mini-bonbons-a-batonnet\/#primaryimage\",\"url\":\"https:\/\/carameloscerdan.com\/wp-content\/uploads\/2025\/03\/cake-bites-bolsita-12ud-1.png\",\"contentUrl\":\"https:\/\/carameloscerdan.com\/wp-content\/uploads\/2025\/03\/cake-bites-bolsita-12ud-1.png\",\"width\":920,\"height\":1006},{\"@type\":\"BreadcrumbList\",\"@id\":\"https:\/\/carameloscerdan.com\/fr\/bonbons-pour-fetes-et-evenements\/bouchees-de-gateau-mini-bonbons-a-batonnet\/#breadcrumb\",\"itemListElement\":[{\"@type\":\"ListItem\",\"position\":1,\"name\":\"Home\",\"item\":\"https:\/\/carameloscerdan.com\/fr\/\"},{\"@type\":\"ListItem\",\"position\":2,\"name\":\"Shop\",\"item\":\"https:\/\/carameloscerdan.com\/shop\/\"},{\"@type\":\"ListItem\",\"position\":3,\"name\":\"Bouch\u00e9es de g\u00e2teau &#8211; Mini bonbons \u00e0 b\u00e2tonnet\"}]},{\"@type\":\"WebSite\",\"@id\":\"https:\/\/carameloscerdan.com\/#website\",\"url\":\"https:\/\/carameloscerdan.com\/\",\"name\":\"Caramelos Cerd\u00e1n\",\"description\":\"F\u00e1brica de caramelos\",\"potentialAction\":[{\"@type\":\"SearchAction\",\"target\":{\"@type\":\"EntryPoint\",\"urlTemplate\":\"https:\/\/carameloscerdan.com\/?s={search_term_string}\"},\"query-input\":{\"@type\":\"PropertyValueSpecification\",\"valueRequired\":true,\"valueName\":\"search_term_string\"}}],\"inLanguage\":\"fr-FR\"}]}<\/script>\n<!-- \/ Yoast SEO plugin. -->","yoast_head_json":{"title":"Bouch\u00e9es de g\u00e2teau - Mini bonbons \u00e0 b\u00e2tonnet - Caramelos Cerd\u00e1n","robots":{"index":"index","follow":"follow","max-snippet":"max-snippet:-1","max-image-preview":"max-image-preview:large","max-video-preview":"max-video-preview:-1"},"canonical":"https:\/\/carameloscerdan.com\/fr\/bonbons-pour-fetes-et-evenements\/bouchees-de-gateau-mini-bonbons-a-batonnet\/","og_locale":"fr_FR","og_type":"article","og_title":"Bouch\u00e9es de g\u00e2teau - Mini bonbons \u00e0 b\u00e2tonnet - Caramelos Cerd\u00e1n","og_description":"Petit sachet de mini sucettes aux quatre saveurs diff\u00e9rentes:    Saveur flan \u00e0 la vanille  Saveur biscuit cacao et cr\u00e8me  Saveur tarte au sp\u00e9culoos  Saveur cheesecake","og_url":"https:\/\/carameloscerdan.com\/fr\/bonbons-pour-fetes-et-evenements\/bouchees-de-gateau-mini-bonbons-a-batonnet\/","og_site_name":"Caramelos Cerd\u00e1n","article_modified_time":"2025-05-21T06:51:06+00:00","og_image":[{"width":920,"height":1006,"url":"https:\/\/carameloscerdan.com\/wp-content\/uploads\/2025\/03\/cake-bites-bolsita-12ud-1.png","type":"image\/png"}],"twitter_card":"summary_large_image","twitter_misc":{"Dur\u00e9e de lecture estim\u00e9e":"1 minute"},"schema":{"@context":"https:\/\/schema.org","@graph":[{"@type":"WebPage","@id":"https:\/\/carameloscerdan.com\/fr\/bonbons-pour-fetes-et-evenements\/bouchees-de-gateau-mini-bonbons-a-batonnet\/","url":"https:\/\/carameloscerdan.com\/fr\/bonbons-pour-fetes-et-evenements\/bouchees-de-gateau-mini-bonbons-a-batonnet\/","name":"Bouch\u00e9es de g\u00e2teau - Mini bonbons \u00e0 b\u00e2tonnet - Caramelos Cerd\u00e1n","isPartOf":{"@id":"https:\/\/carameloscerdan.com\/#website"},"primaryImageOfPage":{"@id":"https:\/\/carameloscerdan.com\/fr\/bonbons-pour-fetes-et-evenements\/bouchees-de-gateau-mini-bonbons-a-batonnet\/#primaryimage"},"image":{"@id":"https:\/\/carameloscerdan.com\/fr\/bonbons-pour-fetes-et-evenements\/bouchees-de-gateau-mini-bonbons-a-batonnet\/#primaryimage"},"thumbnailUrl":"https:\/\/carameloscerdan.com\/wp-content\/uploads\/2025\/03\/cake-bites-bolsita-12ud-1.png","datePublished":"2025-04-24T10:47:59+00:00","dateModified":"2025-05-21T06:51:06+00:00","breadcrumb":{"@id":"https:\/\/carameloscerdan.com\/fr\/bonbons-pour-fetes-et-evenements\/bouchees-de-gateau-mini-bonbons-a-batonnet\/#breadcrumb"},"inLanguage":"fr-FR","potentialAction":[{"@type":"ReadAction","target":["https:\/\/carameloscerdan.com\/fr\/bonbons-pour-fetes-et-evenements\/bouchees-de-gateau-mini-bonbons-a-batonnet\/"]}]},{"@type":"ImageObject","inLanguage":"fr-FR","@id":"https:\/\/carameloscerdan.com\/fr\/bonbons-pour-fetes-et-evenements\/bouchees-de-gateau-mini-bonbons-a-batonnet\/#primaryimage","url":"https:\/\/carameloscerdan.com\/wp-content\/uploads\/2025\/03\/cake-bites-bolsita-12ud-1.png","contentUrl":"https:\/\/carameloscerdan.com\/wp-content\/uploads\/2025\/03\/cake-bites-bolsita-12ud-1.png","width":920,"height":1006},{"@type":"BreadcrumbList","@id":"https:\/\/carameloscerdan.com\/fr\/bonbons-pour-fetes-et-evenements\/bouchees-de-gateau-mini-bonbons-a-batonnet\/#breadcrumb","itemListElement":[{"@type":"ListItem","position":1,"name":"Home","item":"https:\/\/carameloscerdan.com\/fr\/"},{"@type":"ListItem","position":2,"name":"Shop","item":"https:\/\/carameloscerdan.com\/shop\/"},{"@type":"ListItem","position":3,"name":"Bouch\u00e9es de g\u00e2teau &#8211; Mini bonbons \u00e0 b\u00e2tonnet"}]},{"@type":"WebSite","@id":"https:\/\/carameloscerdan.com\/#website","url":"https:\/\/carameloscerdan.com\/","name":"Caramelos Cerd\u00e1n","description":"F\u00e1brica de caramelos","potentialAction":[{"@type":"SearchAction","target":{"@type":"EntryPoint","urlTemplate":"https:\/\/carameloscerdan.com\/?s={search_term_string}"},"query-input":{"@type":"PropertyValueSpecification","valueRequired":true,"valueName":"search_term_string"}}],"inLanguage":"fr-FR"}]}},"_links":{"self":[{"href":"https:\/\/carameloscerdan.com\/fr\/wp-json\/wp\/v2\/product\/6983","targetHints":{"allow":["GET"]}}],"collection":[{"href":"https:\/\/carameloscerdan.com\/fr\/wp-json\/wp\/v2\/product"}],"about":[{"href":"https:\/\/carameloscerdan.com\/fr\/wp-json\/wp\/v2\/types\/product"}],"wp:featuredmedia":[{"embeddable":true,"href":"https:\/\/carameloscerdan.com\/fr\/wp-json\/wp\/v2\/media\/6761"}],"wp:attachment":[{"href":"https:\/\/carameloscerdan.com\/fr\/wp-json\/wp\/v2\/media?parent=6983"}],"wp:term":[{"taxonomy":"product_cat","embeddable":true,"href":"https:\/\/carameloscerdan.com\/fr\/wp-json\/wp\/v2\/product_cat?post=6983"},{"taxonomy":"product_tag","embeddable":true,"href":"https:\/\/carameloscerdan.com\/fr\/wp-json\/wp\/v2\/product_tag?post=6983"}],"curies":[{"name":"wp","href":"https:\/\/api.w.org\/{rel}","templated":true}]}}