{"id":6896,"date":"2025-04-24T12:42:36","date_gmt":"2025-04-24T12:42:37","guid":{"rendered":"https:\/\/carameloscerdan.com\/?post_type=product&#038;p=6896"},"modified":"2025-05-21T07:18:21","modified_gmt":"2025-05-21T07:18:21","slug":"sucettes-bio","status":"publish","type":"product","link":"https:\/\/carameloscerdan.com\/fr\/bonbons-pour-fetes-et-evenements\/sucettes-bio\/","title":{"rendered":"Sucettes Bio"},"content":{"rendered":"<p>Sucettes de forme ronde, en format biologique. En sachets de format \u00ab Doy pack \u00bb avec 8 saveurs diff\u00e9rentes. Sans allerg\u00e8nes, sans gluten et adapt\u00e9es aux v\u00e9g\u00e9taliens.<\/p>\n","protected":false},"excerpt":{"rendered":"<p>Sucettes de forme ronde, en format biologique. En sachets de format \u00ab Doy pack \u00bb avec 8 saveurs diff\u00e9rentes. Sans allerg\u00e8nes, sans gluten et adapt\u00e9es aux v\u00e9g\u00e9taliens.<\/p>\n","protected":false},"featured_media":6905,"template":"","meta":[],"product_cat":[645,654,655,656,649,646,112,115,648],"product_tag":[],"class_list":{"0":"post-6896","1":"product","2":"type-product","3":"status-publish","4":"has-post-thumbnail","6":"product_cat-bonbons-danniversaire","7":"product_cat-bonbons-de-bapteme","8":"product_cat-bonbons-de-mariage","9":"product_cat-bonbons-pour-fetes-et-evenements","10":"product_cat-des-bonbons-pour-le-carnaval","11":"product_cat-des-bonbons-pour-le-defile","12":"product_cat-notre-marque","13":"product_cat-sin-categoria-fr","14":"product_cat-sucettes","15":"pa_envase-sac","16":"pa_familia-caramelo-duro-fr","17":"pa_formato-sucette","18":"pa_peso-56-g-fr","19":"pa_sabor-cerise","20":"pa_sabor-fraise","21":"pa_sabor-mure","22":"pa_sabor-myrtille","23":"pa_sabor-pasteque","24":"pa_sabor-peche","25":"pa_sabor-raisin","27":"first","28":"instock","29":"product-type-simple"},"yoast_head":"<!-- This site is optimized with the Yoast SEO plugin v25.1 - https:\/\/yoast.com\/wordpress\/plugins\/seo\/ -->\n<title>Sucettes Bio - Caramelos Cerd\u00e1n<\/title>\n<meta name=\"robots\" content=\"index, follow, max-snippet:-1, max-image-preview:large, max-video-preview:-1\" \/>\n<link rel=\"canonical\" href=\"https:\/\/carameloscerdan.com\/fr\/bonbons-pour-fetes-et-evenements\/sucettes-bio\/\" \/>\n<meta property=\"og:locale\" content=\"fr_FR\" \/>\n<meta property=\"og:type\" content=\"article\" \/>\n<meta property=\"og:title\" content=\"Sucettes Bio - Caramelos Cerd\u00e1n\" \/>\n<meta property=\"og:description\" content=\"Sucettes de forme ronde, en format biologique. En sachets de format \u00ab Doy pack \u00bb avec 8 saveurs diff\u00e9rentes. Sans allerg\u00e8nes, sans gluten et adapt\u00e9es aux v\u00e9g\u00e9taliens.\" \/>\n<meta property=\"og:url\" content=\"https:\/\/carameloscerdan.com\/fr\/bonbons-pour-fetes-et-evenements\/sucettes-bio\/\" \/>\n<meta property=\"og:site_name\" content=\"Caramelos Cerd\u00e1n\" \/>\n<meta property=\"article:modified_time\" content=\"2025-05-21T07:18:21+00:00\" \/>\n<meta property=\"og:image\" content=\"https:\/\/carameloscerdan.com\/wp-content\/uploads\/2025\/04\/cerdan-organic-doypack-copia.png\" \/>\n\t<meta property=\"og:image:width\" content=\"1\" \/>\n\t<meta property=\"og:image:height\" content=\"1\" \/>\n\t<meta property=\"og:image:type\" content=\"image\/png\" \/>\n<meta name=\"twitter:card\" content=\"summary_large_image\" \/>\n<meta name=\"twitter:label1\" content=\"Dur\u00e9e de lecture estim\u00e9e\" \/>\n\t<meta name=\"twitter:data1\" content=\"1 minute\" \/>\n<script type=\"application\/ld+json\" class=\"yoast-schema-graph\">{\"@context\":\"https:\/\/schema.org\",\"@graph\":[{\"@type\":\"WebPage\",\"@id\":\"https:\/\/carameloscerdan.com\/fr\/bonbons-pour-fetes-et-evenements\/sucettes-bio\/\",\"url\":\"https:\/\/carameloscerdan.com\/fr\/bonbons-pour-fetes-et-evenements\/sucettes-bio\/\",\"name\":\"Sucettes Bio - Caramelos Cerd\u00e1n\",\"isPartOf\":{\"@id\":\"https:\/\/carameloscerdan.com\/#website\"},\"primaryImageOfPage\":{\"@id\":\"https:\/\/carameloscerdan.com\/fr\/bonbons-pour-fetes-et-evenements\/sucettes-bio\/#primaryimage\"},\"image\":{\"@id\":\"https:\/\/carameloscerdan.com\/fr\/bonbons-pour-fetes-et-evenements\/sucettes-bio\/#primaryimage\"},\"thumbnailUrl\":\"https:\/\/carameloscerdan.com\/wp-content\/uploads\/2025\/04\/cerdan-organic-doypack-copia.png\",\"datePublished\":\"2025-04-24T12:42:37+00:00\",\"dateModified\":\"2025-05-21T07:18:21+00:00\",\"breadcrumb\":{\"@id\":\"https:\/\/carameloscerdan.com\/fr\/bonbons-pour-fetes-et-evenements\/sucettes-bio\/#breadcrumb\"},\"inLanguage\":\"fr-FR\",\"potentialAction\":[{\"@type\":\"ReadAction\",\"target\":[\"https:\/\/carameloscerdan.com\/fr\/bonbons-pour-fetes-et-evenements\/sucettes-bio\/\"]}]},{\"@type\":\"ImageObject\",\"inLanguage\":\"fr-FR\",\"@id\":\"https:\/\/carameloscerdan.com\/fr\/bonbons-pour-fetes-et-evenements\/sucettes-bio\/#primaryimage\",\"url\":\"https:\/\/carameloscerdan.com\/wp-content\/uploads\/2025\/04\/cerdan-organic-doypack-copia.png\",\"contentUrl\":\"https:\/\/carameloscerdan.com\/wp-content\/uploads\/2025\/04\/cerdan-organic-doypack-copia.png\"},{\"@type\":\"BreadcrumbList\",\"@id\":\"https:\/\/carameloscerdan.com\/fr\/bonbons-pour-fetes-et-evenements\/sucettes-bio\/#breadcrumb\",\"itemListElement\":[{\"@type\":\"ListItem\",\"position\":1,\"name\":\"Home\",\"item\":\"https:\/\/carameloscerdan.com\/fr\/\"},{\"@type\":\"ListItem\",\"position\":2,\"name\":\"Shop\",\"item\":\"https:\/\/carameloscerdan.com\/shop\/\"},{\"@type\":\"ListItem\",\"position\":3,\"name\":\"Sucettes Bio\"}]},{\"@type\":\"WebSite\",\"@id\":\"https:\/\/carameloscerdan.com\/#website\",\"url\":\"https:\/\/carameloscerdan.com\/\",\"name\":\"Caramelos Cerd\u00e1n\",\"description\":\"F\u00e1brica de caramelos\",\"potentialAction\":[{\"@type\":\"SearchAction\",\"target\":{\"@type\":\"EntryPoint\",\"urlTemplate\":\"https:\/\/carameloscerdan.com\/?s={search_term_string}\"},\"query-input\":{\"@type\":\"PropertyValueSpecification\",\"valueRequired\":true,\"valueName\":\"search_term_string\"}}],\"inLanguage\":\"fr-FR\"}]}<\/script>\n<!-- \/ Yoast SEO plugin. -->","yoast_head_json":{"title":"Sucettes Bio - Caramelos Cerd\u00e1n","robots":{"index":"index","follow":"follow","max-snippet":"max-snippet:-1","max-image-preview":"max-image-preview:large","max-video-preview":"max-video-preview:-1"},"canonical":"https:\/\/carameloscerdan.com\/fr\/bonbons-pour-fetes-et-evenements\/sucettes-bio\/","og_locale":"fr_FR","og_type":"article","og_title":"Sucettes Bio - Caramelos Cerd\u00e1n","og_description":"Sucettes de forme ronde, en format biologique. En sachets de format \u00ab Doy pack \u00bb avec 8 saveurs diff\u00e9rentes. Sans allerg\u00e8nes, sans gluten et adapt\u00e9es aux v\u00e9g\u00e9taliens.","og_url":"https:\/\/carameloscerdan.com\/fr\/bonbons-pour-fetes-et-evenements\/sucettes-bio\/","og_site_name":"Caramelos Cerd\u00e1n","article_modified_time":"2025-05-21T07:18:21+00:00","og_image":[{"url":"https:\/\/carameloscerdan.com\/wp-content\/uploads\/2025\/04\/cerdan-organic-doypack-copia.png","width":1,"height":1,"type":"image\/png"}],"twitter_card":"summary_large_image","twitter_misc":{"Dur\u00e9e de lecture estim\u00e9e":"1 minute"},"schema":{"@context":"https:\/\/schema.org","@graph":[{"@type":"WebPage","@id":"https:\/\/carameloscerdan.com\/fr\/bonbons-pour-fetes-et-evenements\/sucettes-bio\/","url":"https:\/\/carameloscerdan.com\/fr\/bonbons-pour-fetes-et-evenements\/sucettes-bio\/","name":"Sucettes Bio - Caramelos Cerd\u00e1n","isPartOf":{"@id":"https:\/\/carameloscerdan.com\/#website"},"primaryImageOfPage":{"@id":"https:\/\/carameloscerdan.com\/fr\/bonbons-pour-fetes-et-evenements\/sucettes-bio\/#primaryimage"},"image":{"@id":"https:\/\/carameloscerdan.com\/fr\/bonbons-pour-fetes-et-evenements\/sucettes-bio\/#primaryimage"},"thumbnailUrl":"https:\/\/carameloscerdan.com\/wp-content\/uploads\/2025\/04\/cerdan-organic-doypack-copia.png","datePublished":"2025-04-24T12:42:37+00:00","dateModified":"2025-05-21T07:18:21+00:00","breadcrumb":{"@id":"https:\/\/carameloscerdan.com\/fr\/bonbons-pour-fetes-et-evenements\/sucettes-bio\/#breadcrumb"},"inLanguage":"fr-FR","potentialAction":[{"@type":"ReadAction","target":["https:\/\/carameloscerdan.com\/fr\/bonbons-pour-fetes-et-evenements\/sucettes-bio\/"]}]},{"@type":"ImageObject","inLanguage":"fr-FR","@id":"https:\/\/carameloscerdan.com\/fr\/bonbons-pour-fetes-et-evenements\/sucettes-bio\/#primaryimage","url":"https:\/\/carameloscerdan.com\/wp-content\/uploads\/2025\/04\/cerdan-organic-doypack-copia.png","contentUrl":"https:\/\/carameloscerdan.com\/wp-content\/uploads\/2025\/04\/cerdan-organic-doypack-copia.png"},{"@type":"BreadcrumbList","@id":"https:\/\/carameloscerdan.com\/fr\/bonbons-pour-fetes-et-evenements\/sucettes-bio\/#breadcrumb","itemListElement":[{"@type":"ListItem","position":1,"name":"Home","item":"https:\/\/carameloscerdan.com\/fr\/"},{"@type":"ListItem","position":2,"name":"Shop","item":"https:\/\/carameloscerdan.com\/shop\/"},{"@type":"ListItem","position":3,"name":"Sucettes Bio"}]},{"@type":"WebSite","@id":"https:\/\/carameloscerdan.com\/#website","url":"https:\/\/carameloscerdan.com\/","name":"Caramelos Cerd\u00e1n","description":"F\u00e1brica de caramelos","potentialAction":[{"@type":"SearchAction","target":{"@type":"EntryPoint","urlTemplate":"https:\/\/carameloscerdan.com\/?s={search_term_string}"},"query-input":{"@type":"PropertyValueSpecification","valueRequired":true,"valueName":"search_term_string"}}],"inLanguage":"fr-FR"}]}},"_links":{"self":[{"href":"https:\/\/carameloscerdan.com\/fr\/wp-json\/wp\/v2\/product\/6896","targetHints":{"allow":["GET"]}}],"collection":[{"href":"https:\/\/carameloscerdan.com\/fr\/wp-json\/wp\/v2\/product"}],"about":[{"href":"https:\/\/carameloscerdan.com\/fr\/wp-json\/wp\/v2\/types\/product"}],"wp:featuredmedia":[{"embeddable":true,"href":"https:\/\/carameloscerdan.com\/fr\/wp-json\/wp\/v2\/media\/6905"}],"wp:attachment":[{"href":"https:\/\/carameloscerdan.com\/fr\/wp-json\/wp\/v2\/media?parent=6896"}],"wp:term":[{"taxonomy":"product_cat","embeddable":true,"href":"https:\/\/carameloscerdan.com\/fr\/wp-json\/wp\/v2\/product_cat?post=6896"},{"taxonomy":"product_tag","embeddable":true,"href":"https:\/\/carameloscerdan.com\/fr\/wp-json\/wp\/v2\/product_tag?post=6896"}],"curies":[{"name":"wp","href":"https:\/\/api.w.org\/{rel}","templated":true}]}}