{"id":6871,"date":"2025-04-24T12:32:01","date_gmt":"2025-04-24T12:32:03","guid":{"rendered":"https:\/\/carameloscerdan.com\/?post_type=product&#038;p=6871"},"modified":"2025-05-19T12:21:52","modified_gmt":"2025-05-19T12:21:52","slug":"yokolin-gingembre-citron","status":"publish","type":"product","link":"https:\/\/carameloscerdan.com\/fr\/notre-marque\/yokolin-gingembre-citron\/","title":{"rendered":"Yokolin gingembre-citron"},"content":{"rendered":"<p>Bonbon double n\u0153ud saveur gingembre-citron, avec colorants naturels, sans gluten, sans allerg\u00e8nes et convient aux v\u00e9gans. Contient de la vitamine C et 0 % de sucre.<\/p>\n","protected":false},"excerpt":{"rendered":"<p>Bonbon double n\u0153ud saveur gingembre-citron. Contient de la vitamine C et 0 % de sucre.<\/p>\n","protected":false},"featured_media":6874,"template":"","meta":[],"product_cat":[112],"product_tag":[],"class_list":{"0":"post-6871","1":"product","2":"type-product","3":"status-publish","4":"has-post-thumbnail","6":"product_cat-notre-marque","7":"pa_envase-chaine","8":"pa_envase-sac","9":"pa_envase-sachet","10":"pa_familia-caramelos-fr","11":"pa_familia-yokolin-fr","12":"pa_formato-bonbons","13":"pa_peso-32-g-fr","15":"first","16":"instock","17":"product-type-simple"},"yoast_head":"<!-- This site is optimized with the Yoast SEO plugin v25.1 - https:\/\/yoast.com\/wordpress\/plugins\/seo\/ -->\n<title>Yokolin gingembre-citron - Caramelos Cerd\u00e1n<\/title>\n<meta name=\"description\" content=\"Bonbon double n\u0153ud saveur gingembre-citron. Contient de la vitamine C et 0 % de sucre.\" \/>\n<meta name=\"robots\" content=\"index, follow, max-snippet:-1, max-image-preview:large, max-video-preview:-1\" \/>\n<link rel=\"canonical\" href=\"https:\/\/carameloscerdan.com\/fr\/notre-marque\/yokolin-gingembre-citron\/\" \/>\n<meta property=\"og:locale\" content=\"fr_FR\" \/>\n<meta property=\"og:type\" content=\"article\" \/>\n<meta property=\"og:title\" content=\"Yokolin gingembre-citron - Caramelos Cerd\u00e1n\" \/>\n<meta property=\"og:description\" content=\"Bonbon double n\u0153ud saveur gingembre-citron. Contient de la vitamine C et 0 % de sucre.\" \/>\n<meta property=\"og:url\" content=\"https:\/\/carameloscerdan.com\/fr\/notre-marque\/yokolin-gingembre-citron\/\" \/>\n<meta property=\"og:site_name\" content=\"Caramelos Cerd\u00e1n\" \/>\n<meta property=\"article:modified_time\" content=\"2025-05-19T12:21:52+00:00\" \/>\n<meta property=\"og:image\" content=\"https:\/\/carameloscerdan.com\/wp-content\/uploads\/2025\/04\/yokolin-2lazos-32g-S_A-jengibre-y-limon-bolsita-50g-scaled.png\" \/>\n\t<meta property=\"og:image:width\" content=\"2341\" \/>\n\t<meta property=\"og:image:height\" content=\"2560\" \/>\n\t<meta property=\"og:image:type\" content=\"image\/png\" \/>\n<meta name=\"twitter:card\" content=\"summary_large_image\" \/>\n<meta name=\"twitter:label1\" content=\"Dur\u00e9e de lecture estim\u00e9e\" \/>\n\t<meta name=\"twitter:data1\" content=\"1 minute\" \/>\n<script type=\"application\/ld+json\" class=\"yoast-schema-graph\">{\"@context\":\"https:\/\/schema.org\",\"@graph\":[{\"@type\":\"WebPage\",\"@id\":\"https:\/\/carameloscerdan.com\/fr\/notre-marque\/yokolin-gingembre-citron\/\",\"url\":\"https:\/\/carameloscerdan.com\/fr\/notre-marque\/yokolin-gingembre-citron\/\",\"name\":\"Yokolin gingembre-citron - Caramelos Cerd\u00e1n\",\"isPartOf\":{\"@id\":\"https:\/\/carameloscerdan.com\/#website\"},\"primaryImageOfPage\":{\"@id\":\"https:\/\/carameloscerdan.com\/fr\/notre-marque\/yokolin-gingembre-citron\/#primaryimage\"},\"image\":{\"@id\":\"https:\/\/carameloscerdan.com\/fr\/notre-marque\/yokolin-gingembre-citron\/#primaryimage\"},\"thumbnailUrl\":\"https:\/\/carameloscerdan.com\/wp-content\/uploads\/2025\/04\/yokolin-2lazos-32g-S_A-jengibre-y-limon-bolsita-50g-scaled.png\",\"datePublished\":\"2025-04-24T12:32:03+00:00\",\"dateModified\":\"2025-05-19T12:21:52+00:00\",\"description\":\"Bonbon double n\u0153ud saveur gingembre-citron. Contient de la vitamine C et 0 % de sucre.\",\"breadcrumb\":{\"@id\":\"https:\/\/carameloscerdan.com\/fr\/notre-marque\/yokolin-gingembre-citron\/#breadcrumb\"},\"inLanguage\":\"fr-FR\",\"potentialAction\":[{\"@type\":\"ReadAction\",\"target\":[\"https:\/\/carameloscerdan.com\/fr\/notre-marque\/yokolin-gingembre-citron\/\"]}]},{\"@type\":\"ImageObject\",\"inLanguage\":\"fr-FR\",\"@id\":\"https:\/\/carameloscerdan.com\/fr\/notre-marque\/yokolin-gingembre-citron\/#primaryimage\",\"url\":\"https:\/\/carameloscerdan.com\/wp-content\/uploads\/2025\/04\/yokolin-2lazos-32g-S_A-jengibre-y-limon-bolsita-50g-scaled.png\",\"contentUrl\":\"https:\/\/carameloscerdan.com\/wp-content\/uploads\/2025\/04\/yokolin-2lazos-32g-S_A-jengibre-y-limon-bolsita-50g-scaled.png\",\"width\":2341,\"height\":2560},{\"@type\":\"BreadcrumbList\",\"@id\":\"https:\/\/carameloscerdan.com\/fr\/notre-marque\/yokolin-gingembre-citron\/#breadcrumb\",\"itemListElement\":[{\"@type\":\"ListItem\",\"position\":1,\"name\":\"Home\",\"item\":\"https:\/\/carameloscerdan.com\/fr\/\"},{\"@type\":\"ListItem\",\"position\":2,\"name\":\"Shop\",\"item\":\"https:\/\/carameloscerdan.com\/shop\/\"},{\"@type\":\"ListItem\",\"position\":3,\"name\":\"Yokolin gingembre-citron\"}]},{\"@type\":\"WebSite\",\"@id\":\"https:\/\/carameloscerdan.com\/#website\",\"url\":\"https:\/\/carameloscerdan.com\/\",\"name\":\"Caramelos Cerd\u00e1n\",\"description\":\"F\u00e1brica de caramelos\",\"potentialAction\":[{\"@type\":\"SearchAction\",\"target\":{\"@type\":\"EntryPoint\",\"urlTemplate\":\"https:\/\/carameloscerdan.com\/?s={search_term_string}\"},\"query-input\":{\"@type\":\"PropertyValueSpecification\",\"valueRequired\":true,\"valueName\":\"search_term_string\"}}],\"inLanguage\":\"fr-FR\"}]}<\/script>\n<!-- \/ Yoast SEO plugin. -->","yoast_head_json":{"title":"Yokolin gingembre-citron - Caramelos Cerd\u00e1n","description":"Bonbon double n\u0153ud saveur gingembre-citron. Contient de la vitamine C et 0 % de sucre.","robots":{"index":"index","follow":"follow","max-snippet":"max-snippet:-1","max-image-preview":"max-image-preview:large","max-video-preview":"max-video-preview:-1"},"canonical":"https:\/\/carameloscerdan.com\/fr\/notre-marque\/yokolin-gingembre-citron\/","og_locale":"fr_FR","og_type":"article","og_title":"Yokolin gingembre-citron - Caramelos Cerd\u00e1n","og_description":"Bonbon double n\u0153ud saveur gingembre-citron. Contient de la vitamine C et 0 % de sucre.","og_url":"https:\/\/carameloscerdan.com\/fr\/notre-marque\/yokolin-gingembre-citron\/","og_site_name":"Caramelos Cerd\u00e1n","article_modified_time":"2025-05-19T12:21:52+00:00","og_image":[{"width":2341,"height":2560,"url":"https:\/\/carameloscerdan.com\/wp-content\/uploads\/2025\/04\/yokolin-2lazos-32g-S_A-jengibre-y-limon-bolsita-50g-scaled.png","type":"image\/png"}],"twitter_card":"summary_large_image","twitter_misc":{"Dur\u00e9e de lecture estim\u00e9e":"1 minute"},"schema":{"@context":"https:\/\/schema.org","@graph":[{"@type":"WebPage","@id":"https:\/\/carameloscerdan.com\/fr\/notre-marque\/yokolin-gingembre-citron\/","url":"https:\/\/carameloscerdan.com\/fr\/notre-marque\/yokolin-gingembre-citron\/","name":"Yokolin gingembre-citron - Caramelos Cerd\u00e1n","isPartOf":{"@id":"https:\/\/carameloscerdan.com\/#website"},"primaryImageOfPage":{"@id":"https:\/\/carameloscerdan.com\/fr\/notre-marque\/yokolin-gingembre-citron\/#primaryimage"},"image":{"@id":"https:\/\/carameloscerdan.com\/fr\/notre-marque\/yokolin-gingembre-citron\/#primaryimage"},"thumbnailUrl":"https:\/\/carameloscerdan.com\/wp-content\/uploads\/2025\/04\/yokolin-2lazos-32g-S_A-jengibre-y-limon-bolsita-50g-scaled.png","datePublished":"2025-04-24T12:32:03+00:00","dateModified":"2025-05-19T12:21:52+00:00","description":"Bonbon double n\u0153ud saveur gingembre-citron. Contient de la vitamine C et 0 % de sucre.","breadcrumb":{"@id":"https:\/\/carameloscerdan.com\/fr\/notre-marque\/yokolin-gingembre-citron\/#breadcrumb"},"inLanguage":"fr-FR","potentialAction":[{"@type":"ReadAction","target":["https:\/\/carameloscerdan.com\/fr\/notre-marque\/yokolin-gingembre-citron\/"]}]},{"@type":"ImageObject","inLanguage":"fr-FR","@id":"https:\/\/carameloscerdan.com\/fr\/notre-marque\/yokolin-gingembre-citron\/#primaryimage","url":"https:\/\/carameloscerdan.com\/wp-content\/uploads\/2025\/04\/yokolin-2lazos-32g-S_A-jengibre-y-limon-bolsita-50g-scaled.png","contentUrl":"https:\/\/carameloscerdan.com\/wp-content\/uploads\/2025\/04\/yokolin-2lazos-32g-S_A-jengibre-y-limon-bolsita-50g-scaled.png","width":2341,"height":2560},{"@type":"BreadcrumbList","@id":"https:\/\/carameloscerdan.com\/fr\/notre-marque\/yokolin-gingembre-citron\/#breadcrumb","itemListElement":[{"@type":"ListItem","position":1,"name":"Home","item":"https:\/\/carameloscerdan.com\/fr\/"},{"@type":"ListItem","position":2,"name":"Shop","item":"https:\/\/carameloscerdan.com\/shop\/"},{"@type":"ListItem","position":3,"name":"Yokolin gingembre-citron"}]},{"@type":"WebSite","@id":"https:\/\/carameloscerdan.com\/#website","url":"https:\/\/carameloscerdan.com\/","name":"Caramelos Cerd\u00e1n","description":"F\u00e1brica de caramelos","potentialAction":[{"@type":"SearchAction","target":{"@type":"EntryPoint","urlTemplate":"https:\/\/carameloscerdan.com\/?s={search_term_string}"},"query-input":{"@type":"PropertyValueSpecification","valueRequired":true,"valueName":"search_term_string"}}],"inLanguage":"fr-FR"}]}},"_links":{"self":[{"href":"https:\/\/carameloscerdan.com\/fr\/wp-json\/wp\/v2\/product\/6871","targetHints":{"allow":["GET"]}}],"collection":[{"href":"https:\/\/carameloscerdan.com\/fr\/wp-json\/wp\/v2\/product"}],"about":[{"href":"https:\/\/carameloscerdan.com\/fr\/wp-json\/wp\/v2\/types\/product"}],"wp:featuredmedia":[{"embeddable":true,"href":"https:\/\/carameloscerdan.com\/fr\/wp-json\/wp\/v2\/media\/6874"}],"wp:attachment":[{"href":"https:\/\/carameloscerdan.com\/fr\/wp-json\/wp\/v2\/media?parent=6871"}],"wp:term":[{"taxonomy":"product_cat","embeddable":true,"href":"https:\/\/carameloscerdan.com\/fr\/wp-json\/wp\/v2\/product_cat?post=6871"},{"taxonomy":"product_tag","embeddable":true,"href":"https:\/\/carameloscerdan.com\/fr\/wp-json\/wp\/v2\/product_tag?post=6871"}],"curies":[{"name":"wp","href":"https:\/\/api.w.org\/{rel}","templated":true}]}}