{"id":5472,"date":"2021-07-29T12:47:11","date_gmt":"2021-07-29T12:47:11","guid":{"rendered":"https:\/\/carameloscerdan.com\/non%20class\u00e9\/biomoments-caramelos-con-palo-sabores-surtidos\/"},"modified":"2022-10-31T16:08:09","modified_gmt":"2022-10-31T16:08:09","slug":"biomoments-sucettes-boules-parfums-assorties","status":"publish","type":"product","link":"https:\/\/carameloscerdan.com\/fr\/biomoments-fr\/biomoments-sucettes-boules-parfums-assorties\/","title":{"rendered":"Biomoments sucettes boules parfums assorties"},"content":{"rendered":"<p>\u00c9tui petit avec 12 sacs de 8 bonbons avec palo biologiques assorties de 13gr. avec colorants naturels. Sans gluten. Sans allerg\u00e8nes. Pour v\u00e9g\u00e9taliens<\/p>\n","protected":false},"excerpt":{"rendered":"<p>Sachet de 8 sucettes boule bio assortis<\/p>\n","protected":false},"featured_media":2779,"template":"","meta":[],"product_cat":[106,31],"product_tag":[],"class_list":{"0":"post-5472","1":"product","2":"type-product","3":"status-publish","4":"has-post-thumbnail","6":"product_cat-biomoments-fr","7":"product_cat-biomoments","8":"pa_atributo-bio","9":"pa_atributo-bio-fr","10":"pa_envase-estuche-bajo","11":"pa_envase-etui-petit","12":"pa_familia-biomoments-fr","13":"pa_familia-biomoments","14":"pa_formato-chupa","15":"pa_formato-sucer","16":"pa_peso-125-g-fr","17":"pa_peso-125-g","18":"pa_sabor-cerise","19":"pa_sabor-citron","20":"pa_sabor-cola-fr","21":"pa_sabor-mandarine","22":"pa_sabor-pomme","23":"pa_sabor-cola","24":"pa_sabor-manzana","25":"pa_sabor-limon","26":"pa_sabor-mandarina","27":"pa_sabor-cereza","29":"first","30":"instock","31":"product-type-simple"},"yoast_head":"<!-- This site is optimized with the Yoast SEO plugin v25.1 - https:\/\/yoast.com\/wordpress\/plugins\/seo\/ -->\n<title>Biomoments sucettes boules parfums assorties - Caramelos Cerd\u00e1n<\/title>\n<meta name=\"robots\" content=\"index, follow, max-snippet:-1, max-image-preview:large, max-video-preview:-1\" \/>\n<link rel=\"canonical\" href=\"https:\/\/carameloscerdan.com\/fr\/biomoments-fr\/biomoments-sucettes-boules-parfums-assorties\/\" \/>\n<meta property=\"og:locale\" content=\"fr_FR\" \/>\n<meta property=\"og:type\" content=\"article\" \/>\n<meta property=\"og:title\" content=\"Biomoments sucettes boules parfums assorties - Caramelos Cerd\u00e1n\" \/>\n<meta property=\"og:description\" content=\"Sachet de 8 sucettes boule bio assortis\" \/>\n<meta property=\"og:url\" content=\"https:\/\/carameloscerdan.com\/fr\/biomoments-fr\/biomoments-sucettes-boules-parfums-assorties\/\" \/>\n<meta property=\"og:site_name\" content=\"Caramelos Cerd\u00e1n\" \/>\n<meta property=\"article:modified_time\" content=\"2022-10-31T16:08:09+00:00\" \/>\n<meta property=\"og:image\" content=\"https:\/\/carameloscerdan.com\/wp-content\/uploads\/2021\/07\/Biomoments-caramelos-con-palo-sabores-surtidos-D.png\" \/>\n\t<meta property=\"og:image:width\" content=\"920\" \/>\n\t<meta property=\"og:image:height\" content=\"920\" \/>\n\t<meta property=\"og:image:type\" content=\"image\/png\" \/>\n<meta name=\"twitter:card\" content=\"summary_large_image\" \/>\n<script type=\"application\/ld+json\" class=\"yoast-schema-graph\">{\"@context\":\"https:\/\/schema.org\",\"@graph\":[{\"@type\":\"WebPage\",\"@id\":\"https:\/\/carameloscerdan.com\/fr\/biomoments-fr\/biomoments-sucettes-boules-parfums-assorties\/\",\"url\":\"https:\/\/carameloscerdan.com\/fr\/biomoments-fr\/biomoments-sucettes-boules-parfums-assorties\/\",\"name\":\"Biomoments sucettes boules parfums assorties - Caramelos Cerd\u00e1n\",\"isPartOf\":{\"@id\":\"https:\/\/carameloscerdan.com\/#website\"},\"primaryImageOfPage\":{\"@id\":\"https:\/\/carameloscerdan.com\/fr\/biomoments-fr\/biomoments-sucettes-boules-parfums-assorties\/#primaryimage\"},\"image\":{\"@id\":\"https:\/\/carameloscerdan.com\/fr\/biomoments-fr\/biomoments-sucettes-boules-parfums-assorties\/#primaryimage\"},\"thumbnailUrl\":\"https:\/\/carameloscerdan.com\/wp-content\/uploads\/2021\/07\/Biomoments-caramelos-con-palo-sabores-surtidos-D.png\",\"datePublished\":\"2021-07-29T12:47:11+00:00\",\"dateModified\":\"2022-10-31T16:08:09+00:00\",\"breadcrumb\":{\"@id\":\"https:\/\/carameloscerdan.com\/fr\/biomoments-fr\/biomoments-sucettes-boules-parfums-assorties\/#breadcrumb\"},\"inLanguage\":\"fr-FR\",\"potentialAction\":[{\"@type\":\"ReadAction\",\"target\":[\"https:\/\/carameloscerdan.com\/fr\/biomoments-fr\/biomoments-sucettes-boules-parfums-assorties\/\"]}]},{\"@type\":\"ImageObject\",\"inLanguage\":\"fr-FR\",\"@id\":\"https:\/\/carameloscerdan.com\/fr\/biomoments-fr\/biomoments-sucettes-boules-parfums-assorties\/#primaryimage\",\"url\":\"https:\/\/carameloscerdan.com\/wp-content\/uploads\/2021\/07\/Biomoments-caramelos-con-palo-sabores-surtidos-D.png\",\"contentUrl\":\"https:\/\/carameloscerdan.com\/wp-content\/uploads\/2021\/07\/Biomoments-caramelos-con-palo-sabores-surtidos-D.png\",\"width\":920,\"height\":920},{\"@type\":\"BreadcrumbList\",\"@id\":\"https:\/\/carameloscerdan.com\/fr\/biomoments-fr\/biomoments-sucettes-boules-parfums-assorties\/#breadcrumb\",\"itemListElement\":[{\"@type\":\"ListItem\",\"position\":1,\"name\":\"Home\",\"item\":\"https:\/\/carameloscerdan.com\/fr\/\"},{\"@type\":\"ListItem\",\"position\":2,\"name\":\"Shop\",\"item\":\"https:\/\/carameloscerdan.com\/shop\/\"},{\"@type\":\"ListItem\",\"position\":3,\"name\":\"Biomoments sucettes boules parfums assorties\"}]},{\"@type\":\"WebSite\",\"@id\":\"https:\/\/carameloscerdan.com\/#website\",\"url\":\"https:\/\/carameloscerdan.com\/\",\"name\":\"Caramelos Cerd\u00e1n\",\"description\":\"F\u00e1brica de caramelos\",\"potentialAction\":[{\"@type\":\"SearchAction\",\"target\":{\"@type\":\"EntryPoint\",\"urlTemplate\":\"https:\/\/carameloscerdan.com\/?s={search_term_string}\"},\"query-input\":{\"@type\":\"PropertyValueSpecification\",\"valueRequired\":true,\"valueName\":\"search_term_string\"}}],\"inLanguage\":\"fr-FR\"}]}<\/script>\n<!-- \/ Yoast SEO plugin. -->","yoast_head_json":{"title":"Biomoments sucettes boules parfums assorties - Caramelos Cerd\u00e1n","robots":{"index":"index","follow":"follow","max-snippet":"max-snippet:-1","max-image-preview":"max-image-preview:large","max-video-preview":"max-video-preview:-1"},"canonical":"https:\/\/carameloscerdan.com\/fr\/biomoments-fr\/biomoments-sucettes-boules-parfums-assorties\/","og_locale":"fr_FR","og_type":"article","og_title":"Biomoments sucettes boules parfums assorties - Caramelos Cerd\u00e1n","og_description":"Sachet de 8 sucettes boule bio assortis","og_url":"https:\/\/carameloscerdan.com\/fr\/biomoments-fr\/biomoments-sucettes-boules-parfums-assorties\/","og_site_name":"Caramelos Cerd\u00e1n","article_modified_time":"2022-10-31T16:08:09+00:00","og_image":[{"width":920,"height":920,"url":"https:\/\/carameloscerdan.com\/wp-content\/uploads\/2021\/07\/Biomoments-caramelos-con-palo-sabores-surtidos-D.png","type":"image\/png"}],"twitter_card":"summary_large_image","schema":{"@context":"https:\/\/schema.org","@graph":[{"@type":"WebPage","@id":"https:\/\/carameloscerdan.com\/fr\/biomoments-fr\/biomoments-sucettes-boules-parfums-assorties\/","url":"https:\/\/carameloscerdan.com\/fr\/biomoments-fr\/biomoments-sucettes-boules-parfums-assorties\/","name":"Biomoments sucettes boules parfums assorties - Caramelos Cerd\u00e1n","isPartOf":{"@id":"https:\/\/carameloscerdan.com\/#website"},"primaryImageOfPage":{"@id":"https:\/\/carameloscerdan.com\/fr\/biomoments-fr\/biomoments-sucettes-boules-parfums-assorties\/#primaryimage"},"image":{"@id":"https:\/\/carameloscerdan.com\/fr\/biomoments-fr\/biomoments-sucettes-boules-parfums-assorties\/#primaryimage"},"thumbnailUrl":"https:\/\/carameloscerdan.com\/wp-content\/uploads\/2021\/07\/Biomoments-caramelos-con-palo-sabores-surtidos-D.png","datePublished":"2021-07-29T12:47:11+00:00","dateModified":"2022-10-31T16:08:09+00:00","breadcrumb":{"@id":"https:\/\/carameloscerdan.com\/fr\/biomoments-fr\/biomoments-sucettes-boules-parfums-assorties\/#breadcrumb"},"inLanguage":"fr-FR","potentialAction":[{"@type":"ReadAction","target":["https:\/\/carameloscerdan.com\/fr\/biomoments-fr\/biomoments-sucettes-boules-parfums-assorties\/"]}]},{"@type":"ImageObject","inLanguage":"fr-FR","@id":"https:\/\/carameloscerdan.com\/fr\/biomoments-fr\/biomoments-sucettes-boules-parfums-assorties\/#primaryimage","url":"https:\/\/carameloscerdan.com\/wp-content\/uploads\/2021\/07\/Biomoments-caramelos-con-palo-sabores-surtidos-D.png","contentUrl":"https:\/\/carameloscerdan.com\/wp-content\/uploads\/2021\/07\/Biomoments-caramelos-con-palo-sabores-surtidos-D.png","width":920,"height":920},{"@type":"BreadcrumbList","@id":"https:\/\/carameloscerdan.com\/fr\/biomoments-fr\/biomoments-sucettes-boules-parfums-assorties\/#breadcrumb","itemListElement":[{"@type":"ListItem","position":1,"name":"Home","item":"https:\/\/carameloscerdan.com\/fr\/"},{"@type":"ListItem","position":2,"name":"Shop","item":"https:\/\/carameloscerdan.com\/shop\/"},{"@type":"ListItem","position":3,"name":"Biomoments sucettes boules parfums assorties"}]},{"@type":"WebSite","@id":"https:\/\/carameloscerdan.com\/#website","url":"https:\/\/carameloscerdan.com\/","name":"Caramelos Cerd\u00e1n","description":"F\u00e1brica de caramelos","potentialAction":[{"@type":"SearchAction","target":{"@type":"EntryPoint","urlTemplate":"https:\/\/carameloscerdan.com\/?s={search_term_string}"},"query-input":{"@type":"PropertyValueSpecification","valueRequired":true,"valueName":"search_term_string"}}],"inLanguage":"fr-FR"}]}},"_links":{"self":[{"href":"https:\/\/carameloscerdan.com\/fr\/wp-json\/wp\/v2\/product\/5472","targetHints":{"allow":["GET"]}}],"collection":[{"href":"https:\/\/carameloscerdan.com\/fr\/wp-json\/wp\/v2\/product"}],"about":[{"href":"https:\/\/carameloscerdan.com\/fr\/wp-json\/wp\/v2\/types\/product"}],"wp:featuredmedia":[{"embeddable":true,"href":"https:\/\/carameloscerdan.com\/fr\/wp-json\/wp\/v2\/media\/2779"}],"wp:attachment":[{"href":"https:\/\/carameloscerdan.com\/fr\/wp-json\/wp\/v2\/media?parent=5472"}],"wp:term":[{"taxonomy":"product_cat","embeddable":true,"href":"https:\/\/carameloscerdan.com\/fr\/wp-json\/wp\/v2\/product_cat?post=5472"},{"taxonomy":"product_tag","embeddable":true,"href":"https:\/\/carameloscerdan.com\/fr\/wp-json\/wp\/v2\/product_tag?post=5472"}],"curies":[{"name":"wp","href":"https:\/\/api.w.org\/{rel}","templated":true}]}}