{"id":5461,"date":"2021-07-29T12:47:11","date_gmt":"2021-07-29T12:47:11","guid":{"rendered":"https:\/\/carameloscerdan.com\/non%20class\u00e9\/biomoments-corazon-de-caramelo-de-cereza\/"},"modified":"2022-10-31T16:14:28","modified_gmt":"2022-10-31T16:14:28","slug":"biomoments-sucette-coeur-parfum-cerise","status":"publish","type":"product","link":"https:\/\/carameloscerdan.com\/fr\/biomoments-fr\/biomoments-sucette-coeur-parfum-cerise\/","title":{"rendered":"Biomoments sucette coeur parfum Cerise"},"content":{"rendered":"<p>Pot grand avec 100 pieces de sucette coeur de bonbon biologique cerise avec colorants naturels. Sans gluten. Sans allerg\u00e8nes. Pour v\u00e9g\u00e9taliens<\/p>\n","protected":false},"excerpt":{"rendered":"<p>Sucette coeur bio parfum cerise <\/p>\n","protected":false},"featured_media":2782,"template":"","meta":[],"product_cat":[106],"product_tag":[],"class_list":{"0":"post-5461","1":"product","2":"type-product","3":"status-publish","4":"has-post-thumbnail","6":"product_cat-biomoments-fr","7":"pa_atributo-bio-fr","8":"pa_envase-grand-pot","9":"pa_familia-biomoments-fr","10":"pa_formato-coeurs","11":"pa_peso-139-g-fr","12":"pa_sabor-cerise","14":"first","15":"instock","16":"product-type-simple"},"yoast_head":"<!-- This site is optimized with the Yoast SEO plugin v25.1 - https:\/\/yoast.com\/wordpress\/plugins\/seo\/ -->\n<title>Biomoments sucette coeur parfum Cerise - Caramelos Cerd\u00e1n<\/title>\n<meta name=\"robots\" content=\"index, follow, max-snippet:-1, max-image-preview:large, max-video-preview:-1\" \/>\n<link rel=\"canonical\" href=\"https:\/\/carameloscerdan.com\/fr\/biomoments-fr\/biomoments-sucette-coeur-parfum-cerise\/\" \/>\n<meta property=\"og:locale\" content=\"fr_FR\" \/>\n<meta property=\"og:type\" content=\"article\" \/>\n<meta property=\"og:title\" content=\"Biomoments sucette coeur parfum Cerise - Caramelos Cerd\u00e1n\" \/>\n<meta property=\"og:description\" content=\"Sucette coeur bio parfum cerise\" \/>\n<meta property=\"og:url\" content=\"https:\/\/carameloscerdan.com\/fr\/biomoments-fr\/biomoments-sucette-coeur-parfum-cerise\/\" \/>\n<meta property=\"og:site_name\" content=\"Caramelos Cerd\u00e1n\" \/>\n<meta property=\"article:modified_time\" content=\"2022-10-31T16:14:28+00:00\" \/>\n<meta property=\"og:image\" content=\"https:\/\/carameloscerdan.com\/wp-content\/uploads\/2021\/07\/Biomoments-Corazon-de-caramelo-de-cereza-D.png\" \/>\n\t<meta property=\"og:image:width\" content=\"920\" \/>\n\t<meta property=\"og:image:height\" content=\"920\" \/>\n\t<meta property=\"og:image:type\" content=\"image\/png\" \/>\n<meta name=\"twitter:card\" content=\"summary_large_image\" \/>\n<script type=\"application\/ld+json\" class=\"yoast-schema-graph\">{\"@context\":\"https:\/\/schema.org\",\"@graph\":[{\"@type\":\"WebPage\",\"@id\":\"https:\/\/carameloscerdan.com\/fr\/biomoments-fr\/biomoments-sucette-coeur-parfum-cerise\/\",\"url\":\"https:\/\/carameloscerdan.com\/fr\/biomoments-fr\/biomoments-sucette-coeur-parfum-cerise\/\",\"name\":\"Biomoments sucette coeur parfum Cerise - Caramelos Cerd\u00e1n\",\"isPartOf\":{\"@id\":\"https:\/\/carameloscerdan.com\/#website\"},\"primaryImageOfPage\":{\"@id\":\"https:\/\/carameloscerdan.com\/fr\/biomoments-fr\/biomoments-sucette-coeur-parfum-cerise\/#primaryimage\"},\"image\":{\"@id\":\"https:\/\/carameloscerdan.com\/fr\/biomoments-fr\/biomoments-sucette-coeur-parfum-cerise\/#primaryimage\"},\"thumbnailUrl\":\"https:\/\/carameloscerdan.com\/wp-content\/uploads\/2021\/07\/Biomoments-Corazon-de-caramelo-de-cereza-D.png\",\"datePublished\":\"2021-07-29T12:47:11+00:00\",\"dateModified\":\"2022-10-31T16:14:28+00:00\",\"breadcrumb\":{\"@id\":\"https:\/\/carameloscerdan.com\/fr\/biomoments-fr\/biomoments-sucette-coeur-parfum-cerise\/#breadcrumb\"},\"inLanguage\":\"fr-FR\",\"potentialAction\":[{\"@type\":\"ReadAction\",\"target\":[\"https:\/\/carameloscerdan.com\/fr\/biomoments-fr\/biomoments-sucette-coeur-parfum-cerise\/\"]}]},{\"@type\":\"ImageObject\",\"inLanguage\":\"fr-FR\",\"@id\":\"https:\/\/carameloscerdan.com\/fr\/biomoments-fr\/biomoments-sucette-coeur-parfum-cerise\/#primaryimage\",\"url\":\"https:\/\/carameloscerdan.com\/wp-content\/uploads\/2021\/07\/Biomoments-Corazon-de-caramelo-de-cereza-D.png\",\"contentUrl\":\"https:\/\/carameloscerdan.com\/wp-content\/uploads\/2021\/07\/Biomoments-Corazon-de-caramelo-de-cereza-D.png\",\"width\":920,\"height\":920},{\"@type\":\"BreadcrumbList\",\"@id\":\"https:\/\/carameloscerdan.com\/fr\/biomoments-fr\/biomoments-sucette-coeur-parfum-cerise\/#breadcrumb\",\"itemListElement\":[{\"@type\":\"ListItem\",\"position\":1,\"name\":\"Home\",\"item\":\"https:\/\/carameloscerdan.com\/fr\/\"},{\"@type\":\"ListItem\",\"position\":2,\"name\":\"Shop\",\"item\":\"https:\/\/carameloscerdan.com\/shop\/\"},{\"@type\":\"ListItem\",\"position\":3,\"name\":\"Biomoments sucette coeur parfum Cerise\"}]},{\"@type\":\"WebSite\",\"@id\":\"https:\/\/carameloscerdan.com\/#website\",\"url\":\"https:\/\/carameloscerdan.com\/\",\"name\":\"Caramelos Cerd\u00e1n\",\"description\":\"F\u00e1brica de caramelos\",\"potentialAction\":[{\"@type\":\"SearchAction\",\"target\":{\"@type\":\"EntryPoint\",\"urlTemplate\":\"https:\/\/carameloscerdan.com\/?s={search_term_string}\"},\"query-input\":{\"@type\":\"PropertyValueSpecification\",\"valueRequired\":true,\"valueName\":\"search_term_string\"}}],\"inLanguage\":\"fr-FR\"}]}<\/script>\n<!-- \/ Yoast SEO plugin. -->","yoast_head_json":{"title":"Biomoments sucette coeur parfum Cerise - Caramelos Cerd\u00e1n","robots":{"index":"index","follow":"follow","max-snippet":"max-snippet:-1","max-image-preview":"max-image-preview:large","max-video-preview":"max-video-preview:-1"},"canonical":"https:\/\/carameloscerdan.com\/fr\/biomoments-fr\/biomoments-sucette-coeur-parfum-cerise\/","og_locale":"fr_FR","og_type":"article","og_title":"Biomoments sucette coeur parfum Cerise - Caramelos Cerd\u00e1n","og_description":"Sucette coeur bio parfum cerise","og_url":"https:\/\/carameloscerdan.com\/fr\/biomoments-fr\/biomoments-sucette-coeur-parfum-cerise\/","og_site_name":"Caramelos Cerd\u00e1n","article_modified_time":"2022-10-31T16:14:28+00:00","og_image":[{"width":920,"height":920,"url":"https:\/\/carameloscerdan.com\/wp-content\/uploads\/2021\/07\/Biomoments-Corazon-de-caramelo-de-cereza-D.png","type":"image\/png"}],"twitter_card":"summary_large_image","schema":{"@context":"https:\/\/schema.org","@graph":[{"@type":"WebPage","@id":"https:\/\/carameloscerdan.com\/fr\/biomoments-fr\/biomoments-sucette-coeur-parfum-cerise\/","url":"https:\/\/carameloscerdan.com\/fr\/biomoments-fr\/biomoments-sucette-coeur-parfum-cerise\/","name":"Biomoments sucette coeur parfum Cerise - Caramelos Cerd\u00e1n","isPartOf":{"@id":"https:\/\/carameloscerdan.com\/#website"},"primaryImageOfPage":{"@id":"https:\/\/carameloscerdan.com\/fr\/biomoments-fr\/biomoments-sucette-coeur-parfum-cerise\/#primaryimage"},"image":{"@id":"https:\/\/carameloscerdan.com\/fr\/biomoments-fr\/biomoments-sucette-coeur-parfum-cerise\/#primaryimage"},"thumbnailUrl":"https:\/\/carameloscerdan.com\/wp-content\/uploads\/2021\/07\/Biomoments-Corazon-de-caramelo-de-cereza-D.png","datePublished":"2021-07-29T12:47:11+00:00","dateModified":"2022-10-31T16:14:28+00:00","breadcrumb":{"@id":"https:\/\/carameloscerdan.com\/fr\/biomoments-fr\/biomoments-sucette-coeur-parfum-cerise\/#breadcrumb"},"inLanguage":"fr-FR","potentialAction":[{"@type":"ReadAction","target":["https:\/\/carameloscerdan.com\/fr\/biomoments-fr\/biomoments-sucette-coeur-parfum-cerise\/"]}]},{"@type":"ImageObject","inLanguage":"fr-FR","@id":"https:\/\/carameloscerdan.com\/fr\/biomoments-fr\/biomoments-sucette-coeur-parfum-cerise\/#primaryimage","url":"https:\/\/carameloscerdan.com\/wp-content\/uploads\/2021\/07\/Biomoments-Corazon-de-caramelo-de-cereza-D.png","contentUrl":"https:\/\/carameloscerdan.com\/wp-content\/uploads\/2021\/07\/Biomoments-Corazon-de-caramelo-de-cereza-D.png","width":920,"height":920},{"@type":"BreadcrumbList","@id":"https:\/\/carameloscerdan.com\/fr\/biomoments-fr\/biomoments-sucette-coeur-parfum-cerise\/#breadcrumb","itemListElement":[{"@type":"ListItem","position":1,"name":"Home","item":"https:\/\/carameloscerdan.com\/fr\/"},{"@type":"ListItem","position":2,"name":"Shop","item":"https:\/\/carameloscerdan.com\/shop\/"},{"@type":"ListItem","position":3,"name":"Biomoments sucette coeur parfum Cerise"}]},{"@type":"WebSite","@id":"https:\/\/carameloscerdan.com\/#website","url":"https:\/\/carameloscerdan.com\/","name":"Caramelos Cerd\u00e1n","description":"F\u00e1brica de caramelos","potentialAction":[{"@type":"SearchAction","target":{"@type":"EntryPoint","urlTemplate":"https:\/\/carameloscerdan.com\/?s={search_term_string}"},"query-input":{"@type":"PropertyValueSpecification","valueRequired":true,"valueName":"search_term_string"}}],"inLanguage":"fr-FR"}]}},"_links":{"self":[{"href":"https:\/\/carameloscerdan.com\/fr\/wp-json\/wp\/v2\/product\/5461","targetHints":{"allow":["GET"]}}],"collection":[{"href":"https:\/\/carameloscerdan.com\/fr\/wp-json\/wp\/v2\/product"}],"about":[{"href":"https:\/\/carameloscerdan.com\/fr\/wp-json\/wp\/v2\/types\/product"}],"wp:featuredmedia":[{"embeddable":true,"href":"https:\/\/carameloscerdan.com\/fr\/wp-json\/wp\/v2\/media\/2782"}],"wp:attachment":[{"href":"https:\/\/carameloscerdan.com\/fr\/wp-json\/wp\/v2\/media?parent=5461"}],"wp:term":[{"taxonomy":"product_cat","embeddable":true,"href":"https:\/\/carameloscerdan.com\/fr\/wp-json\/wp\/v2\/product_cat?post=5461"},{"taxonomy":"product_tag","embeddable":true,"href":"https:\/\/carameloscerdan.com\/fr\/wp-json\/wp\/v2\/product_tag?post=5461"}],"curies":[{"name":"wp","href":"https:\/\/api.w.org\/{rel}","templated":true}]}}