{"id":5448,"date":"2021-07-29T16:16:51","date_gmt":"2021-07-29T16:16:51","guid":{"rendered":"https:\/\/carameloscerdan.com\/non%20class\u00e9\/bolsitas-145-mm\/"},"modified":"2022-10-29T08:35:51","modified_gmt":"2022-10-29T08:35:51","slug":"mini-sachets-145-mm","status":"publish","type":"product","link":"https:\/\/carameloscerdan.com\/fr\/personnalise\/mini-sachets-145-mm\/","title":{"rendered":"Mini sachets 145 mm"},"content":{"rendered":"<p>Sachet 114&#215;145 mm de bonbons g\u00e9lifi\u00e9s, jelly beans ou 5-10 bonbons personnalis\u00e9s. Sans gluten. Sans allerg\u00e8nes.<\/p>\n","protected":false},"excerpt":{"rendered":"<p>Sachets de 114&#215;145 mm avec gummies, jelly beans ou bonbon personalis\u00e9s<\/p>\n","protected":false},"featured_media":3181,"template":"","meta":[],"product_cat":[108],"product_tag":[],"class_list":{"0":"post-5448","1":"product","2":"type-product","3":"status-publish","4":"has-post-thumbnail","6":"product_cat-personnalise","7":"pa_atributo-sans-sucre","8":"pa_envase-sac","9":"pa_familia-bolsitas-fr","10":"pa_formato-flowpack-fr","11":"pa_peso-consultar-fr","12":"pa_sabor-assortis-selon-la-garniture","14":"first","15":"instock","16":"product-type-simple"},"yoast_head":"<!-- This site is optimized with the Yoast SEO plugin v25.1 - https:\/\/yoast.com\/wordpress\/plugins\/seo\/ -->\n<title>Mini sachets 145 mm - Caramelos Cerd\u00e1n<\/title>\n<meta name=\"description\" content=\"Bolsitas personalizadas de gomitas, jelly beans o caramelos sin glut\u00e9n. Disponibles sin az\u00facar y con gran variedad de sabores.\" \/>\n<meta name=\"robots\" content=\"index, follow, max-snippet:-1, max-image-preview:large, max-video-preview:-1\" \/>\n<link rel=\"canonical\" href=\"https:\/\/carameloscerdan.com\/fr\/personnalise\/mini-sachets-145-mm\/\" \/>\n<meta property=\"og:locale\" content=\"fr_FR\" \/>\n<meta property=\"og:type\" content=\"article\" \/>\n<meta property=\"og:title\" content=\"Mini sachets 145 mm - Caramelos Cerd\u00e1n\" \/>\n<meta property=\"og:description\" content=\"Bolsitas personalizadas de gomitas, jelly beans o caramelos sin glut\u00e9n. Disponibles sin az\u00facar y con gran variedad de sabores.\" \/>\n<meta property=\"og:url\" content=\"https:\/\/carameloscerdan.com\/fr\/personnalise\/mini-sachets-145-mm\/\" \/>\n<meta property=\"og:site_name\" content=\"Caramelos Cerd\u00e1n\" \/>\n<meta property=\"article:modified_time\" content=\"2022-10-29T08:35:51+00:00\" \/>\n<meta property=\"og:image\" content=\"https:\/\/carameloscerdan.com\/wp-content\/uploads\/2021\/07\/Bolsitas-145-mm1-D.png\" \/>\n\t<meta property=\"og:image:width\" content=\"920\" \/>\n\t<meta property=\"og:image:height\" content=\"920\" \/>\n\t<meta property=\"og:image:type\" content=\"image\/png\" \/>\n<meta name=\"twitter:card\" content=\"summary_large_image\" \/>\n<script type=\"application\/ld+json\" class=\"yoast-schema-graph\">{\"@context\":\"https:\/\/schema.org\",\"@graph\":[{\"@type\":\"WebPage\",\"@id\":\"https:\/\/carameloscerdan.com\/fr\/personnalise\/mini-sachets-145-mm\/\",\"url\":\"https:\/\/carameloscerdan.com\/fr\/personnalise\/mini-sachets-145-mm\/\",\"name\":\"Mini sachets 145 mm - Caramelos Cerd\u00e1n\",\"isPartOf\":{\"@id\":\"https:\/\/carameloscerdan.com\/#website\"},\"primaryImageOfPage\":{\"@id\":\"https:\/\/carameloscerdan.com\/fr\/personnalise\/mini-sachets-145-mm\/#primaryimage\"},\"image\":{\"@id\":\"https:\/\/carameloscerdan.com\/fr\/personnalise\/mini-sachets-145-mm\/#primaryimage\"},\"thumbnailUrl\":\"https:\/\/carameloscerdan.com\/wp-content\/uploads\/2021\/07\/Bolsitas-145-mm1-D.png\",\"datePublished\":\"2021-07-29T16:16:51+00:00\",\"dateModified\":\"2022-10-29T08:35:51+00:00\",\"description\":\"Bolsitas personalizadas de gomitas, jelly beans o caramelos sin glut\u00e9n. Disponibles sin az\u00facar y con gran variedad de sabores.\",\"breadcrumb\":{\"@id\":\"https:\/\/carameloscerdan.com\/fr\/personnalise\/mini-sachets-145-mm\/#breadcrumb\"},\"inLanguage\":\"fr-FR\",\"potentialAction\":[{\"@type\":\"ReadAction\",\"target\":[\"https:\/\/carameloscerdan.com\/fr\/personnalise\/mini-sachets-145-mm\/\"]}]},{\"@type\":\"ImageObject\",\"inLanguage\":\"fr-FR\",\"@id\":\"https:\/\/carameloscerdan.com\/fr\/personnalise\/mini-sachets-145-mm\/#primaryimage\",\"url\":\"https:\/\/carameloscerdan.com\/wp-content\/uploads\/2021\/07\/Bolsitas-145-mm1-D.png\",\"contentUrl\":\"https:\/\/carameloscerdan.com\/wp-content\/uploads\/2021\/07\/Bolsitas-145-mm1-D.png\",\"width\":920,\"height\":920},{\"@type\":\"BreadcrumbList\",\"@id\":\"https:\/\/carameloscerdan.com\/fr\/personnalise\/mini-sachets-145-mm\/#breadcrumb\",\"itemListElement\":[{\"@type\":\"ListItem\",\"position\":1,\"name\":\"Home\",\"item\":\"https:\/\/carameloscerdan.com\/fr\/\"},{\"@type\":\"ListItem\",\"position\":2,\"name\":\"Shop\",\"item\":\"https:\/\/carameloscerdan.com\/shop\/\"},{\"@type\":\"ListItem\",\"position\":3,\"name\":\"Mini sachets 145 mm\"}]},{\"@type\":\"WebSite\",\"@id\":\"https:\/\/carameloscerdan.com\/#website\",\"url\":\"https:\/\/carameloscerdan.com\/\",\"name\":\"Caramelos Cerd\u00e1n\",\"description\":\"F\u00e1brica de caramelos\",\"potentialAction\":[{\"@type\":\"SearchAction\",\"target\":{\"@type\":\"EntryPoint\",\"urlTemplate\":\"https:\/\/carameloscerdan.com\/?s={search_term_string}\"},\"query-input\":{\"@type\":\"PropertyValueSpecification\",\"valueRequired\":true,\"valueName\":\"search_term_string\"}}],\"inLanguage\":\"fr-FR\"}]}<\/script>\n<!-- \/ Yoast SEO plugin. -->","yoast_head_json":{"title":"Mini sachets 145 mm - Caramelos Cerd\u00e1n","description":"Bolsitas personalizadas de gomitas, jelly beans o caramelos sin glut\u00e9n. Disponibles sin az\u00facar y con gran variedad de sabores.","robots":{"index":"index","follow":"follow","max-snippet":"max-snippet:-1","max-image-preview":"max-image-preview:large","max-video-preview":"max-video-preview:-1"},"canonical":"https:\/\/carameloscerdan.com\/fr\/personnalise\/mini-sachets-145-mm\/","og_locale":"fr_FR","og_type":"article","og_title":"Mini sachets 145 mm - Caramelos Cerd\u00e1n","og_description":"Bolsitas personalizadas de gomitas, jelly beans o caramelos sin glut\u00e9n. Disponibles sin az\u00facar y con gran variedad de sabores.","og_url":"https:\/\/carameloscerdan.com\/fr\/personnalise\/mini-sachets-145-mm\/","og_site_name":"Caramelos Cerd\u00e1n","article_modified_time":"2022-10-29T08:35:51+00:00","og_image":[{"width":920,"height":920,"url":"https:\/\/carameloscerdan.com\/wp-content\/uploads\/2021\/07\/Bolsitas-145-mm1-D.png","type":"image\/png"}],"twitter_card":"summary_large_image","schema":{"@context":"https:\/\/schema.org","@graph":[{"@type":"WebPage","@id":"https:\/\/carameloscerdan.com\/fr\/personnalise\/mini-sachets-145-mm\/","url":"https:\/\/carameloscerdan.com\/fr\/personnalise\/mini-sachets-145-mm\/","name":"Mini sachets 145 mm - Caramelos Cerd\u00e1n","isPartOf":{"@id":"https:\/\/carameloscerdan.com\/#website"},"primaryImageOfPage":{"@id":"https:\/\/carameloscerdan.com\/fr\/personnalise\/mini-sachets-145-mm\/#primaryimage"},"image":{"@id":"https:\/\/carameloscerdan.com\/fr\/personnalise\/mini-sachets-145-mm\/#primaryimage"},"thumbnailUrl":"https:\/\/carameloscerdan.com\/wp-content\/uploads\/2021\/07\/Bolsitas-145-mm1-D.png","datePublished":"2021-07-29T16:16:51+00:00","dateModified":"2022-10-29T08:35:51+00:00","description":"Bolsitas personalizadas de gomitas, jelly beans o caramelos sin glut\u00e9n. Disponibles sin az\u00facar y con gran variedad de sabores.","breadcrumb":{"@id":"https:\/\/carameloscerdan.com\/fr\/personnalise\/mini-sachets-145-mm\/#breadcrumb"},"inLanguage":"fr-FR","potentialAction":[{"@type":"ReadAction","target":["https:\/\/carameloscerdan.com\/fr\/personnalise\/mini-sachets-145-mm\/"]}]},{"@type":"ImageObject","inLanguage":"fr-FR","@id":"https:\/\/carameloscerdan.com\/fr\/personnalise\/mini-sachets-145-mm\/#primaryimage","url":"https:\/\/carameloscerdan.com\/wp-content\/uploads\/2021\/07\/Bolsitas-145-mm1-D.png","contentUrl":"https:\/\/carameloscerdan.com\/wp-content\/uploads\/2021\/07\/Bolsitas-145-mm1-D.png","width":920,"height":920},{"@type":"BreadcrumbList","@id":"https:\/\/carameloscerdan.com\/fr\/personnalise\/mini-sachets-145-mm\/#breadcrumb","itemListElement":[{"@type":"ListItem","position":1,"name":"Home","item":"https:\/\/carameloscerdan.com\/fr\/"},{"@type":"ListItem","position":2,"name":"Shop","item":"https:\/\/carameloscerdan.com\/shop\/"},{"@type":"ListItem","position":3,"name":"Mini sachets 145 mm"}]},{"@type":"WebSite","@id":"https:\/\/carameloscerdan.com\/#website","url":"https:\/\/carameloscerdan.com\/","name":"Caramelos Cerd\u00e1n","description":"F\u00e1brica de caramelos","potentialAction":[{"@type":"SearchAction","target":{"@type":"EntryPoint","urlTemplate":"https:\/\/carameloscerdan.com\/?s={search_term_string}"},"query-input":{"@type":"PropertyValueSpecification","valueRequired":true,"valueName":"search_term_string"}}],"inLanguage":"fr-FR"}]}},"_links":{"self":[{"href":"https:\/\/carameloscerdan.com\/fr\/wp-json\/wp\/v2\/product\/5448","targetHints":{"allow":["GET"]}}],"collection":[{"href":"https:\/\/carameloscerdan.com\/fr\/wp-json\/wp\/v2\/product"}],"about":[{"href":"https:\/\/carameloscerdan.com\/fr\/wp-json\/wp\/v2\/types\/product"}],"wp:featuredmedia":[{"embeddable":true,"href":"https:\/\/carameloscerdan.com\/fr\/wp-json\/wp\/v2\/media\/3181"}],"wp:attachment":[{"href":"https:\/\/carameloscerdan.com\/fr\/wp-json\/wp\/v2\/media?parent=5448"}],"wp:term":[{"taxonomy":"product_cat","embeddable":true,"href":"https:\/\/carameloscerdan.com\/fr\/wp-json\/wp\/v2\/product_cat?post=5448"},{"taxonomy":"product_tag","embeddable":true,"href":"https:\/\/carameloscerdan.com\/fr\/wp-json\/wp\/v2\/product_tag?post=5448"}],"curies":[{"name":"wp","href":"https:\/\/api.w.org\/{rel}","templated":true}]}}