{"id":5396,"date":"2021-07-29T16:16:51","date_gmt":"2021-07-29T16:16:51","guid":{"rendered":"https:\/\/carameloscerdan.com\/non%20class\u00e9\/piruleta-mediana-personalizada\/"},"modified":"2022-10-29T08:51:15","modified_gmt":"2022-10-29T08:51:15","slug":"sucette-platte-moyenne-2","status":"publish","type":"product","link":"https:\/\/carameloscerdan.com\/fr\/personnalise\/sucette-platte-moyenne-2\/","title":{"rendered":"Sucette platte moyenne"},"content":{"rendered":"<p>Sucettes forme ronde ou c\u0153ur au go\u00fbt cerise ou autre au choix. Disponible avec sucre, sans sucre, biologique, commerce \u00e9quitable ou avec vitamines. Avec des colorants naturels. Sans gluten. Sans allerg\u00e8nes. Apte pour v\u00e9g\u00e9taliens.<\/p>\n","protected":false},"excerpt":{"rendered":"<p>\u00c9tui de sucettes moyennes (125 unit\u00e9s)<\/p>\n","protected":false},"featured_media":3163,"template":"","meta":[],"product_cat":[108],"product_tag":[],"class_list":{"0":"post-5396","1":"product","2":"type-product","3":"status-publish","4":"has-post-thumbnail","6":"product_cat-personnalise","7":"pa_atributo-bio-fr","8":"pa_atributo-sans-sucre","9":"pa_envase-etui-petit","10":"pa_formato-sucette","11":"pa_peso-83-g-fr","12":"pa_sabor-cerise","14":"first","15":"instock","16":"product-type-simple"},"yoast_head":"<!-- This site is optimized with the Yoast SEO plugin v25.1 - https:\/\/yoast.com\/wordpress\/plugins\/seo\/ -->\n<title>Sucette platte moyenne - Caramelos Cerd\u00e1n<\/title>\n<meta name=\"description\" content=\"Piruleta mediana personalizada. Disponible en sabores variados, sin az\u00facar, ecol\u00f3gico, con vitaminas y de comercio justo. Apto para veganos\" \/>\n<meta name=\"robots\" content=\"index, follow, max-snippet:-1, max-image-preview:large, max-video-preview:-1\" \/>\n<link rel=\"canonical\" href=\"https:\/\/carameloscerdan.com\/corazones\/piruleta-mediana-personalizada\/\" \/>\n<meta property=\"og:locale\" content=\"fr_FR\" \/>\n<meta property=\"og:type\" content=\"article\" \/>\n<meta property=\"og:title\" content=\"Sucette platte moyenne - Caramelos Cerd\u00e1n\" \/>\n<meta property=\"og:description\" content=\"Piruleta mediana personalizada. Disponible en sabores variados, sin az\u00facar, ecol\u00f3gico, con vitaminas y de comercio justo. Apto para veganos\" \/>\n<meta property=\"og:url\" content=\"https:\/\/carameloscerdan.com\/corazones\/piruleta-mediana-personalizada\/\" \/>\n<meta property=\"og:site_name\" content=\"Caramelos Cerd\u00e1n\" \/>\n<meta property=\"article:modified_time\" content=\"2022-10-29T08:51:15+00:00\" \/>\n<meta property=\"og:image\" content=\"https:\/\/carameloscerdan.com\/wp-content\/uploads\/2021\/07\/Piruleta-mediana-1.png\" \/>\n\t<meta property=\"og:image:width\" content=\"920\" \/>\n\t<meta property=\"og:image:height\" content=\"920\" \/>\n\t<meta property=\"og:image:type\" content=\"image\/png\" \/>\n<meta name=\"twitter:card\" content=\"summary_large_image\" \/>\n<script type=\"application\/ld+json\" class=\"yoast-schema-graph\">{\"@context\":\"https:\/\/schema.org\",\"@graph\":[{\"@type\":\"WebPage\",\"@id\":\"https:\/\/carameloscerdan.com\/corazones\/piruleta-mediana-personalizada\/\",\"url\":\"https:\/\/carameloscerdan.com\/corazones\/piruleta-mediana-personalizada\/\",\"name\":\"Sucette platte moyenne - Caramelos Cerd\u00e1n\",\"isPartOf\":{\"@id\":\"https:\/\/carameloscerdan.com\/#website\"},\"primaryImageOfPage\":{\"@id\":\"https:\/\/carameloscerdan.com\/corazones\/piruleta-mediana-personalizada\/#primaryimage\"},\"image\":{\"@id\":\"https:\/\/carameloscerdan.com\/corazones\/piruleta-mediana-personalizada\/#primaryimage\"},\"thumbnailUrl\":\"https:\/\/carameloscerdan.com\/wp-content\/uploads\/2021\/07\/Piruleta-mediana-1.png\",\"datePublished\":\"2021-07-29T16:16:51+00:00\",\"dateModified\":\"2022-10-29T08:51:15+00:00\",\"description\":\"Piruleta mediana personalizada. Disponible en sabores variados, sin az\u00facar, ecol\u00f3gico, con vitaminas y de comercio justo. Apto para veganos\",\"breadcrumb\":{\"@id\":\"https:\/\/carameloscerdan.com\/corazones\/piruleta-mediana-personalizada\/#breadcrumb\"},\"inLanguage\":\"fr-FR\",\"potentialAction\":[{\"@type\":\"ReadAction\",\"target\":[\"https:\/\/carameloscerdan.com\/corazones\/piruleta-mediana-personalizada\/\"]}]},{\"@type\":\"ImageObject\",\"inLanguage\":\"fr-FR\",\"@id\":\"https:\/\/carameloscerdan.com\/corazones\/piruleta-mediana-personalizada\/#primaryimage\",\"url\":\"https:\/\/carameloscerdan.com\/wp-content\/uploads\/2021\/07\/Piruleta-mediana-1.png\",\"contentUrl\":\"https:\/\/carameloscerdan.com\/wp-content\/uploads\/2021\/07\/Piruleta-mediana-1.png\",\"width\":920,\"height\":920},{\"@type\":\"BreadcrumbList\",\"@id\":\"https:\/\/carameloscerdan.com\/corazones\/piruleta-mediana-personalizada\/#breadcrumb\",\"itemListElement\":[{\"@type\":\"ListItem\",\"position\":1,\"name\":\"Home\",\"item\":\"https:\/\/carameloscerdan.com\/fr\/\"},{\"@type\":\"ListItem\",\"position\":2,\"name\":\"Shop\",\"item\":\"https:\/\/carameloscerdan.com\/shop\/\"},{\"@type\":\"ListItem\",\"position\":3,\"name\":\"Sucette platte moyenne\"}]},{\"@type\":\"WebSite\",\"@id\":\"https:\/\/carameloscerdan.com\/#website\",\"url\":\"https:\/\/carameloscerdan.com\/\",\"name\":\"Caramelos Cerd\u00e1n\",\"description\":\"F\u00e1brica de caramelos\",\"potentialAction\":[{\"@type\":\"SearchAction\",\"target\":{\"@type\":\"EntryPoint\",\"urlTemplate\":\"https:\/\/carameloscerdan.com\/?s={search_term_string}\"},\"query-input\":{\"@type\":\"PropertyValueSpecification\",\"valueRequired\":true,\"valueName\":\"search_term_string\"}}],\"inLanguage\":\"fr-FR\"}]}<\/script>\n<!-- \/ Yoast SEO plugin. -->","yoast_head_json":{"title":"Sucette platte moyenne - Caramelos Cerd\u00e1n","description":"Piruleta mediana personalizada. Disponible en sabores variados, sin az\u00facar, ecol\u00f3gico, con vitaminas y de comercio justo. Apto para veganos","robots":{"index":"index","follow":"follow","max-snippet":"max-snippet:-1","max-image-preview":"max-image-preview:large","max-video-preview":"max-video-preview:-1"},"canonical":"https:\/\/carameloscerdan.com\/corazones\/piruleta-mediana-personalizada\/","og_locale":"fr_FR","og_type":"article","og_title":"Sucette platte moyenne - Caramelos Cerd\u00e1n","og_description":"Piruleta mediana personalizada. Disponible en sabores variados, sin az\u00facar, ecol\u00f3gico, con vitaminas y de comercio justo. Apto para veganos","og_url":"https:\/\/carameloscerdan.com\/corazones\/piruleta-mediana-personalizada\/","og_site_name":"Caramelos Cerd\u00e1n","article_modified_time":"2022-10-29T08:51:15+00:00","og_image":[{"width":920,"height":920,"url":"https:\/\/carameloscerdan.com\/wp-content\/uploads\/2021\/07\/Piruleta-mediana-1.png","type":"image\/png"}],"twitter_card":"summary_large_image","schema":{"@context":"https:\/\/schema.org","@graph":[{"@type":"WebPage","@id":"https:\/\/carameloscerdan.com\/corazones\/piruleta-mediana-personalizada\/","url":"https:\/\/carameloscerdan.com\/corazones\/piruleta-mediana-personalizada\/","name":"Sucette platte moyenne - Caramelos Cerd\u00e1n","isPartOf":{"@id":"https:\/\/carameloscerdan.com\/#website"},"primaryImageOfPage":{"@id":"https:\/\/carameloscerdan.com\/corazones\/piruleta-mediana-personalizada\/#primaryimage"},"image":{"@id":"https:\/\/carameloscerdan.com\/corazones\/piruleta-mediana-personalizada\/#primaryimage"},"thumbnailUrl":"https:\/\/carameloscerdan.com\/wp-content\/uploads\/2021\/07\/Piruleta-mediana-1.png","datePublished":"2021-07-29T16:16:51+00:00","dateModified":"2022-10-29T08:51:15+00:00","description":"Piruleta mediana personalizada. Disponible en sabores variados, sin az\u00facar, ecol\u00f3gico, con vitaminas y de comercio justo. Apto para veganos","breadcrumb":{"@id":"https:\/\/carameloscerdan.com\/corazones\/piruleta-mediana-personalizada\/#breadcrumb"},"inLanguage":"fr-FR","potentialAction":[{"@type":"ReadAction","target":["https:\/\/carameloscerdan.com\/corazones\/piruleta-mediana-personalizada\/"]}]},{"@type":"ImageObject","inLanguage":"fr-FR","@id":"https:\/\/carameloscerdan.com\/corazones\/piruleta-mediana-personalizada\/#primaryimage","url":"https:\/\/carameloscerdan.com\/wp-content\/uploads\/2021\/07\/Piruleta-mediana-1.png","contentUrl":"https:\/\/carameloscerdan.com\/wp-content\/uploads\/2021\/07\/Piruleta-mediana-1.png","width":920,"height":920},{"@type":"BreadcrumbList","@id":"https:\/\/carameloscerdan.com\/corazones\/piruleta-mediana-personalizada\/#breadcrumb","itemListElement":[{"@type":"ListItem","position":1,"name":"Home","item":"https:\/\/carameloscerdan.com\/fr\/"},{"@type":"ListItem","position":2,"name":"Shop","item":"https:\/\/carameloscerdan.com\/shop\/"},{"@type":"ListItem","position":3,"name":"Sucette platte moyenne"}]},{"@type":"WebSite","@id":"https:\/\/carameloscerdan.com\/#website","url":"https:\/\/carameloscerdan.com\/","name":"Caramelos Cerd\u00e1n","description":"F\u00e1brica de caramelos","potentialAction":[{"@type":"SearchAction","target":{"@type":"EntryPoint","urlTemplate":"https:\/\/carameloscerdan.com\/?s={search_term_string}"},"query-input":{"@type":"PropertyValueSpecification","valueRequired":true,"valueName":"search_term_string"}}],"inLanguage":"fr-FR"}]}},"_links":{"self":[{"href":"https:\/\/carameloscerdan.com\/fr\/wp-json\/wp\/v2\/product\/5396","targetHints":{"allow":["GET"]}}],"collection":[{"href":"https:\/\/carameloscerdan.com\/fr\/wp-json\/wp\/v2\/product"}],"about":[{"href":"https:\/\/carameloscerdan.com\/fr\/wp-json\/wp\/v2\/types\/product"}],"wp:featuredmedia":[{"embeddable":true,"href":"https:\/\/carameloscerdan.com\/fr\/wp-json\/wp\/v2\/media\/3163"}],"wp:attachment":[{"href":"https:\/\/carameloscerdan.com\/fr\/wp-json\/wp\/v2\/media?parent=5396"}],"wp:term":[{"taxonomy":"product_cat","embeddable":true,"href":"https:\/\/carameloscerdan.com\/fr\/wp-json\/wp\/v2\/product_cat?post=5396"},{"taxonomy":"product_tag","embeddable":true,"href":"https:\/\/carameloscerdan.com\/fr\/wp-json\/wp\/v2\/product_tag?post=5396"}],"curies":[{"name":"wp","href":"https:\/\/api.w.org\/{rel}","templated":true}]}}