{"id":5380,"date":"2021-07-29T16:17:00","date_gmt":"2021-07-29T16:17:00","guid":{"rendered":"https:\/\/carameloscerdan.com\/non%20class\u00e9\/cubo-con-bombones\/"},"modified":"2022-10-29T08:27:20","modified_gmt":"2022-10-29T08:27:20","slug":"cube-avec-chocolats","status":"publish","type":"product","link":"https:\/\/carameloscerdan.com\/fr\/personnalise\/cube-avec-chocolats\/","title":{"rendered":"Cube avec chocolats"},"content":{"rendered":"<p>Cube 60x60x60 avec 10 chocolats avec deux papillotes ou 3 chocolats avec un papillote envelopp\u00e9 dans du papier argent\u00e9 et 80x80x80 mm avec 25 chocolats avec deux papillotes ou 10 chocolats avec 1 papillote. Fourr\u00e9 de cr\u00e8me pralin\u00e9 noisette ou de cr\u00e8me blanche. Sans gluten<\/p>\n","protected":false},"excerpt":{"rendered":"<p>Cube 60x60x60 et 80x80x80 mm avec chocolats<\/p>\n","protected":false},"featured_media":3106,"template":"","meta":[],"product_cat":[108],"product_tag":[],"class_list":{"0":"post-5380","1":"product","2":"type-product","3":"status-publish","4":"has-post-thumbnail","6":"product_cat-personnalise","7":"pa_envase-etui-petit","8":"pa_familia-chocolate-fr","9":"pa_familia-regalo-personalizado-fr","10":"pa_peso-consultar-fr","11":"pa_sabor-creme-blanche","12":"pa_sabor-praline-noisette","14":"first","15":"instock","16":"product-type-simple"},"yoast_head":"<!-- This site is optimized with the Yoast SEO plugin v25.1 - https:\/\/yoast.com\/wordpress\/plugins\/seo\/ -->\n<title>Cube avec chocolats - Caramelos Cerd\u00e1n<\/title>\n<meta name=\"description\" content=\"Cubo personalizado con bombones de chocolate rellenos de crema de pralin\u00e9 avellana o crema blanca. Sin glut\u00e9n.\" \/>\n<meta name=\"robots\" content=\"index, follow, max-snippet:-1, max-image-preview:large, max-video-preview:-1\" \/>\n<link rel=\"canonical\" href=\"https:\/\/carameloscerdan.com\/fr\/personnalise\/cube-avec-chocolats\/\" \/>\n<meta property=\"og:locale\" content=\"fr_FR\" \/>\n<meta property=\"og:type\" content=\"article\" \/>\n<meta property=\"og:title\" content=\"Cube avec chocolats - Caramelos Cerd\u00e1n\" \/>\n<meta property=\"og:description\" content=\"Cubo personalizado con bombones de chocolate rellenos de crema de pralin\u00e9 avellana o crema blanca. Sin glut\u00e9n.\" \/>\n<meta property=\"og:url\" content=\"https:\/\/carameloscerdan.com\/fr\/personnalise\/cube-avec-chocolats\/\" \/>\n<meta property=\"og:site_name\" content=\"Caramelos Cerd\u00e1n\" \/>\n<meta property=\"article:modified_time\" content=\"2022-10-29T08:27:20+00:00\" \/>\n<meta property=\"og:image\" content=\"https:\/\/carameloscerdan.com\/wp-content\/uploads\/2021\/07\/Cubo-con-bombones-D.png\" \/>\n\t<meta property=\"og:image:width\" content=\"920\" \/>\n\t<meta property=\"og:image:height\" content=\"920\" \/>\n\t<meta property=\"og:image:type\" content=\"image\/png\" \/>\n<meta name=\"twitter:card\" content=\"summary_large_image\" \/>\n<script type=\"application\/ld+json\" class=\"yoast-schema-graph\">{\"@context\":\"https:\/\/schema.org\",\"@graph\":[{\"@type\":\"WebPage\",\"@id\":\"https:\/\/carameloscerdan.com\/fr\/personnalise\/cube-avec-chocolats\/\",\"url\":\"https:\/\/carameloscerdan.com\/fr\/personnalise\/cube-avec-chocolats\/\",\"name\":\"Cube avec chocolats - Caramelos Cerd\u00e1n\",\"isPartOf\":{\"@id\":\"https:\/\/carameloscerdan.com\/#website\"},\"primaryImageOfPage\":{\"@id\":\"https:\/\/carameloscerdan.com\/fr\/personnalise\/cube-avec-chocolats\/#primaryimage\"},\"image\":{\"@id\":\"https:\/\/carameloscerdan.com\/fr\/personnalise\/cube-avec-chocolats\/#primaryimage\"},\"thumbnailUrl\":\"https:\/\/carameloscerdan.com\/wp-content\/uploads\/2021\/07\/Cubo-con-bombones-D.png\",\"datePublished\":\"2021-07-29T16:17:00+00:00\",\"dateModified\":\"2022-10-29T08:27:20+00:00\",\"description\":\"Cubo personalizado con bombones de chocolate rellenos de crema de pralin\u00e9 avellana o crema blanca. Sin glut\u00e9n.\",\"breadcrumb\":{\"@id\":\"https:\/\/carameloscerdan.com\/fr\/personnalise\/cube-avec-chocolats\/#breadcrumb\"},\"inLanguage\":\"fr-FR\",\"potentialAction\":[{\"@type\":\"ReadAction\",\"target\":[\"https:\/\/carameloscerdan.com\/fr\/personnalise\/cube-avec-chocolats\/\"]}]},{\"@type\":\"ImageObject\",\"inLanguage\":\"fr-FR\",\"@id\":\"https:\/\/carameloscerdan.com\/fr\/personnalise\/cube-avec-chocolats\/#primaryimage\",\"url\":\"https:\/\/carameloscerdan.com\/wp-content\/uploads\/2021\/07\/Cubo-con-bombones-D.png\",\"contentUrl\":\"https:\/\/carameloscerdan.com\/wp-content\/uploads\/2021\/07\/Cubo-con-bombones-D.png\",\"width\":920,\"height\":920},{\"@type\":\"BreadcrumbList\",\"@id\":\"https:\/\/carameloscerdan.com\/fr\/personnalise\/cube-avec-chocolats\/#breadcrumb\",\"itemListElement\":[{\"@type\":\"ListItem\",\"position\":1,\"name\":\"Home\",\"item\":\"https:\/\/carameloscerdan.com\/fr\/\"},{\"@type\":\"ListItem\",\"position\":2,\"name\":\"Shop\",\"item\":\"https:\/\/carameloscerdan.com\/shop\/\"},{\"@type\":\"ListItem\",\"position\":3,\"name\":\"Cube avec chocolats\"}]},{\"@type\":\"WebSite\",\"@id\":\"https:\/\/carameloscerdan.com\/#website\",\"url\":\"https:\/\/carameloscerdan.com\/\",\"name\":\"Caramelos Cerd\u00e1n\",\"description\":\"F\u00e1brica de caramelos\",\"potentialAction\":[{\"@type\":\"SearchAction\",\"target\":{\"@type\":\"EntryPoint\",\"urlTemplate\":\"https:\/\/carameloscerdan.com\/?s={search_term_string}\"},\"query-input\":{\"@type\":\"PropertyValueSpecification\",\"valueRequired\":true,\"valueName\":\"search_term_string\"}}],\"inLanguage\":\"fr-FR\"}]}<\/script>\n<!-- \/ Yoast SEO plugin. -->","yoast_head_json":{"title":"Cube avec chocolats - Caramelos Cerd\u00e1n","description":"Cubo personalizado con bombones de chocolate rellenos de crema de pralin\u00e9 avellana o crema blanca. Sin glut\u00e9n.","robots":{"index":"index","follow":"follow","max-snippet":"max-snippet:-1","max-image-preview":"max-image-preview:large","max-video-preview":"max-video-preview:-1"},"canonical":"https:\/\/carameloscerdan.com\/fr\/personnalise\/cube-avec-chocolats\/","og_locale":"fr_FR","og_type":"article","og_title":"Cube avec chocolats - Caramelos Cerd\u00e1n","og_description":"Cubo personalizado con bombones de chocolate rellenos de crema de pralin\u00e9 avellana o crema blanca. Sin glut\u00e9n.","og_url":"https:\/\/carameloscerdan.com\/fr\/personnalise\/cube-avec-chocolats\/","og_site_name":"Caramelos Cerd\u00e1n","article_modified_time":"2022-10-29T08:27:20+00:00","og_image":[{"width":920,"height":920,"url":"https:\/\/carameloscerdan.com\/wp-content\/uploads\/2021\/07\/Cubo-con-bombones-D.png","type":"image\/png"}],"twitter_card":"summary_large_image","schema":{"@context":"https:\/\/schema.org","@graph":[{"@type":"WebPage","@id":"https:\/\/carameloscerdan.com\/fr\/personnalise\/cube-avec-chocolats\/","url":"https:\/\/carameloscerdan.com\/fr\/personnalise\/cube-avec-chocolats\/","name":"Cube avec chocolats - Caramelos Cerd\u00e1n","isPartOf":{"@id":"https:\/\/carameloscerdan.com\/#website"},"primaryImageOfPage":{"@id":"https:\/\/carameloscerdan.com\/fr\/personnalise\/cube-avec-chocolats\/#primaryimage"},"image":{"@id":"https:\/\/carameloscerdan.com\/fr\/personnalise\/cube-avec-chocolats\/#primaryimage"},"thumbnailUrl":"https:\/\/carameloscerdan.com\/wp-content\/uploads\/2021\/07\/Cubo-con-bombones-D.png","datePublished":"2021-07-29T16:17:00+00:00","dateModified":"2022-10-29T08:27:20+00:00","description":"Cubo personalizado con bombones de chocolate rellenos de crema de pralin\u00e9 avellana o crema blanca. Sin glut\u00e9n.","breadcrumb":{"@id":"https:\/\/carameloscerdan.com\/fr\/personnalise\/cube-avec-chocolats\/#breadcrumb"},"inLanguage":"fr-FR","potentialAction":[{"@type":"ReadAction","target":["https:\/\/carameloscerdan.com\/fr\/personnalise\/cube-avec-chocolats\/"]}]},{"@type":"ImageObject","inLanguage":"fr-FR","@id":"https:\/\/carameloscerdan.com\/fr\/personnalise\/cube-avec-chocolats\/#primaryimage","url":"https:\/\/carameloscerdan.com\/wp-content\/uploads\/2021\/07\/Cubo-con-bombones-D.png","contentUrl":"https:\/\/carameloscerdan.com\/wp-content\/uploads\/2021\/07\/Cubo-con-bombones-D.png","width":920,"height":920},{"@type":"BreadcrumbList","@id":"https:\/\/carameloscerdan.com\/fr\/personnalise\/cube-avec-chocolats\/#breadcrumb","itemListElement":[{"@type":"ListItem","position":1,"name":"Home","item":"https:\/\/carameloscerdan.com\/fr\/"},{"@type":"ListItem","position":2,"name":"Shop","item":"https:\/\/carameloscerdan.com\/shop\/"},{"@type":"ListItem","position":3,"name":"Cube avec chocolats"}]},{"@type":"WebSite","@id":"https:\/\/carameloscerdan.com\/#website","url":"https:\/\/carameloscerdan.com\/","name":"Caramelos Cerd\u00e1n","description":"F\u00e1brica de caramelos","potentialAction":[{"@type":"SearchAction","target":{"@type":"EntryPoint","urlTemplate":"https:\/\/carameloscerdan.com\/?s={search_term_string}"},"query-input":{"@type":"PropertyValueSpecification","valueRequired":true,"valueName":"search_term_string"}}],"inLanguage":"fr-FR"}]}},"_links":{"self":[{"href":"https:\/\/carameloscerdan.com\/fr\/wp-json\/wp\/v2\/product\/5380","targetHints":{"allow":["GET"]}}],"collection":[{"href":"https:\/\/carameloscerdan.com\/fr\/wp-json\/wp\/v2\/product"}],"about":[{"href":"https:\/\/carameloscerdan.com\/fr\/wp-json\/wp\/v2\/types\/product"}],"wp:featuredmedia":[{"embeddable":true,"href":"https:\/\/carameloscerdan.com\/fr\/wp-json\/wp\/v2\/media\/3106"}],"wp:attachment":[{"href":"https:\/\/carameloscerdan.com\/fr\/wp-json\/wp\/v2\/media?parent=5380"}],"wp:term":[{"taxonomy":"product_cat","embeddable":true,"href":"https:\/\/carameloscerdan.com\/fr\/wp-json\/wp\/v2\/product_cat?post=5380"},{"taxonomy":"product_tag","embeddable":true,"href":"https:\/\/carameloscerdan.com\/fr\/wp-json\/wp\/v2\/product_tag?post=5380"}],"curies":[{"name":"wp","href":"https:\/\/api.w.org\/{rel}","templated":true}]}}