{"id":5372,"date":"2021-07-29T16:17:00","date_gmt":"2021-07-29T16:17:00","guid":{"rendered":"https:\/\/carameloscerdan.com\/non%20class\u00e9\/latas-redondas\/"},"modified":"2022-10-29T08:26:01","modified_gmt":"2022-10-29T08:26:01","slug":"boites-rondes","status":"publish","type":"product","link":"https:\/\/carameloscerdan.com\/fr\/personnalise\/boites-rondes\/","title":{"rendered":"Bo\u00eetes rondes"},"content":{"rendered":"<p>Boite blanche ronde \u00d875 remplie de 50 gr de mini bonbons ou jelly beans sans sucre et \u00d8100 et \u00d8150 mm remplie de bonbons emball\u00e9s et disponible avec sucre, sans sucre, biologique, commerce \u00e9quitable, avec vitamines et papier compostable. Avec des colorants naturels. Sans gluten. Sans allerg\u00e8nes. apte pour v\u00e9g\u00e9taliens. ou avec des chocolats emball\u00e9s. Sans gluten<\/p>\n","protected":false},"excerpt":{"rendered":"<p>Boite blanche ronde \u00d875 et \u00d8100 et \u00d8150 mm<\/p>\n","protected":false},"featured_media":3115,"template":"","meta":[],"product_cat":[108],"product_tag":[],"class_list":{"0":"post-5372","1":"product","2":"type-product","3":"status-publish","4":"has-post-thumbnail","6":"product_cat-personnalise","7":"pa_atributo-bio-fr","8":"pa_atributo-sans-sucre","9":"pa_envase-etui-petit","10":"pa_familia-regalo-personalizado-fr","11":"pa_formato-flowpack-fr","12":"pa_peso-consultar-fr","13":"pa_sabor-cerise","14":"pa_sabor-citron","15":"pa_sabor-cola-fr","16":"pa_sabor-creme-blanche","17":"pa_sabor-mandarine","18":"pa_sabor-pomme","19":"pa_sabor-praline-noisette","21":"first","22":"instock","23":"product-type-simple"},"yoast_head":"<!-- This site is optimized with the Yoast SEO plugin v25.1 - https:\/\/yoast.com\/wordpress\/plugins\/seo\/ -->\n<title>Bo\u00eetes rondes - Caramelos Cerd\u00e1n<\/title>\n<meta name=\"description\" content=\"Lata redonda de caramelos o jelly beans personalizados. Disponibles en variedad de sabores, sin az\u00facar, ecol\u00f3gicos y con vitaminas.\" \/>\n<meta name=\"robots\" content=\"index, follow, max-snippet:-1, max-image-preview:large, max-video-preview:-1\" \/>\n<link rel=\"canonical\" href=\"https:\/\/carameloscerdan.com\/fr\/personnalise\/boites-rondes\/\" \/>\n<meta property=\"og:locale\" content=\"fr_FR\" \/>\n<meta property=\"og:type\" content=\"article\" \/>\n<meta property=\"og:title\" content=\"Bo\u00eetes rondes - Caramelos Cerd\u00e1n\" \/>\n<meta property=\"og:description\" content=\"Lata redonda de caramelos o jelly beans personalizados. Disponibles en variedad de sabores, sin az\u00facar, ecol\u00f3gicos y con vitaminas.\" \/>\n<meta property=\"og:url\" content=\"https:\/\/carameloscerdan.com\/fr\/personnalise\/boites-rondes\/\" \/>\n<meta property=\"og:site_name\" content=\"Caramelos Cerd\u00e1n\" \/>\n<meta property=\"article:modified_time\" content=\"2022-10-29T08:26:01+00:00\" \/>\n<meta property=\"og:image\" content=\"https:\/\/carameloscerdan.com\/wp-content\/uploads\/2021\/07\/lata-75-D.png\" \/>\n\t<meta property=\"og:image:width\" content=\"920\" \/>\n\t<meta property=\"og:image:height\" content=\"920\" \/>\n\t<meta property=\"og:image:type\" content=\"image\/png\" \/>\n<meta name=\"twitter:card\" content=\"summary_large_image\" \/>\n<script type=\"application\/ld+json\" class=\"yoast-schema-graph\">{\"@context\":\"https:\/\/schema.org\",\"@graph\":[{\"@type\":\"WebPage\",\"@id\":\"https:\/\/carameloscerdan.com\/fr\/personnalise\/boites-rondes\/\",\"url\":\"https:\/\/carameloscerdan.com\/fr\/personnalise\/boites-rondes\/\",\"name\":\"Bo\u00eetes rondes - Caramelos Cerd\u00e1n\",\"isPartOf\":{\"@id\":\"https:\/\/carameloscerdan.com\/#website\"},\"primaryImageOfPage\":{\"@id\":\"https:\/\/carameloscerdan.com\/fr\/personnalise\/boites-rondes\/#primaryimage\"},\"image\":{\"@id\":\"https:\/\/carameloscerdan.com\/fr\/personnalise\/boites-rondes\/#primaryimage\"},\"thumbnailUrl\":\"https:\/\/carameloscerdan.com\/wp-content\/uploads\/2021\/07\/lata-75-D.png\",\"datePublished\":\"2021-07-29T16:17:00+00:00\",\"dateModified\":\"2022-10-29T08:26:01+00:00\",\"description\":\"Lata redonda de caramelos o jelly beans personalizados. Disponibles en variedad de sabores, sin az\u00facar, ecol\u00f3gicos y con vitaminas.\",\"breadcrumb\":{\"@id\":\"https:\/\/carameloscerdan.com\/fr\/personnalise\/boites-rondes\/#breadcrumb\"},\"inLanguage\":\"fr-FR\",\"potentialAction\":[{\"@type\":\"ReadAction\",\"target\":[\"https:\/\/carameloscerdan.com\/fr\/personnalise\/boites-rondes\/\"]}]},{\"@type\":\"ImageObject\",\"inLanguage\":\"fr-FR\",\"@id\":\"https:\/\/carameloscerdan.com\/fr\/personnalise\/boites-rondes\/#primaryimage\",\"url\":\"https:\/\/carameloscerdan.com\/wp-content\/uploads\/2021\/07\/lata-75-D.png\",\"contentUrl\":\"https:\/\/carameloscerdan.com\/wp-content\/uploads\/2021\/07\/lata-75-D.png\",\"width\":920,\"height\":920},{\"@type\":\"BreadcrumbList\",\"@id\":\"https:\/\/carameloscerdan.com\/fr\/personnalise\/boites-rondes\/#breadcrumb\",\"itemListElement\":[{\"@type\":\"ListItem\",\"position\":1,\"name\":\"Home\",\"item\":\"https:\/\/carameloscerdan.com\/fr\/\"},{\"@type\":\"ListItem\",\"position\":2,\"name\":\"Shop\",\"item\":\"https:\/\/carameloscerdan.com\/shop\/\"},{\"@type\":\"ListItem\",\"position\":3,\"name\":\"Bo\u00eetes rondes\"}]},{\"@type\":\"WebSite\",\"@id\":\"https:\/\/carameloscerdan.com\/#website\",\"url\":\"https:\/\/carameloscerdan.com\/\",\"name\":\"Caramelos Cerd\u00e1n\",\"description\":\"F\u00e1brica de caramelos\",\"potentialAction\":[{\"@type\":\"SearchAction\",\"target\":{\"@type\":\"EntryPoint\",\"urlTemplate\":\"https:\/\/carameloscerdan.com\/?s={search_term_string}\"},\"query-input\":{\"@type\":\"PropertyValueSpecification\",\"valueRequired\":true,\"valueName\":\"search_term_string\"}}],\"inLanguage\":\"fr-FR\"}]}<\/script>\n<!-- \/ Yoast SEO plugin. -->","yoast_head_json":{"title":"Bo\u00eetes rondes - Caramelos Cerd\u00e1n","description":"Lata redonda de caramelos o jelly beans personalizados. Disponibles en variedad de sabores, sin az\u00facar, ecol\u00f3gicos y con vitaminas.","robots":{"index":"index","follow":"follow","max-snippet":"max-snippet:-1","max-image-preview":"max-image-preview:large","max-video-preview":"max-video-preview:-1"},"canonical":"https:\/\/carameloscerdan.com\/fr\/personnalise\/boites-rondes\/","og_locale":"fr_FR","og_type":"article","og_title":"Bo\u00eetes rondes - Caramelos Cerd\u00e1n","og_description":"Lata redonda de caramelos o jelly beans personalizados. Disponibles en variedad de sabores, sin az\u00facar, ecol\u00f3gicos y con vitaminas.","og_url":"https:\/\/carameloscerdan.com\/fr\/personnalise\/boites-rondes\/","og_site_name":"Caramelos Cerd\u00e1n","article_modified_time":"2022-10-29T08:26:01+00:00","og_image":[{"width":920,"height":920,"url":"https:\/\/carameloscerdan.com\/wp-content\/uploads\/2021\/07\/lata-75-D.png","type":"image\/png"}],"twitter_card":"summary_large_image","schema":{"@context":"https:\/\/schema.org","@graph":[{"@type":"WebPage","@id":"https:\/\/carameloscerdan.com\/fr\/personnalise\/boites-rondes\/","url":"https:\/\/carameloscerdan.com\/fr\/personnalise\/boites-rondes\/","name":"Bo\u00eetes rondes - Caramelos Cerd\u00e1n","isPartOf":{"@id":"https:\/\/carameloscerdan.com\/#website"},"primaryImageOfPage":{"@id":"https:\/\/carameloscerdan.com\/fr\/personnalise\/boites-rondes\/#primaryimage"},"image":{"@id":"https:\/\/carameloscerdan.com\/fr\/personnalise\/boites-rondes\/#primaryimage"},"thumbnailUrl":"https:\/\/carameloscerdan.com\/wp-content\/uploads\/2021\/07\/lata-75-D.png","datePublished":"2021-07-29T16:17:00+00:00","dateModified":"2022-10-29T08:26:01+00:00","description":"Lata redonda de caramelos o jelly beans personalizados. Disponibles en variedad de sabores, sin az\u00facar, ecol\u00f3gicos y con vitaminas.","breadcrumb":{"@id":"https:\/\/carameloscerdan.com\/fr\/personnalise\/boites-rondes\/#breadcrumb"},"inLanguage":"fr-FR","potentialAction":[{"@type":"ReadAction","target":["https:\/\/carameloscerdan.com\/fr\/personnalise\/boites-rondes\/"]}]},{"@type":"ImageObject","inLanguage":"fr-FR","@id":"https:\/\/carameloscerdan.com\/fr\/personnalise\/boites-rondes\/#primaryimage","url":"https:\/\/carameloscerdan.com\/wp-content\/uploads\/2021\/07\/lata-75-D.png","contentUrl":"https:\/\/carameloscerdan.com\/wp-content\/uploads\/2021\/07\/lata-75-D.png","width":920,"height":920},{"@type":"BreadcrumbList","@id":"https:\/\/carameloscerdan.com\/fr\/personnalise\/boites-rondes\/#breadcrumb","itemListElement":[{"@type":"ListItem","position":1,"name":"Home","item":"https:\/\/carameloscerdan.com\/fr\/"},{"@type":"ListItem","position":2,"name":"Shop","item":"https:\/\/carameloscerdan.com\/shop\/"},{"@type":"ListItem","position":3,"name":"Bo\u00eetes rondes"}]},{"@type":"WebSite","@id":"https:\/\/carameloscerdan.com\/#website","url":"https:\/\/carameloscerdan.com\/","name":"Caramelos Cerd\u00e1n","description":"F\u00e1brica de caramelos","potentialAction":[{"@type":"SearchAction","target":{"@type":"EntryPoint","urlTemplate":"https:\/\/carameloscerdan.com\/?s={search_term_string}"},"query-input":{"@type":"PropertyValueSpecification","valueRequired":true,"valueName":"search_term_string"}}],"inLanguage":"fr-FR"}]}},"_links":{"self":[{"href":"https:\/\/carameloscerdan.com\/fr\/wp-json\/wp\/v2\/product\/5372","targetHints":{"allow":["GET"]}}],"collection":[{"href":"https:\/\/carameloscerdan.com\/fr\/wp-json\/wp\/v2\/product"}],"about":[{"href":"https:\/\/carameloscerdan.com\/fr\/wp-json\/wp\/v2\/types\/product"}],"wp:featuredmedia":[{"embeddable":true,"href":"https:\/\/carameloscerdan.com\/fr\/wp-json\/wp\/v2\/media\/3115"}],"wp:attachment":[{"href":"https:\/\/carameloscerdan.com\/fr\/wp-json\/wp\/v2\/media?parent=5372"}],"wp:term":[{"taxonomy":"product_cat","embeddable":true,"href":"https:\/\/carameloscerdan.com\/fr\/wp-json\/wp\/v2\/product_cat?post=5372"},{"taxonomy":"product_tag","embeddable":true,"href":"https:\/\/carameloscerdan.com\/fr\/wp-json\/wp\/v2\/product_tag?post=5372"}],"curies":[{"name":"wp","href":"https:\/\/api.w.org\/{rel}","templated":true}]}}