{"id":5371,"date":"2021-07-29T16:17:00","date_gmt":"2021-07-29T16:17:00","guid":{"rendered":"https:\/\/carameloscerdan.com\/non%20class\u00e9\/caramelera-barco\/"},"modified":"2022-10-29T08:32:53","modified_gmt":"2022-10-29T08:32:53","slug":"bateau-display","status":"publish","type":"product","link":"https:\/\/carameloscerdan.com\/fr\/personnalise\/bateau-display\/","title":{"rendered":"Bateau display"},"content":{"rendered":"<p>Bonbonni\u00e8re bateau en plastique 315&#215;295 mm avec \u00e9tiquette personnalis\u00e9e 60&#215;90 mm \u00e0 remplir de bonbons emball\u00e9s et disponible avec sucre, sans sucre, biologique, commerce \u00e9quitable, avec vitamines et papier compostable. Avec des colorants naturels. Sans gluten. Sans allerg\u00e8nes. apte pour v\u00e9g\u00e9taliens. ou avec des chocolats emball\u00e9s. Sans gluten<\/p>\n","protected":false},"excerpt":{"rendered":"<p>Bonbonni\u00e8re bateau en plastique 315&#215;295 mm <\/p>\n","protected":false},"featured_media":3067,"template":"","meta":[],"product_cat":[108],"product_tag":[],"class_list":{"0":"post-5371","1":"product","2":"type-product","3":"status-publish","4":"has-post-thumbnail","6":"product_cat-personnalise","7":"pa_atributo-bio-fr","8":"pa_atributo-sans-sucre","9":"pa_envase-etui-petit","10":"pa_familia-regalo-personalizado-fr","11":"pa_formato-flowpack-fr","12":"pa_peso-consultar-fr","13":"pa_sabor-cacao-fr","14":"pa_sabor-caramel","15":"pa_sabor-cerise","16":"pa_sabor-chocolat-au-lait","17":"pa_sabor-citron","18":"pa_sabor-cola-fr","19":"pa_sabor-creme-blanche","20":"pa_sabor-mandarine","21":"pa_sabor-pomme","22":"pa_sabor-praline-noisette","23":"pa_sabor-truffe","25":"first","26":"instock","27":"product-type-simple"},"yoast_head":"<!-- This site is optimized with the Yoast SEO plugin v25.1 - https:\/\/yoast.com\/wordpress\/plugins\/seo\/ -->\n<title>Bateau display - Caramelos Cerd\u00e1n<\/title>\n<meta name=\"description\" content=\"Expositor de caramelos en forma de barco con etiqueta personalizada. Caramelos disponibles sin az\u00facar, ecol\u00f3gicos y con vitaminas.\" \/>\n<meta name=\"robots\" content=\"index, follow, max-snippet:-1, max-image-preview:large, max-video-preview:-1\" \/>\n<link rel=\"canonical\" href=\"https:\/\/carameloscerdan.com\/fr\/personnalise\/bateau-display\/\" \/>\n<meta property=\"og:locale\" content=\"fr_FR\" \/>\n<meta property=\"og:type\" content=\"article\" \/>\n<meta property=\"og:title\" content=\"Bateau display - Caramelos Cerd\u00e1n\" \/>\n<meta property=\"og:description\" content=\"Expositor de caramelos en forma de barco con etiqueta personalizada. Caramelos disponibles sin az\u00facar, ecol\u00f3gicos y con vitaminas.\" \/>\n<meta property=\"og:url\" content=\"https:\/\/carameloscerdan.com\/fr\/personnalise\/bateau-display\/\" \/>\n<meta property=\"og:site_name\" content=\"Caramelos Cerd\u00e1n\" \/>\n<meta property=\"article:modified_time\" content=\"2022-10-29T08:32:53+00:00\" \/>\n<meta property=\"og:image\" content=\"https:\/\/carameloscerdan.com\/wp-content\/uploads\/2021\/07\/Caramelera-barco-D.png\" \/>\n\t<meta property=\"og:image:width\" content=\"920\" \/>\n\t<meta property=\"og:image:height\" content=\"920\" \/>\n\t<meta property=\"og:image:type\" content=\"image\/png\" \/>\n<meta name=\"twitter:card\" content=\"summary_large_image\" \/>\n<script type=\"application\/ld+json\" class=\"yoast-schema-graph\">{\"@context\":\"https:\/\/schema.org\",\"@graph\":[{\"@type\":\"WebPage\",\"@id\":\"https:\/\/carameloscerdan.com\/fr\/personnalise\/bateau-display\/\",\"url\":\"https:\/\/carameloscerdan.com\/fr\/personnalise\/bateau-display\/\",\"name\":\"Bateau display - Caramelos Cerd\u00e1n\",\"isPartOf\":{\"@id\":\"https:\/\/carameloscerdan.com\/#website\"},\"primaryImageOfPage\":{\"@id\":\"https:\/\/carameloscerdan.com\/fr\/personnalise\/bateau-display\/#primaryimage\"},\"image\":{\"@id\":\"https:\/\/carameloscerdan.com\/fr\/personnalise\/bateau-display\/#primaryimage\"},\"thumbnailUrl\":\"https:\/\/carameloscerdan.com\/wp-content\/uploads\/2021\/07\/Caramelera-barco-D.png\",\"datePublished\":\"2021-07-29T16:17:00+00:00\",\"dateModified\":\"2022-10-29T08:32:53+00:00\",\"description\":\"Expositor de caramelos en forma de barco con etiqueta personalizada. Caramelos disponibles sin az\u00facar, ecol\u00f3gicos y con vitaminas.\",\"breadcrumb\":{\"@id\":\"https:\/\/carameloscerdan.com\/fr\/personnalise\/bateau-display\/#breadcrumb\"},\"inLanguage\":\"fr-FR\",\"potentialAction\":[{\"@type\":\"ReadAction\",\"target\":[\"https:\/\/carameloscerdan.com\/fr\/personnalise\/bateau-display\/\"]}]},{\"@type\":\"ImageObject\",\"inLanguage\":\"fr-FR\",\"@id\":\"https:\/\/carameloscerdan.com\/fr\/personnalise\/bateau-display\/#primaryimage\",\"url\":\"https:\/\/carameloscerdan.com\/wp-content\/uploads\/2021\/07\/Caramelera-barco-D.png\",\"contentUrl\":\"https:\/\/carameloscerdan.com\/wp-content\/uploads\/2021\/07\/Caramelera-barco-D.png\",\"width\":920,\"height\":920},{\"@type\":\"BreadcrumbList\",\"@id\":\"https:\/\/carameloscerdan.com\/fr\/personnalise\/bateau-display\/#breadcrumb\",\"itemListElement\":[{\"@type\":\"ListItem\",\"position\":1,\"name\":\"Home\",\"item\":\"https:\/\/carameloscerdan.com\/fr\/\"},{\"@type\":\"ListItem\",\"position\":2,\"name\":\"Shop\",\"item\":\"https:\/\/carameloscerdan.com\/shop\/\"},{\"@type\":\"ListItem\",\"position\":3,\"name\":\"Bateau display\"}]},{\"@type\":\"WebSite\",\"@id\":\"https:\/\/carameloscerdan.com\/#website\",\"url\":\"https:\/\/carameloscerdan.com\/\",\"name\":\"Caramelos Cerd\u00e1n\",\"description\":\"F\u00e1brica de caramelos\",\"potentialAction\":[{\"@type\":\"SearchAction\",\"target\":{\"@type\":\"EntryPoint\",\"urlTemplate\":\"https:\/\/carameloscerdan.com\/?s={search_term_string}\"},\"query-input\":{\"@type\":\"PropertyValueSpecification\",\"valueRequired\":true,\"valueName\":\"search_term_string\"}}],\"inLanguage\":\"fr-FR\"}]}<\/script>\n<!-- \/ Yoast SEO plugin. -->","yoast_head_json":{"title":"Bateau display - Caramelos Cerd\u00e1n","description":"Expositor de caramelos en forma de barco con etiqueta personalizada. Caramelos disponibles sin az\u00facar, ecol\u00f3gicos y con vitaminas.","robots":{"index":"index","follow":"follow","max-snippet":"max-snippet:-1","max-image-preview":"max-image-preview:large","max-video-preview":"max-video-preview:-1"},"canonical":"https:\/\/carameloscerdan.com\/fr\/personnalise\/bateau-display\/","og_locale":"fr_FR","og_type":"article","og_title":"Bateau display - Caramelos Cerd\u00e1n","og_description":"Expositor de caramelos en forma de barco con etiqueta personalizada. Caramelos disponibles sin az\u00facar, ecol\u00f3gicos y con vitaminas.","og_url":"https:\/\/carameloscerdan.com\/fr\/personnalise\/bateau-display\/","og_site_name":"Caramelos Cerd\u00e1n","article_modified_time":"2022-10-29T08:32:53+00:00","og_image":[{"width":920,"height":920,"url":"https:\/\/carameloscerdan.com\/wp-content\/uploads\/2021\/07\/Caramelera-barco-D.png","type":"image\/png"}],"twitter_card":"summary_large_image","schema":{"@context":"https:\/\/schema.org","@graph":[{"@type":"WebPage","@id":"https:\/\/carameloscerdan.com\/fr\/personnalise\/bateau-display\/","url":"https:\/\/carameloscerdan.com\/fr\/personnalise\/bateau-display\/","name":"Bateau display - Caramelos Cerd\u00e1n","isPartOf":{"@id":"https:\/\/carameloscerdan.com\/#website"},"primaryImageOfPage":{"@id":"https:\/\/carameloscerdan.com\/fr\/personnalise\/bateau-display\/#primaryimage"},"image":{"@id":"https:\/\/carameloscerdan.com\/fr\/personnalise\/bateau-display\/#primaryimage"},"thumbnailUrl":"https:\/\/carameloscerdan.com\/wp-content\/uploads\/2021\/07\/Caramelera-barco-D.png","datePublished":"2021-07-29T16:17:00+00:00","dateModified":"2022-10-29T08:32:53+00:00","description":"Expositor de caramelos en forma de barco con etiqueta personalizada. Caramelos disponibles sin az\u00facar, ecol\u00f3gicos y con vitaminas.","breadcrumb":{"@id":"https:\/\/carameloscerdan.com\/fr\/personnalise\/bateau-display\/#breadcrumb"},"inLanguage":"fr-FR","potentialAction":[{"@type":"ReadAction","target":["https:\/\/carameloscerdan.com\/fr\/personnalise\/bateau-display\/"]}]},{"@type":"ImageObject","inLanguage":"fr-FR","@id":"https:\/\/carameloscerdan.com\/fr\/personnalise\/bateau-display\/#primaryimage","url":"https:\/\/carameloscerdan.com\/wp-content\/uploads\/2021\/07\/Caramelera-barco-D.png","contentUrl":"https:\/\/carameloscerdan.com\/wp-content\/uploads\/2021\/07\/Caramelera-barco-D.png","width":920,"height":920},{"@type":"BreadcrumbList","@id":"https:\/\/carameloscerdan.com\/fr\/personnalise\/bateau-display\/#breadcrumb","itemListElement":[{"@type":"ListItem","position":1,"name":"Home","item":"https:\/\/carameloscerdan.com\/fr\/"},{"@type":"ListItem","position":2,"name":"Shop","item":"https:\/\/carameloscerdan.com\/shop\/"},{"@type":"ListItem","position":3,"name":"Bateau display"}]},{"@type":"WebSite","@id":"https:\/\/carameloscerdan.com\/#website","url":"https:\/\/carameloscerdan.com\/","name":"Caramelos Cerd\u00e1n","description":"F\u00e1brica de caramelos","potentialAction":[{"@type":"SearchAction","target":{"@type":"EntryPoint","urlTemplate":"https:\/\/carameloscerdan.com\/?s={search_term_string}"},"query-input":{"@type":"PropertyValueSpecification","valueRequired":true,"valueName":"search_term_string"}}],"inLanguage":"fr-FR"}]}},"_links":{"self":[{"href":"https:\/\/carameloscerdan.com\/fr\/wp-json\/wp\/v2\/product\/5371","targetHints":{"allow":["GET"]}}],"collection":[{"href":"https:\/\/carameloscerdan.com\/fr\/wp-json\/wp\/v2\/product"}],"about":[{"href":"https:\/\/carameloscerdan.com\/fr\/wp-json\/wp\/v2\/types\/product"}],"wp:featuredmedia":[{"embeddable":true,"href":"https:\/\/carameloscerdan.com\/fr\/wp-json\/wp\/v2\/media\/3067"}],"wp:attachment":[{"href":"https:\/\/carameloscerdan.com\/fr\/wp-json\/wp\/v2\/media?parent=5371"}],"wp:term":[{"taxonomy":"product_cat","embeddable":true,"href":"https:\/\/carameloscerdan.com\/fr\/wp-json\/wp\/v2\/product_cat?post=5371"},{"taxonomy":"product_tag","embeddable":true,"href":"https:\/\/carameloscerdan.com\/fr\/wp-json\/wp\/v2\/product_tag?post=5371"}],"curies":[{"name":"wp","href":"https:\/\/api.w.org\/{rel}","templated":true}]}}