{"id":5295,"date":"2021-09-29T14:54:19","date_gmt":"2021-09-29T14:54:19","guid":{"rendered":"https:\/\/carameloscerdan.com\/non%20class\u00e9\/dracu-pop-52-g\/"},"modified":"2022-10-29T08:05:38","modified_gmt":"2022-10-29T08:05:38","slug":"dracu-pop-52-g","status":"publish","type":"product","link":"https:\/\/carameloscerdan.com\/fr\/notre-marque\/dracu-pop-52-g\/","title":{"rendered":"Dracu Pop 5,2 g"},"content":{"rendered":"<p>Sucette platte o sucette boule rempli de gomme \u00e0 m\u00e2cher. parfum cerise avec colorants naturels, sans gluten, sans allerg\u00e8nes et pour v\u00e9g\u00e9taliens<\/p>\n","protected":false},"excerpt":{"rendered":"<p>T\u00eate dracula avec lumi\u00e8re dans les yeux. Sucettes plattes ou boules parfum cerise<\/p>\n","protected":false},"featured_media":2815,"template":"","meta":[],"product_cat":[112],"product_tag":[],"class_list":{"0":"post-5295","1":"product","2":"type-product","3":"status-publish","4":"has-post-thumbnail","6":"product_cat-notre-marque","7":"pa_envase-tete","8":"pa_familia-expositores-cabeza-fr","9":"pa_formato-tete","10":"pa_formato-sucette","11":"pa_peso-52-g-fr","12":"pa_sabor-cerise","14":"first","15":"instock","16":"product-type-simple"},"yoast_head":"<!-- This site is optimized with the Yoast SEO plugin v25.1 - https:\/\/yoast.com\/wordpress\/plugins\/seo\/ -->\n<title>Dracu Pop 5,2 g - Caramelos Cerd\u00e1n<\/title>\n<meta name=\"robots\" content=\"index, follow, max-snippet:-1, max-image-preview:large, max-video-preview:-1\" \/>\n<link rel=\"canonical\" href=\"https:\/\/carameloscerdan.com\/fr\/notre-marque\/dracu-pop-52-g\/\" \/>\n<meta property=\"og:locale\" content=\"fr_FR\" \/>\n<meta property=\"og:type\" content=\"article\" \/>\n<meta property=\"og:title\" content=\"Dracu Pop 5,2 g - Caramelos Cerd\u00e1n\" \/>\n<meta property=\"og:description\" content=\"T\u00eate dracula avec lumi\u00e8re dans les yeux. Sucettes plattes ou boules parfum cerise\" \/>\n<meta property=\"og:url\" content=\"https:\/\/carameloscerdan.com\/fr\/notre-marque\/dracu-pop-52-g\/\" \/>\n<meta property=\"og:site_name\" content=\"Caramelos Cerd\u00e1n\" \/>\n<meta property=\"article:modified_time\" content=\"2022-10-29T08:05:38+00:00\" \/>\n<meta property=\"og:image\" content=\"https:\/\/carameloscerdan.com\/wp-content\/uploads\/2021\/07\/Dracu-pop-D.png\" \/>\n\t<meta property=\"og:image:width\" content=\"920\" \/>\n\t<meta property=\"og:image:height\" content=\"920\" \/>\n\t<meta property=\"og:image:type\" content=\"image\/png\" \/>\n<meta name=\"twitter:card\" content=\"summary_large_image\" \/>\n<script type=\"application\/ld+json\" class=\"yoast-schema-graph\">{\"@context\":\"https:\/\/schema.org\",\"@graph\":[{\"@type\":\"WebPage\",\"@id\":\"https:\/\/carameloscerdan.com\/fr\/notre-marque\/dracu-pop-52-g\/\",\"url\":\"https:\/\/carameloscerdan.com\/fr\/notre-marque\/dracu-pop-52-g\/\",\"name\":\"Dracu Pop 5,2 g - Caramelos Cerd\u00e1n\",\"isPartOf\":{\"@id\":\"https:\/\/carameloscerdan.com\/#website\"},\"primaryImageOfPage\":{\"@id\":\"https:\/\/carameloscerdan.com\/fr\/notre-marque\/dracu-pop-52-g\/#primaryimage\"},\"image\":{\"@id\":\"https:\/\/carameloscerdan.com\/fr\/notre-marque\/dracu-pop-52-g\/#primaryimage\"},\"thumbnailUrl\":\"https:\/\/carameloscerdan.com\/wp-content\/uploads\/2021\/07\/Dracu-pop-D.png\",\"datePublished\":\"2021-09-29T14:54:19+00:00\",\"dateModified\":\"2022-10-29T08:05:38+00:00\",\"breadcrumb\":{\"@id\":\"https:\/\/carameloscerdan.com\/fr\/notre-marque\/dracu-pop-52-g\/#breadcrumb\"},\"inLanguage\":\"fr-FR\",\"potentialAction\":[{\"@type\":\"ReadAction\",\"target\":[\"https:\/\/carameloscerdan.com\/fr\/notre-marque\/dracu-pop-52-g\/\"]}]},{\"@type\":\"ImageObject\",\"inLanguage\":\"fr-FR\",\"@id\":\"https:\/\/carameloscerdan.com\/fr\/notre-marque\/dracu-pop-52-g\/#primaryimage\",\"url\":\"https:\/\/carameloscerdan.com\/wp-content\/uploads\/2021\/07\/Dracu-pop-D.png\",\"contentUrl\":\"https:\/\/carameloscerdan.com\/wp-content\/uploads\/2021\/07\/Dracu-pop-D.png\",\"width\":920,\"height\":920},{\"@type\":\"BreadcrumbList\",\"@id\":\"https:\/\/carameloscerdan.com\/fr\/notre-marque\/dracu-pop-52-g\/#breadcrumb\",\"itemListElement\":[{\"@type\":\"ListItem\",\"position\":1,\"name\":\"Home\",\"item\":\"https:\/\/carameloscerdan.com\/fr\/\"},{\"@type\":\"ListItem\",\"position\":2,\"name\":\"Shop\",\"item\":\"https:\/\/carameloscerdan.com\/shop\/\"},{\"@type\":\"ListItem\",\"position\":3,\"name\":\"Dracu Pop 5,2 g\"}]},{\"@type\":\"WebSite\",\"@id\":\"https:\/\/carameloscerdan.com\/#website\",\"url\":\"https:\/\/carameloscerdan.com\/\",\"name\":\"Caramelos Cerd\u00e1n\",\"description\":\"F\u00e1brica de caramelos\",\"potentialAction\":[{\"@type\":\"SearchAction\",\"target\":{\"@type\":\"EntryPoint\",\"urlTemplate\":\"https:\/\/carameloscerdan.com\/?s={search_term_string}\"},\"query-input\":{\"@type\":\"PropertyValueSpecification\",\"valueRequired\":true,\"valueName\":\"search_term_string\"}}],\"inLanguage\":\"fr-FR\"}]}<\/script>\n<!-- \/ Yoast SEO plugin. -->","yoast_head_json":{"title":"Dracu Pop 5,2 g - Caramelos Cerd\u00e1n","robots":{"index":"index","follow":"follow","max-snippet":"max-snippet:-1","max-image-preview":"max-image-preview:large","max-video-preview":"max-video-preview:-1"},"canonical":"https:\/\/carameloscerdan.com\/fr\/notre-marque\/dracu-pop-52-g\/","og_locale":"fr_FR","og_type":"article","og_title":"Dracu Pop 5,2 g - Caramelos Cerd\u00e1n","og_description":"T\u00eate dracula avec lumi\u00e8re dans les yeux. Sucettes plattes ou boules parfum cerise","og_url":"https:\/\/carameloscerdan.com\/fr\/notre-marque\/dracu-pop-52-g\/","og_site_name":"Caramelos Cerd\u00e1n","article_modified_time":"2022-10-29T08:05:38+00:00","og_image":[{"width":920,"height":920,"url":"https:\/\/carameloscerdan.com\/wp-content\/uploads\/2021\/07\/Dracu-pop-D.png","type":"image\/png"}],"twitter_card":"summary_large_image","schema":{"@context":"https:\/\/schema.org","@graph":[{"@type":"WebPage","@id":"https:\/\/carameloscerdan.com\/fr\/notre-marque\/dracu-pop-52-g\/","url":"https:\/\/carameloscerdan.com\/fr\/notre-marque\/dracu-pop-52-g\/","name":"Dracu Pop 5,2 g - Caramelos Cerd\u00e1n","isPartOf":{"@id":"https:\/\/carameloscerdan.com\/#website"},"primaryImageOfPage":{"@id":"https:\/\/carameloscerdan.com\/fr\/notre-marque\/dracu-pop-52-g\/#primaryimage"},"image":{"@id":"https:\/\/carameloscerdan.com\/fr\/notre-marque\/dracu-pop-52-g\/#primaryimage"},"thumbnailUrl":"https:\/\/carameloscerdan.com\/wp-content\/uploads\/2021\/07\/Dracu-pop-D.png","datePublished":"2021-09-29T14:54:19+00:00","dateModified":"2022-10-29T08:05:38+00:00","breadcrumb":{"@id":"https:\/\/carameloscerdan.com\/fr\/notre-marque\/dracu-pop-52-g\/#breadcrumb"},"inLanguage":"fr-FR","potentialAction":[{"@type":"ReadAction","target":["https:\/\/carameloscerdan.com\/fr\/notre-marque\/dracu-pop-52-g\/"]}]},{"@type":"ImageObject","inLanguage":"fr-FR","@id":"https:\/\/carameloscerdan.com\/fr\/notre-marque\/dracu-pop-52-g\/#primaryimage","url":"https:\/\/carameloscerdan.com\/wp-content\/uploads\/2021\/07\/Dracu-pop-D.png","contentUrl":"https:\/\/carameloscerdan.com\/wp-content\/uploads\/2021\/07\/Dracu-pop-D.png","width":920,"height":920},{"@type":"BreadcrumbList","@id":"https:\/\/carameloscerdan.com\/fr\/notre-marque\/dracu-pop-52-g\/#breadcrumb","itemListElement":[{"@type":"ListItem","position":1,"name":"Home","item":"https:\/\/carameloscerdan.com\/fr\/"},{"@type":"ListItem","position":2,"name":"Shop","item":"https:\/\/carameloscerdan.com\/shop\/"},{"@type":"ListItem","position":3,"name":"Dracu Pop 5,2 g"}]},{"@type":"WebSite","@id":"https:\/\/carameloscerdan.com\/#website","url":"https:\/\/carameloscerdan.com\/","name":"Caramelos Cerd\u00e1n","description":"F\u00e1brica de caramelos","potentialAction":[{"@type":"SearchAction","target":{"@type":"EntryPoint","urlTemplate":"https:\/\/carameloscerdan.com\/?s={search_term_string}"},"query-input":{"@type":"PropertyValueSpecification","valueRequired":true,"valueName":"search_term_string"}}],"inLanguage":"fr-FR"}]}},"_links":{"self":[{"href":"https:\/\/carameloscerdan.com\/fr\/wp-json\/wp\/v2\/product\/5295","targetHints":{"allow":["GET"]}}],"collection":[{"href":"https:\/\/carameloscerdan.com\/fr\/wp-json\/wp\/v2\/product"}],"about":[{"href":"https:\/\/carameloscerdan.com\/fr\/wp-json\/wp\/v2\/types\/product"}],"wp:featuredmedia":[{"embeddable":true,"href":"https:\/\/carameloscerdan.com\/fr\/wp-json\/wp\/v2\/media\/2815"}],"wp:attachment":[{"href":"https:\/\/carameloscerdan.com\/fr\/wp-json\/wp\/v2\/media?parent=5295"}],"wp:term":[{"taxonomy":"product_cat","embeddable":true,"href":"https:\/\/carameloscerdan.com\/fr\/wp-json\/wp\/v2\/product_cat?post=5295"},{"taxonomy":"product_tag","embeddable":true,"href":"https:\/\/carameloscerdan.com\/fr\/wp-json\/wp\/v2\/product_tag?post=5295"}],"curies":[{"name":"wp","href":"https:\/\/api.w.org\/{rel}","templated":true}]}}