{"id":5272,"date":"2021-09-29T14:54:36","date_gmt":"2021-09-29T14:54:36","guid":{"rendered":"https:\/\/carameloscerdan.com\/non%20class\u00e9\/sobres-pica-soda-con-piruleta-cola\/"},"modified":"2022-10-28T16:16:31","modified_gmt":"2022-10-28T16:16:31","slug":"enveloppes-pica-soda-avec-sucette-cola","status":"publish","type":"product","link":"https:\/\/carameloscerdan.com\/fr\/notre-marque\/enveloppes-pica-soda-avec-sucette-cola\/","title":{"rendered":"Enveloppes Pica Soda Avec Sucette &#8211; Cola"},"content":{"rendered":"<p>Sucette forme pied parfum cola avec soda avec colorants naturels, sans gluten, sans allerg\u00e8nes et pour v\u00e9g\u00e9taliens<\/p>\n","protected":false},"excerpt":{"rendered":"<p>Sucette en forme de pied en enveloppe avec soda<\/p>\n","protected":false},"featured_media":5137,"template":"","meta":[],"product_cat":[112],"product_tag":[],"class_list":{"0":"post-5272","1":"product","2":"type-product","3":"status-publish","4":"has-post-thumbnail","6":"product_cat-notre-marque","7":"pa_atributo-pique-pique","8":"pa_envase-etui-petit","9":"pa_formato-picassoda-fr","10":"pa_peso-201-g-fr","11":"pa_sabor-cola-fr","13":"first","14":"instock","15":"product-type-simple"},"yoast_head":"<!-- This site is optimized with the Yoast SEO plugin v25.1 - https:\/\/yoast.com\/wordpress\/plugins\/seo\/ -->\n<title>Enveloppes Pica Soda Avec Sucette - Cola - Caramelos Cerd\u00e1n<\/title>\n<meta name=\"robots\" content=\"index, follow, max-snippet:-1, max-image-preview:large, max-video-preview:-1\" \/>\n<link rel=\"canonical\" href=\"https:\/\/carameloscerdan.com\/fr\/notre-marque\/enveloppes-pica-soda-avec-sucette-cola\/\" \/>\n<meta property=\"og:locale\" content=\"fr_FR\" \/>\n<meta property=\"og:type\" content=\"article\" \/>\n<meta property=\"og:title\" content=\"Enveloppes Pica Soda Avec Sucette - Cola - Caramelos Cerd\u00e1n\" \/>\n<meta property=\"og:description\" content=\"Sucette en forme de pied en enveloppe avec soda\" \/>\n<meta property=\"og:url\" content=\"https:\/\/carameloscerdan.com\/fr\/notre-marque\/enveloppes-pica-soda-avec-sucette-cola\/\" \/>\n<meta property=\"og:site_name\" content=\"Caramelos Cerd\u00e1n\" \/>\n<meta property=\"article:modified_time\" content=\"2022-10-28T16:16:31+00:00\" \/>\n<meta property=\"og:image\" content=\"https:\/\/carameloscerdan.com\/wp-content\/uploads\/2021\/09\/pies-pica-soda-cola.png\" \/>\n\t<meta property=\"og:image:width\" content=\"1024\" \/>\n\t<meta property=\"og:image:height\" content=\"1024\" \/>\n\t<meta property=\"og:image:type\" content=\"image\/png\" \/>\n<meta name=\"twitter:card\" content=\"summary_large_image\" \/>\n<script type=\"application\/ld+json\" class=\"yoast-schema-graph\">{\"@context\":\"https:\/\/schema.org\",\"@graph\":[{\"@type\":\"WebPage\",\"@id\":\"https:\/\/carameloscerdan.com\/fr\/notre-marque\/enveloppes-pica-soda-avec-sucette-cola\/\",\"url\":\"https:\/\/carameloscerdan.com\/fr\/notre-marque\/enveloppes-pica-soda-avec-sucette-cola\/\",\"name\":\"Enveloppes Pica Soda Avec Sucette - Cola - Caramelos Cerd\u00e1n\",\"isPartOf\":{\"@id\":\"https:\/\/carameloscerdan.com\/#website\"},\"primaryImageOfPage\":{\"@id\":\"https:\/\/carameloscerdan.com\/fr\/notre-marque\/enveloppes-pica-soda-avec-sucette-cola\/#primaryimage\"},\"image\":{\"@id\":\"https:\/\/carameloscerdan.com\/fr\/notre-marque\/enveloppes-pica-soda-avec-sucette-cola\/#primaryimage\"},\"thumbnailUrl\":\"https:\/\/carameloscerdan.com\/wp-content\/uploads\/2021\/09\/pies-pica-soda-cola.png\",\"datePublished\":\"2021-09-29T14:54:36+00:00\",\"dateModified\":\"2022-10-28T16:16:31+00:00\",\"breadcrumb\":{\"@id\":\"https:\/\/carameloscerdan.com\/fr\/notre-marque\/enveloppes-pica-soda-avec-sucette-cola\/#breadcrumb\"},\"inLanguage\":\"fr-FR\",\"potentialAction\":[{\"@type\":\"ReadAction\",\"target\":[\"https:\/\/carameloscerdan.com\/fr\/notre-marque\/enveloppes-pica-soda-avec-sucette-cola\/\"]}]},{\"@type\":\"ImageObject\",\"inLanguage\":\"fr-FR\",\"@id\":\"https:\/\/carameloscerdan.com\/fr\/notre-marque\/enveloppes-pica-soda-avec-sucette-cola\/#primaryimage\",\"url\":\"https:\/\/carameloscerdan.com\/wp-content\/uploads\/2021\/09\/pies-pica-soda-cola.png\",\"contentUrl\":\"https:\/\/carameloscerdan.com\/wp-content\/uploads\/2021\/09\/pies-pica-soda-cola.png\",\"width\":1024,\"height\":1024},{\"@type\":\"BreadcrumbList\",\"@id\":\"https:\/\/carameloscerdan.com\/fr\/notre-marque\/enveloppes-pica-soda-avec-sucette-cola\/#breadcrumb\",\"itemListElement\":[{\"@type\":\"ListItem\",\"position\":1,\"name\":\"Home\",\"item\":\"https:\/\/carameloscerdan.com\/fr\/\"},{\"@type\":\"ListItem\",\"position\":2,\"name\":\"Shop\",\"item\":\"https:\/\/carameloscerdan.com\/shop\/\"},{\"@type\":\"ListItem\",\"position\":3,\"name\":\"Enveloppes Pica Soda Avec Sucette &#8211; Cola\"}]},{\"@type\":\"WebSite\",\"@id\":\"https:\/\/carameloscerdan.com\/#website\",\"url\":\"https:\/\/carameloscerdan.com\/\",\"name\":\"Caramelos Cerd\u00e1n\",\"description\":\"F\u00e1brica de caramelos\",\"potentialAction\":[{\"@type\":\"SearchAction\",\"target\":{\"@type\":\"EntryPoint\",\"urlTemplate\":\"https:\/\/carameloscerdan.com\/?s={search_term_string}\"},\"query-input\":{\"@type\":\"PropertyValueSpecification\",\"valueRequired\":true,\"valueName\":\"search_term_string\"}}],\"inLanguage\":\"fr-FR\"}]}<\/script>\n<!-- \/ Yoast SEO plugin. -->","yoast_head_json":{"title":"Enveloppes Pica Soda Avec Sucette - Cola - Caramelos Cerd\u00e1n","robots":{"index":"index","follow":"follow","max-snippet":"max-snippet:-1","max-image-preview":"max-image-preview:large","max-video-preview":"max-video-preview:-1"},"canonical":"https:\/\/carameloscerdan.com\/fr\/notre-marque\/enveloppes-pica-soda-avec-sucette-cola\/","og_locale":"fr_FR","og_type":"article","og_title":"Enveloppes Pica Soda Avec Sucette - Cola - Caramelos Cerd\u00e1n","og_description":"Sucette en forme de pied en enveloppe avec soda","og_url":"https:\/\/carameloscerdan.com\/fr\/notre-marque\/enveloppes-pica-soda-avec-sucette-cola\/","og_site_name":"Caramelos Cerd\u00e1n","article_modified_time":"2022-10-28T16:16:31+00:00","og_image":[{"width":1024,"height":1024,"url":"https:\/\/carameloscerdan.com\/wp-content\/uploads\/2021\/09\/pies-pica-soda-cola.png","type":"image\/png"}],"twitter_card":"summary_large_image","schema":{"@context":"https:\/\/schema.org","@graph":[{"@type":"WebPage","@id":"https:\/\/carameloscerdan.com\/fr\/notre-marque\/enveloppes-pica-soda-avec-sucette-cola\/","url":"https:\/\/carameloscerdan.com\/fr\/notre-marque\/enveloppes-pica-soda-avec-sucette-cola\/","name":"Enveloppes Pica Soda Avec Sucette - Cola - Caramelos Cerd\u00e1n","isPartOf":{"@id":"https:\/\/carameloscerdan.com\/#website"},"primaryImageOfPage":{"@id":"https:\/\/carameloscerdan.com\/fr\/notre-marque\/enveloppes-pica-soda-avec-sucette-cola\/#primaryimage"},"image":{"@id":"https:\/\/carameloscerdan.com\/fr\/notre-marque\/enveloppes-pica-soda-avec-sucette-cola\/#primaryimage"},"thumbnailUrl":"https:\/\/carameloscerdan.com\/wp-content\/uploads\/2021\/09\/pies-pica-soda-cola.png","datePublished":"2021-09-29T14:54:36+00:00","dateModified":"2022-10-28T16:16:31+00:00","breadcrumb":{"@id":"https:\/\/carameloscerdan.com\/fr\/notre-marque\/enveloppes-pica-soda-avec-sucette-cola\/#breadcrumb"},"inLanguage":"fr-FR","potentialAction":[{"@type":"ReadAction","target":["https:\/\/carameloscerdan.com\/fr\/notre-marque\/enveloppes-pica-soda-avec-sucette-cola\/"]}]},{"@type":"ImageObject","inLanguage":"fr-FR","@id":"https:\/\/carameloscerdan.com\/fr\/notre-marque\/enveloppes-pica-soda-avec-sucette-cola\/#primaryimage","url":"https:\/\/carameloscerdan.com\/wp-content\/uploads\/2021\/09\/pies-pica-soda-cola.png","contentUrl":"https:\/\/carameloscerdan.com\/wp-content\/uploads\/2021\/09\/pies-pica-soda-cola.png","width":1024,"height":1024},{"@type":"BreadcrumbList","@id":"https:\/\/carameloscerdan.com\/fr\/notre-marque\/enveloppes-pica-soda-avec-sucette-cola\/#breadcrumb","itemListElement":[{"@type":"ListItem","position":1,"name":"Home","item":"https:\/\/carameloscerdan.com\/fr\/"},{"@type":"ListItem","position":2,"name":"Shop","item":"https:\/\/carameloscerdan.com\/shop\/"},{"@type":"ListItem","position":3,"name":"Enveloppes Pica Soda Avec Sucette &#8211; Cola"}]},{"@type":"WebSite","@id":"https:\/\/carameloscerdan.com\/#website","url":"https:\/\/carameloscerdan.com\/","name":"Caramelos Cerd\u00e1n","description":"F\u00e1brica de caramelos","potentialAction":[{"@type":"SearchAction","target":{"@type":"EntryPoint","urlTemplate":"https:\/\/carameloscerdan.com\/?s={search_term_string}"},"query-input":{"@type":"PropertyValueSpecification","valueRequired":true,"valueName":"search_term_string"}}],"inLanguage":"fr-FR"}]}},"_links":{"self":[{"href":"https:\/\/carameloscerdan.com\/fr\/wp-json\/wp\/v2\/product\/5272","targetHints":{"allow":["GET"]}}],"collection":[{"href":"https:\/\/carameloscerdan.com\/fr\/wp-json\/wp\/v2\/product"}],"about":[{"href":"https:\/\/carameloscerdan.com\/fr\/wp-json\/wp\/v2\/types\/product"}],"wp:featuredmedia":[{"embeddable":true,"href":"https:\/\/carameloscerdan.com\/fr\/wp-json\/wp\/v2\/media\/5137"}],"wp:attachment":[{"href":"https:\/\/carameloscerdan.com\/fr\/wp-json\/wp\/v2\/media?parent=5272"}],"wp:term":[{"taxonomy":"product_cat","embeddable":true,"href":"https:\/\/carameloscerdan.com\/fr\/wp-json\/wp\/v2\/product_cat?post=5272"},{"taxonomy":"product_tag","embeddable":true,"href":"https:\/\/carameloscerdan.com\/fr\/wp-json\/wp\/v2\/product_tag?post=5272"}],"curies":[{"name":"wp","href":"https:\/\/api.w.org\/{rel}","templated":true}]}}