{"id":5260,"date":"2021-09-29T14:54:36","date_gmt":"2021-09-29T14:54:36","guid":{"rendered":"https:\/\/carameloscerdan.com\/non%20class\u00e9\/sobres-pica-soda-con-piruleta-frutas-del-bosque\/"},"modified":"2022-10-29T07:55:21","modified_gmt":"2022-10-29T07:55:21","slug":"enveloppes-pica-soda-avec-sucette-fruits-des-bois","status":"publish","type":"product","link":"https:\/\/carameloscerdan.com\/fr\/notre-marque\/enveloppes-pica-soda-avec-sucette-fruits-des-bois\/","title":{"rendered":"Enveloppes Pica Soda Avec Sucette &#8211; Fruits Des Bois"},"content":{"rendered":"<p>Sucette forme pied parfum fruit du bois avec soda tachelangue, sans gluten, sans allerg\u00e8nes et pour v\u00e9g\u00e9taliens<\/p>\n","protected":false},"excerpt":{"rendered":"<p>Sucette en forme de pied en enveloppe avec soda. Une saveur \u00e9tonnante qui peint ta langue et r\u00e9veille tes papilles.<\/p>\n","protected":false},"featured_media":5140,"template":"","meta":[],"product_cat":[112],"product_tag":[],"class_list":{"0":"post-5260","1":"product","2":"type-product","3":"status-publish","4":"has-post-thumbnail","6":"product_cat-notre-marque","7":"pa_atributo-pique-pique","8":"pa_atributo-langues-de-peinture","9":"pa_envase-etui-petit","10":"pa_formato-picassoda-fr","11":"pa_peso-201-g-fr","12":"pa_sabor-fruit-des-bois","14":"first","15":"instock","16":"product-type-simple"},"yoast_head":"<!-- This site is optimized with the Yoast SEO plugin v25.1 - https:\/\/yoast.com\/wordpress\/plugins\/seo\/ -->\n<title>Enveloppes Pica Soda Avec Sucette - Fruits Des Bois - Caramelos Cerd\u00e1n<\/title>\n<meta name=\"robots\" content=\"index, follow, max-snippet:-1, max-image-preview:large, max-video-preview:-1\" \/>\n<link rel=\"canonical\" href=\"https:\/\/carameloscerdan.com\/caramelos-formas\/sobres-pica-soda-con-piruleta-frutas-del-bosque\/\" \/>\n<meta property=\"og:locale\" content=\"fr_FR\" \/>\n<meta property=\"og:type\" content=\"article\" \/>\n<meta property=\"og:title\" content=\"Enveloppes Pica Soda Avec Sucette - Fruits Des Bois - Caramelos Cerd\u00e1n\" \/>\n<meta property=\"og:description\" content=\"Sucette en forme de pied en enveloppe avec soda. Une saveur \u00e9tonnante qui peint ta langue et r\u00e9veille tes papilles.\" \/>\n<meta property=\"og:url\" content=\"https:\/\/carameloscerdan.com\/caramelos-formas\/sobres-pica-soda-con-piruleta-frutas-del-bosque\/\" \/>\n<meta property=\"og:site_name\" content=\"Caramelos Cerd\u00e1n\" \/>\n<meta property=\"article:modified_time\" content=\"2022-10-29T07:55:21+00:00\" \/>\n<meta property=\"og:image\" content=\"https:\/\/carameloscerdan.com\/wp-content\/uploads\/2021\/09\/pies-pica-soda-frutas-del-bosque.png\" \/>\n\t<meta property=\"og:image:width\" content=\"1024\" \/>\n\t<meta property=\"og:image:height\" content=\"1024\" \/>\n\t<meta property=\"og:image:type\" content=\"image\/png\" \/>\n<meta name=\"twitter:card\" content=\"summary_large_image\" \/>\n<script type=\"application\/ld+json\" class=\"yoast-schema-graph\">{\"@context\":\"https:\/\/schema.org\",\"@graph\":[{\"@type\":\"WebPage\",\"@id\":\"https:\/\/carameloscerdan.com\/caramelos-formas\/sobres-pica-soda-con-piruleta-frutas-del-bosque\/\",\"url\":\"https:\/\/carameloscerdan.com\/caramelos-formas\/sobres-pica-soda-con-piruleta-frutas-del-bosque\/\",\"name\":\"Enveloppes Pica Soda Avec Sucette - Fruits Des Bois - Caramelos Cerd\u00e1n\",\"isPartOf\":{\"@id\":\"https:\/\/carameloscerdan.com\/#website\"},\"primaryImageOfPage\":{\"@id\":\"https:\/\/carameloscerdan.com\/caramelos-formas\/sobres-pica-soda-con-piruleta-frutas-del-bosque\/#primaryimage\"},\"image\":{\"@id\":\"https:\/\/carameloscerdan.com\/caramelos-formas\/sobres-pica-soda-con-piruleta-frutas-del-bosque\/#primaryimage\"},\"thumbnailUrl\":\"https:\/\/carameloscerdan.com\/wp-content\/uploads\/2021\/09\/pies-pica-soda-frutas-del-bosque.png\",\"datePublished\":\"2021-09-29T14:54:36+00:00\",\"dateModified\":\"2022-10-29T07:55:21+00:00\",\"breadcrumb\":{\"@id\":\"https:\/\/carameloscerdan.com\/caramelos-formas\/sobres-pica-soda-con-piruleta-frutas-del-bosque\/#breadcrumb\"},\"inLanguage\":\"fr-FR\",\"potentialAction\":[{\"@type\":\"ReadAction\",\"target\":[\"https:\/\/carameloscerdan.com\/caramelos-formas\/sobres-pica-soda-con-piruleta-frutas-del-bosque\/\"]}]},{\"@type\":\"ImageObject\",\"inLanguage\":\"fr-FR\",\"@id\":\"https:\/\/carameloscerdan.com\/caramelos-formas\/sobres-pica-soda-con-piruleta-frutas-del-bosque\/#primaryimage\",\"url\":\"https:\/\/carameloscerdan.com\/wp-content\/uploads\/2021\/09\/pies-pica-soda-frutas-del-bosque.png\",\"contentUrl\":\"https:\/\/carameloscerdan.com\/wp-content\/uploads\/2021\/09\/pies-pica-soda-frutas-del-bosque.png\",\"width\":1024,\"height\":1024},{\"@type\":\"BreadcrumbList\",\"@id\":\"https:\/\/carameloscerdan.com\/caramelos-formas\/sobres-pica-soda-con-piruleta-frutas-del-bosque\/#breadcrumb\",\"itemListElement\":[{\"@type\":\"ListItem\",\"position\":1,\"name\":\"Home\",\"item\":\"https:\/\/carameloscerdan.com\/fr\/\"},{\"@type\":\"ListItem\",\"position\":2,\"name\":\"Shop\",\"item\":\"https:\/\/carameloscerdan.com\/shop\/\"},{\"@type\":\"ListItem\",\"position\":3,\"name\":\"Enveloppes Pica Soda Avec Sucette &#8211; Fruits Des Bois\"}]},{\"@type\":\"WebSite\",\"@id\":\"https:\/\/carameloscerdan.com\/#website\",\"url\":\"https:\/\/carameloscerdan.com\/\",\"name\":\"Caramelos Cerd\u00e1n\",\"description\":\"F\u00e1brica de caramelos\",\"potentialAction\":[{\"@type\":\"SearchAction\",\"target\":{\"@type\":\"EntryPoint\",\"urlTemplate\":\"https:\/\/carameloscerdan.com\/?s={search_term_string}\"},\"query-input\":{\"@type\":\"PropertyValueSpecification\",\"valueRequired\":true,\"valueName\":\"search_term_string\"}}],\"inLanguage\":\"fr-FR\"}]}<\/script>\n<!-- \/ Yoast SEO plugin. -->","yoast_head_json":{"title":"Enveloppes Pica Soda Avec Sucette - Fruits Des Bois - Caramelos Cerd\u00e1n","robots":{"index":"index","follow":"follow","max-snippet":"max-snippet:-1","max-image-preview":"max-image-preview:large","max-video-preview":"max-video-preview:-1"},"canonical":"https:\/\/carameloscerdan.com\/caramelos-formas\/sobres-pica-soda-con-piruleta-frutas-del-bosque\/","og_locale":"fr_FR","og_type":"article","og_title":"Enveloppes Pica Soda Avec Sucette - Fruits Des Bois - Caramelos Cerd\u00e1n","og_description":"Sucette en forme de pied en enveloppe avec soda. Une saveur \u00e9tonnante qui peint ta langue et r\u00e9veille tes papilles.","og_url":"https:\/\/carameloscerdan.com\/caramelos-formas\/sobres-pica-soda-con-piruleta-frutas-del-bosque\/","og_site_name":"Caramelos Cerd\u00e1n","article_modified_time":"2022-10-29T07:55:21+00:00","og_image":[{"width":1024,"height":1024,"url":"https:\/\/carameloscerdan.com\/wp-content\/uploads\/2021\/09\/pies-pica-soda-frutas-del-bosque.png","type":"image\/png"}],"twitter_card":"summary_large_image","schema":{"@context":"https:\/\/schema.org","@graph":[{"@type":"WebPage","@id":"https:\/\/carameloscerdan.com\/caramelos-formas\/sobres-pica-soda-con-piruleta-frutas-del-bosque\/","url":"https:\/\/carameloscerdan.com\/caramelos-formas\/sobres-pica-soda-con-piruleta-frutas-del-bosque\/","name":"Enveloppes Pica Soda Avec Sucette - Fruits Des Bois - Caramelos Cerd\u00e1n","isPartOf":{"@id":"https:\/\/carameloscerdan.com\/#website"},"primaryImageOfPage":{"@id":"https:\/\/carameloscerdan.com\/caramelos-formas\/sobres-pica-soda-con-piruleta-frutas-del-bosque\/#primaryimage"},"image":{"@id":"https:\/\/carameloscerdan.com\/caramelos-formas\/sobres-pica-soda-con-piruleta-frutas-del-bosque\/#primaryimage"},"thumbnailUrl":"https:\/\/carameloscerdan.com\/wp-content\/uploads\/2021\/09\/pies-pica-soda-frutas-del-bosque.png","datePublished":"2021-09-29T14:54:36+00:00","dateModified":"2022-10-29T07:55:21+00:00","breadcrumb":{"@id":"https:\/\/carameloscerdan.com\/caramelos-formas\/sobres-pica-soda-con-piruleta-frutas-del-bosque\/#breadcrumb"},"inLanguage":"fr-FR","potentialAction":[{"@type":"ReadAction","target":["https:\/\/carameloscerdan.com\/caramelos-formas\/sobres-pica-soda-con-piruleta-frutas-del-bosque\/"]}]},{"@type":"ImageObject","inLanguage":"fr-FR","@id":"https:\/\/carameloscerdan.com\/caramelos-formas\/sobres-pica-soda-con-piruleta-frutas-del-bosque\/#primaryimage","url":"https:\/\/carameloscerdan.com\/wp-content\/uploads\/2021\/09\/pies-pica-soda-frutas-del-bosque.png","contentUrl":"https:\/\/carameloscerdan.com\/wp-content\/uploads\/2021\/09\/pies-pica-soda-frutas-del-bosque.png","width":1024,"height":1024},{"@type":"BreadcrumbList","@id":"https:\/\/carameloscerdan.com\/caramelos-formas\/sobres-pica-soda-con-piruleta-frutas-del-bosque\/#breadcrumb","itemListElement":[{"@type":"ListItem","position":1,"name":"Home","item":"https:\/\/carameloscerdan.com\/fr\/"},{"@type":"ListItem","position":2,"name":"Shop","item":"https:\/\/carameloscerdan.com\/shop\/"},{"@type":"ListItem","position":3,"name":"Enveloppes Pica Soda Avec Sucette &#8211; Fruits Des Bois"}]},{"@type":"WebSite","@id":"https:\/\/carameloscerdan.com\/#website","url":"https:\/\/carameloscerdan.com\/","name":"Caramelos Cerd\u00e1n","description":"F\u00e1brica de caramelos","potentialAction":[{"@type":"SearchAction","target":{"@type":"EntryPoint","urlTemplate":"https:\/\/carameloscerdan.com\/?s={search_term_string}"},"query-input":{"@type":"PropertyValueSpecification","valueRequired":true,"valueName":"search_term_string"}}],"inLanguage":"fr-FR"}]}},"_links":{"self":[{"href":"https:\/\/carameloscerdan.com\/fr\/wp-json\/wp\/v2\/product\/5260","targetHints":{"allow":["GET"]}}],"collection":[{"href":"https:\/\/carameloscerdan.com\/fr\/wp-json\/wp\/v2\/product"}],"about":[{"href":"https:\/\/carameloscerdan.com\/fr\/wp-json\/wp\/v2\/types\/product"}],"wp:featuredmedia":[{"embeddable":true,"href":"https:\/\/carameloscerdan.com\/fr\/wp-json\/wp\/v2\/media\/5140"}],"wp:attachment":[{"href":"https:\/\/carameloscerdan.com\/fr\/wp-json\/wp\/v2\/media?parent=5260"}],"wp:term":[{"taxonomy":"product_cat","embeddable":true,"href":"https:\/\/carameloscerdan.com\/fr\/wp-json\/wp\/v2\/product_cat?post=5260"},{"taxonomy":"product_tag","embeddable":true,"href":"https:\/\/carameloscerdan.com\/fr\/wp-json\/wp\/v2\/product_tag?post=5260"}],"curies":[{"name":"wp","href":"https:\/\/api.w.org\/{rel}","templated":true}]}}