{"id":5241,"date":"2021-10-01T06:46:23","date_gmt":"2021-10-01T06:46:23","guid":{"rendered":"https:\/\/carameloscerdan.com\/non%20class\u00e9\/candyfense-kids\/"},"modified":"2022-10-28T16:04:44","modified_gmt":"2022-10-28T16:04:44","slug":"candyfense-kids","status":"publish","type":"product","link":"https:\/\/carameloscerdan.com\/fr\/pharmacie\/candyfense-kids\/","title":{"rendered":"Candyfense Kids"},"content":{"rendered":"<p>Sucette boule, avec du sucre et des parfums assorties, avec des multivitamines, des couleurs naturelles, sans gluten, sans allerg\u00e8ne et apte pour v\u00e9g\u00e9taliens<\/p>\n","protected":false},"excerpt":{"rendered":"<p>Sucette boule, avec du sucre et des parfums assorties, avec des multivitamines, des couleurs naturelles, sans gluten, sans allerg\u00e8ne et apte pour v\u00e9g\u00e9taliens<\/p>\n","protected":false},"featured_media":2971,"template":"","meta":[],"product_cat":[110],"product_tag":[],"class_list":{"0":"post-5241","1":"product","2":"type-product","3":"status-publish","4":"has-post-thumbnail","6":"product_cat-pharmacie","7":"pa_envase-etui-grand","8":"pa_familia-candyfense-fr","9":"pa_formato-sucer","10":"pa_peso-consultar-fr","11":"pa_sabor-citron","12":"pa_sabor-framboise","13":"pa_sabor-orange-fr","15":"first","16":"instock","17":"product-type-simple"},"yoast_head":"<!-- This site is optimized with the Yoast SEO plugin v25.1 - https:\/\/yoast.com\/wordpress\/plugins\/seo\/ -->\n<title>Candyfense Kids - Caramelos Cerd\u00e1n<\/title>\n<meta name=\"robots\" content=\"index, follow, max-snippet:-1, max-image-preview:large, max-video-preview:-1\" \/>\n<link rel=\"canonical\" href=\"https:\/\/carameloscerdan.com\/fr\/pharmacie\/candyfense-kids\/\" \/>\n<meta property=\"og:locale\" content=\"fr_FR\" \/>\n<meta property=\"og:type\" content=\"article\" \/>\n<meta property=\"og:title\" content=\"Candyfense Kids - Caramelos Cerd\u00e1n\" \/>\n<meta property=\"og:description\" content=\"Sucette boule, avec du sucre et des parfums assorties, avec des multivitamines, des couleurs naturelles, sans gluten, sans allerg\u00e8ne et apte pour v\u00e9g\u00e9taliens\" \/>\n<meta property=\"og:url\" content=\"https:\/\/carameloscerdan.com\/fr\/pharmacie\/candyfense-kids\/\" \/>\n<meta property=\"og:site_name\" content=\"Caramelos Cerd\u00e1n\" \/>\n<meta property=\"article:modified_time\" content=\"2022-10-28T16:04:44+00:00\" \/>\n<meta property=\"og:image\" content=\"https:\/\/carameloscerdan.com\/wp-content\/uploads\/2021\/07\/Candyfense-Kids-farm-D.png\" \/>\n\t<meta property=\"og:image:width\" content=\"920\" \/>\n\t<meta property=\"og:image:height\" content=\"920\" \/>\n\t<meta property=\"og:image:type\" content=\"image\/png\" \/>\n<meta name=\"twitter:card\" content=\"summary_large_image\" \/>\n<script type=\"application\/ld+json\" class=\"yoast-schema-graph\">{\"@context\":\"https:\/\/schema.org\",\"@graph\":[{\"@type\":\"WebPage\",\"@id\":\"https:\/\/carameloscerdan.com\/fr\/pharmacie\/candyfense-kids\/\",\"url\":\"https:\/\/carameloscerdan.com\/fr\/pharmacie\/candyfense-kids\/\",\"name\":\"Candyfense Kids - Caramelos Cerd\u00e1n\",\"isPartOf\":{\"@id\":\"https:\/\/carameloscerdan.com\/#website\"},\"primaryImageOfPage\":{\"@id\":\"https:\/\/carameloscerdan.com\/fr\/pharmacie\/candyfense-kids\/#primaryimage\"},\"image\":{\"@id\":\"https:\/\/carameloscerdan.com\/fr\/pharmacie\/candyfense-kids\/#primaryimage\"},\"thumbnailUrl\":\"https:\/\/carameloscerdan.com\/wp-content\/uploads\/2021\/07\/Candyfense-Kids-farm-D.png\",\"datePublished\":\"2021-10-01T06:46:23+00:00\",\"dateModified\":\"2022-10-28T16:04:44+00:00\",\"breadcrumb\":{\"@id\":\"https:\/\/carameloscerdan.com\/fr\/pharmacie\/candyfense-kids\/#breadcrumb\"},\"inLanguage\":\"fr-FR\",\"potentialAction\":[{\"@type\":\"ReadAction\",\"target\":[\"https:\/\/carameloscerdan.com\/fr\/pharmacie\/candyfense-kids\/\"]}]},{\"@type\":\"ImageObject\",\"inLanguage\":\"fr-FR\",\"@id\":\"https:\/\/carameloscerdan.com\/fr\/pharmacie\/candyfense-kids\/#primaryimage\",\"url\":\"https:\/\/carameloscerdan.com\/wp-content\/uploads\/2021\/07\/Candyfense-Kids-farm-D.png\",\"contentUrl\":\"https:\/\/carameloscerdan.com\/wp-content\/uploads\/2021\/07\/Candyfense-Kids-farm-D.png\",\"width\":920,\"height\":920},{\"@type\":\"BreadcrumbList\",\"@id\":\"https:\/\/carameloscerdan.com\/fr\/pharmacie\/candyfense-kids\/#breadcrumb\",\"itemListElement\":[{\"@type\":\"ListItem\",\"position\":1,\"name\":\"Home\",\"item\":\"https:\/\/carameloscerdan.com\/fr\/\"},{\"@type\":\"ListItem\",\"position\":2,\"name\":\"Shop\",\"item\":\"https:\/\/carameloscerdan.com\/shop\/\"},{\"@type\":\"ListItem\",\"position\":3,\"name\":\"Candyfense Kids\"}]},{\"@type\":\"WebSite\",\"@id\":\"https:\/\/carameloscerdan.com\/#website\",\"url\":\"https:\/\/carameloscerdan.com\/\",\"name\":\"Caramelos Cerd\u00e1n\",\"description\":\"F\u00e1brica de caramelos\",\"potentialAction\":[{\"@type\":\"SearchAction\",\"target\":{\"@type\":\"EntryPoint\",\"urlTemplate\":\"https:\/\/carameloscerdan.com\/?s={search_term_string}\"},\"query-input\":{\"@type\":\"PropertyValueSpecification\",\"valueRequired\":true,\"valueName\":\"search_term_string\"}}],\"inLanguage\":\"fr-FR\"}]}<\/script>\n<!-- \/ Yoast SEO plugin. -->","yoast_head_json":{"title":"Candyfense Kids - Caramelos Cerd\u00e1n","robots":{"index":"index","follow":"follow","max-snippet":"max-snippet:-1","max-image-preview":"max-image-preview:large","max-video-preview":"max-video-preview:-1"},"canonical":"https:\/\/carameloscerdan.com\/fr\/pharmacie\/candyfense-kids\/","og_locale":"fr_FR","og_type":"article","og_title":"Candyfense Kids - Caramelos Cerd\u00e1n","og_description":"Sucette boule, avec du sucre et des parfums assorties, avec des multivitamines, des couleurs naturelles, sans gluten, sans allerg\u00e8ne et apte pour v\u00e9g\u00e9taliens","og_url":"https:\/\/carameloscerdan.com\/fr\/pharmacie\/candyfense-kids\/","og_site_name":"Caramelos Cerd\u00e1n","article_modified_time":"2022-10-28T16:04:44+00:00","og_image":[{"width":920,"height":920,"url":"https:\/\/carameloscerdan.com\/wp-content\/uploads\/2021\/07\/Candyfense-Kids-farm-D.png","type":"image\/png"}],"twitter_card":"summary_large_image","schema":{"@context":"https:\/\/schema.org","@graph":[{"@type":"WebPage","@id":"https:\/\/carameloscerdan.com\/fr\/pharmacie\/candyfense-kids\/","url":"https:\/\/carameloscerdan.com\/fr\/pharmacie\/candyfense-kids\/","name":"Candyfense Kids - Caramelos Cerd\u00e1n","isPartOf":{"@id":"https:\/\/carameloscerdan.com\/#website"},"primaryImageOfPage":{"@id":"https:\/\/carameloscerdan.com\/fr\/pharmacie\/candyfense-kids\/#primaryimage"},"image":{"@id":"https:\/\/carameloscerdan.com\/fr\/pharmacie\/candyfense-kids\/#primaryimage"},"thumbnailUrl":"https:\/\/carameloscerdan.com\/wp-content\/uploads\/2021\/07\/Candyfense-Kids-farm-D.png","datePublished":"2021-10-01T06:46:23+00:00","dateModified":"2022-10-28T16:04:44+00:00","breadcrumb":{"@id":"https:\/\/carameloscerdan.com\/fr\/pharmacie\/candyfense-kids\/#breadcrumb"},"inLanguage":"fr-FR","potentialAction":[{"@type":"ReadAction","target":["https:\/\/carameloscerdan.com\/fr\/pharmacie\/candyfense-kids\/"]}]},{"@type":"ImageObject","inLanguage":"fr-FR","@id":"https:\/\/carameloscerdan.com\/fr\/pharmacie\/candyfense-kids\/#primaryimage","url":"https:\/\/carameloscerdan.com\/wp-content\/uploads\/2021\/07\/Candyfense-Kids-farm-D.png","contentUrl":"https:\/\/carameloscerdan.com\/wp-content\/uploads\/2021\/07\/Candyfense-Kids-farm-D.png","width":920,"height":920},{"@type":"BreadcrumbList","@id":"https:\/\/carameloscerdan.com\/fr\/pharmacie\/candyfense-kids\/#breadcrumb","itemListElement":[{"@type":"ListItem","position":1,"name":"Home","item":"https:\/\/carameloscerdan.com\/fr\/"},{"@type":"ListItem","position":2,"name":"Shop","item":"https:\/\/carameloscerdan.com\/shop\/"},{"@type":"ListItem","position":3,"name":"Candyfense Kids"}]},{"@type":"WebSite","@id":"https:\/\/carameloscerdan.com\/#website","url":"https:\/\/carameloscerdan.com\/","name":"Caramelos Cerd\u00e1n","description":"F\u00e1brica de caramelos","potentialAction":[{"@type":"SearchAction","target":{"@type":"EntryPoint","urlTemplate":"https:\/\/carameloscerdan.com\/?s={search_term_string}"},"query-input":{"@type":"PropertyValueSpecification","valueRequired":true,"valueName":"search_term_string"}}],"inLanguage":"fr-FR"}]}},"_links":{"self":[{"href":"https:\/\/carameloscerdan.com\/fr\/wp-json\/wp\/v2\/product\/5241","targetHints":{"allow":["GET"]}}],"collection":[{"href":"https:\/\/carameloscerdan.com\/fr\/wp-json\/wp\/v2\/product"}],"about":[{"href":"https:\/\/carameloscerdan.com\/fr\/wp-json\/wp\/v2\/types\/product"}],"wp:featuredmedia":[{"embeddable":true,"href":"https:\/\/carameloscerdan.com\/fr\/wp-json\/wp\/v2\/media\/2971"}],"wp:attachment":[{"href":"https:\/\/carameloscerdan.com\/fr\/wp-json\/wp\/v2\/media?parent=5241"}],"wp:term":[{"taxonomy":"product_cat","embeddable":true,"href":"https:\/\/carameloscerdan.com\/fr\/wp-json\/wp\/v2\/product_cat?post=5241"},{"taxonomy":"product_tag","embeddable":true,"href":"https:\/\/carameloscerdan.com\/fr\/wp-json\/wp\/v2\/product_tag?post=5241"}],"curies":[{"name":"wp","href":"https:\/\/api.w.org\/{rel}","templated":true}]}}