{"id":997,"date":"2021-05-18T08:12:07","date_gmt":"2021-05-18T08:12:07","guid":{"rendered":"https:\/\/cerdan.buas.es\/aviso-legal\/"},"modified":"2022-11-09T09:27:44","modified_gmt":"2022-11-09T09:27:44","slug":"avis-juridique","status":"publish","type":"page","link":"https:\/\/carameloscerdan.com\/fr\/avis-juridique\/","title":{"rendered":"Avis juridique"},"content":{"rendered":"<h2>0- Donn\u00e9es d&rsquo;identification<\/h2>\n<p><strong>Raison sociale:<\/strong> CARAMELOS CERDAN, S.L.,<br \/>\n<strong>Nom commercial:<\/strong> CARAMELOS CERDAN<br \/>\n<strong>Si\u00e8ge social:<\/strong> PARAJE LOS BASTIDAS, S\/N 30700 &#8211; TORRE PACHECO (MURCIA)<br \/>\n<strong>CIF \/ NIF:<\/strong> B30016612<br \/>\n<strong>T\u00e9l\u00e9phone:<\/strong> 968578003<br \/>\n<strong>Courriel:<\/strong> info@carameloscerdan.com<br \/>\n<strong>Nom de domaine:<\/strong> https:\/\/carameloscerdan.com<br \/>\nRegistre du commerce de Murcie Protocole 161\/2014 acte n\u00b0 1\/2014\/1696.0. tourillon 238 si\u00e8ge 1308<\/p>\n<h2>1. Objet<\/h2>\n<p>\nLe fournisseur, responsable du site Web, met ce document \u00e0 la disposition des utilisateurs avec lesquels il a l&rsquo;intention de se conformer aux obligations \u00e9nonc\u00e9es dans la loi 34\/2002, sur les services de la soci\u00e9t\u00e9 de l&rsquo;information et du commerce \u00e9lectronique (LSSI-CE), ainsi que d&rsquo;informer tous les utilisateurs du site Web sur les conditions d&rsquo;utilisation du site Web.\n<\/p>\n<p>\nToute personne qui acc\u00e8de \u00e0 ce site Web assume le r\u00f4le d&rsquo;utilisateur, s&rsquo;engageant \u00e0 observer et \u00e0 respecter strictement les dispositions \u00e9nonc\u00e9es dans les pr\u00e9sentes, ainsi que toute autre disposition l\u00e9gale applicable.\n<\/p>\n<p>\nLe prestataire se r\u00e9serve le droit de modifier tout type d&rsquo;informations pouvant figurer sur le site, sans qu&rsquo;il soit tenu d&rsquo;en informer pr\u00e9alablement ou d&rsquo;informer les utilisateurs de ces obligations, la publication sur le site du prestataire \u00e9tant consid\u00e9r\u00e9e comme suffisante.<\/p>\n<h2>2- Responsabilit\u00e9<\/h2>\n<p>Le fournisseur est exon\u00e9r\u00e9 de tout type de responsabilit\u00e9 d\u00e9coulant des informations publi\u00e9es sur son site Web, \u00e0 condition que ces informations aient \u00e9t\u00e9 manipul\u00e9es ou introduites par un tiers qui ne lui est pas li\u00e9.<\/p>\n<p>\nLe site Web du fournisseur peut utiliser des cookies (petits fichiers d&rsquo;informations que le serveur envoie \u00e0 l&rsquo;ordinateur de la personne acc\u00e9dant \u00e0 la page) pour ex\u00e9cuter certaines fonctions consid\u00e9r\u00e9es comme essentielles au bon fonctionnement et \u00e0 l&rsquo;affichage du site. Les cookies utilis\u00e9s sur le site ont, en tout \u00e9tat de cause, un caract\u00e8re temporaire dans le seul but de rendre plus efficace leur transmission ult\u00e9rieure et ils disparaissent \u00e0 la fin de la session de l&rsquo;utilisateur. En aucun cas les cookies ne seront utilis\u00e9s pour collecter des informations personnelles.<\/p>\n<p>\nDepuis le site Web du client, il est possible d&rsquo;\u00eatre redirig\u00e9 vers des contenus provenant de sites Web tiers. \u00c9tant donn\u00e9 que le fournisseur ne peut pas toujours contr\u00f4ler le contenu saisi par des tiers sur leurs sites Web, le fournisseur n&rsquo;assume aucun type de responsabilit\u00e9 \u00e0 l&rsquo;\u00e9gard dudit contenu. Dans tous les cas, le fournisseur d\u00e9clare qu&rsquo;il proc\u00e9dera au retrait imm\u00e9diat de tout contenu qui pourrait contrevenir \u00e0 la l\u00e9gislation nationale ou internationale, aux bonnes m\u0153urs ou \u00e0 l&rsquo;ordre public, en proc\u00e9dant au retrait imm\u00e9diat de la redirection vers ledit site Web, en informant les autorit\u00e9s comp\u00e9tentes du contenu dans question.<\/p>\n<p>\nLe fournisseur n&rsquo;est pas responsable des informations et du contenu expos\u00e9s, \u00e0 titre d&rsquo;exemple mais non limitatif, dans les forums, les chats, les g\u00e9n\u00e9rateurs de blogs, les commentaires, les r\u00e9seaux sociaux ou tout autre moyen permettant \u00e0 des tiers de publier du contenu de mani\u00e8re ind\u00e9pendante sur le site Web du fournisseur. Toutefois, et conform\u00e9ment aux dispositions de l&rsquo;art. 11 et 16 de la LSSI-CE, le fournisseur se met \u00e0 la disposition de tous les utilisateurs, autorit\u00e9s et forces de s\u00e9curit\u00e9, et collabore activement au retrait ou au blocage de tout contenu qui pourrait affecter ou contrevenir \u00e0 la l\u00e9gislation nationale, ou internationale, sur les droits des tiers les partis ou la morale et l&rsquo;ordre public. Dans le cas o\u00f9 l&rsquo;utilisateur consid\u00e8re qu&rsquo;il existe un contenu sur le site Web qui pourrait \u00eatre susceptible de cette classification, veuillez en informer imm\u00e9diatement l&rsquo;administrateur du site Web.<br \/>\nCe site Web a \u00e9t\u00e9 r\u00e9vis\u00e9 et test\u00e9 pour fonctionner correctement. En principe, un fonctionnement correct peut \u00eatre garanti 365 jours par an, 24 heures sur 24. Cependant, le fournisseur n&rsquo;exclut pas la possibilit\u00e9 qu&rsquo;il y ait certaines erreurs de programmation, ou que des cas de force majeure, des catastrophes naturelles, des gr\u00e8ves ou des circonstances similaires se produisent qui rendent l&rsquo;acc\u00e8s au site Web impossible.<\/p>\n<h2>3- Protection des donn\u00e9es personnelles<\/h2>\n<p>\nLe fournisseur est profond\u00e9ment attach\u00e9 au respect de la r\u00e9glementation europ\u00e9enne en mati\u00e8re de protection des donn\u00e9es personnelles et garantit le plein respect des obligations \u00e9nonc\u00e9es, ainsi que la mise en \u0153uvre des mesures de s\u00e9curit\u00e9 pr\u00e9vues par le R\u00c8GLEMENT (UE) 2016\/679 du Parlement europ\u00e9en et du Conseil du 27 avril 2016 et loi organique 3\/2018, du 5 d\u00e9cembre, sur la protection des donn\u00e9es personnelles et la garantie des droits num\u00e9riques.<\/p>\n<p>Le fournisseur met \u00e0 la disposition des utilisateurs la politique de confidentialit\u00e9 de l&rsquo;entit\u00e9, en informant les utilisateurs des aspects suivants :<br \/>\n\u2022 Donn\u00e9es du responsable du traitement.<br \/>\n\u2022 Donn\u00e9es trait\u00e9es.<br \/>\n\u2022 Fichier dans lequel sont stock\u00e9s.<br \/>\n\u2022 But du traitement.<br \/>\n\u2022 Obligation ou non de les fournir, ainsi que les cons\u00e9quences en cas de non-fourniture.<br \/>\n\u2022 A propos des droits dont disposent tous les utilisateurs et de la proc\u00e9dure pour les exercer.<\/p>\n<h2>4- Propri\u00e9t\u00e9 intellectuelle et industrielle<\/h2>\n<p>\nLe site Web, y compris, mais sans s&rsquo;y limiter, sa programmation, son \u00e9dition, sa compilation et d&rsquo;autres \u00e9l\u00e9ments n\u00e9cessaires \u00e0 son fonctionnement, les dessins, logos, textes et\/ou graphiques sont la propri\u00e9t\u00e9 du fournisseur ou, le cas \u00e9ch\u00e9ant, disposent d&rsquo;une licence ou d&rsquo;une autorisation expresse de partie des auteurs. Tous les contenus du site Web sont d\u00fbment prot\u00e9g\u00e9s par la r\u00e9glementation de la propri\u00e9t\u00e9 intellectuelle et industrielle, ainsi qu&rsquo;enregistr\u00e9s dans les registres publics correspondants. Quelle que soit la finalit\u00e9 pour laquelle ils sont destin\u00e9s, la reproduction totale ou partielle, l&rsquo;utilisation, l&rsquo;exploitation, la distribution et la commercialisation n\u00e9cessitent en tout \u00e9tat de cause l&rsquo;autorisation \u00e9crite pr\u00e9alable du fournisseur.\n<\/p>\n<p>\nToute utilisation non pr\u00e9alablement autoris\u00e9e par le fournisseur sera consid\u00e9r\u00e9e comme une violation grave des droits de propri\u00e9t\u00e9 intellectuelle ou industrielle de l&rsquo;auteur.<br \/>\nLes dessins, logos, textes et\/ou graphiques qui n&rsquo;appartiennent pas au fournisseur et qui peuvent appara\u00eetre sur le site Web appartiennent \u00e0 leurs propri\u00e9taires respectifs, qui sont eux-m\u00eames responsables de toute controverse \u00e9ventuelle pouvant survenir \u00e0 leur sujet. En tout \u00e9tat de cause, le prestataire dispose d&rsquo;une autorisation expresse et pr\u00e9alable de leur part.\n<\/p>\n<p>\nLe fournisseur autorise express\u00e9ment les tiers \u00e0 rediriger directement vers le contenu sp\u00e9cifique du site Web et doit en tout cas rediriger vers le site Web principal du fournisseur.<br \/>\nLe prestataire reconna\u00eet au profit de ses titulaires la<br \/>\ndroits de propri\u00e9t\u00e9 industrielle et intellectuelle correspondants, et leur simple mention ou apparition sur le site Web n&rsquo;implique pas l&rsquo;existence de droits ou une quelconque responsabilit\u00e9 du fournisseur \u00e0 leur \u00e9gard, ni n&rsquo;implique l&rsquo;approbation, le parrainage ou la recommandation du fournisseur.<\/p>\n<p>\nPour faire tout type d&rsquo;observation concernant d&rsquo;\u00e9ventuelles violations des droits de propri\u00e9t\u00e9 intellectuelle ou industrielle, ainsi que de tout contenu du site Web, vous pouvez le faire via l&rsquo;e-mail suivant.<\/p>\n<h2>5- Droit applicable et juridiction<\/h2>\n<p>\nPour la r\u00e9solution de tous les litiges ou probl\u00e8mes li\u00e9s \u00e0 ce site Web ou aux activit\u00e9s qui y sont d\u00e9velopp\u00e9es, la l\u00e9gislation espagnole s&rsquo;appliquera, \u00e0 laquelle les parties se soumettent express\u00e9ment, \u00e9tant comp\u00e9tente pour r\u00e9soudre tous les litiges d\u00e9coulant ou li\u00e9s \u00e0 son utilisation les Cours et Tribunaux de MURCIE.<\/p>\n","protected":false},"excerpt":{"rendered":"<p>0- Donn\u00e9es d&rsquo;identification Raison sociale: CARAMELOS CERDAN, S.L., Nom commercial: CARAMELOS CERDAN Si\u00e8ge social: PARAJE LOS BASTIDAS, S\/N 30700 &#8211; TORRE PACHECO (MURCIA) CIF \/ NIF: B30016612 T\u00e9l\u00e9phone: 968578003 Courriel: info@carameloscerdan.com Nom de domaine: https:\/\/carameloscerdan.com Registre du commerce de Murcie Protocole 161\/2014 acte n\u00b0 1\/2014\/1696.0. tourillon 238 si\u00e8ge 1308 1. Objet Le fournisseur, responsable du [&hellip;]<\/p>\n","protected":false},"author":1,"featured_media":0,"parent":0,"menu_order":0,"comment_status":"closed","ping_status":"closed","template":"page-template-politicas.php","meta":{"footnotes":""},"class_list":["post-997","page","type-page","status-publish","hentry"],"yoast_head":"<!-- This site is optimized with the Yoast SEO plugin v25.1 - https:\/\/yoast.com\/wordpress\/plugins\/seo\/ -->\n<title>Avis juridique - Caramelos Cerd\u00e1n<\/title>\n<meta name=\"robots\" content=\"index, follow, max-snippet:-1, max-image-preview:large, max-video-preview:-1\" \/>\n<link rel=\"canonical\" href=\"https:\/\/carameloscerdan.com\/aviso-legal\/\" \/>\n<meta property=\"og:locale\" content=\"fr_FR\" \/>\n<meta property=\"og:type\" content=\"article\" \/>\n<meta property=\"og:title\" content=\"Avis juridique - Caramelos Cerd\u00e1n\" \/>\n<meta property=\"og:description\" content=\"0- Donn\u00e9es d&rsquo;identification Raison sociale: CARAMELOS CERDAN, S.L., Nom commercial: CARAMELOS CERDAN Si\u00e8ge social: PARAJE LOS BASTIDAS, S\/N 30700 &#8211; TORRE PACHECO (MURCIA) CIF \/ NIF: B30016612 T\u00e9l\u00e9phone: 968578003 Courriel: info@carameloscerdan.com Nom de domaine: https:\/\/carameloscerdan.com Registre du commerce de Murcie Protocole 161\/2014 acte n\u00b0 1\/2014\/1696.0. tourillon 238 si\u00e8ge 1308 1. Objet Le fournisseur, responsable du [&hellip;]\" \/>\n<meta property=\"og:url\" content=\"https:\/\/carameloscerdan.com\/aviso-legal\/\" \/>\n<meta property=\"og:site_name\" content=\"Caramelos Cerd\u00e1n\" \/>\n<meta property=\"article:modified_time\" content=\"2022-11-09T09:27:44+00:00\" \/>\n<meta property=\"og:image\" content=\"https:\/\/carameloscerdan.com\/wp-content\/uploads\/2022\/11\/logo-cerdan-2021.jpg\" \/>\n\t<meta property=\"og:image:width\" content=\"1251\" \/>\n\t<meta property=\"og:image:height\" content=\"834\" \/>\n\t<meta property=\"og:image:type\" content=\"image\/jpeg\" \/>\n<meta name=\"twitter:card\" content=\"summary_large_image\" \/>\n<meta name=\"twitter:label1\" content=\"Dur\u00e9e de lecture estim\u00e9e\" \/>\n\t<meta name=\"twitter:data1\" content=\"6 minutes\" \/>\n<script type=\"application\/ld+json\" class=\"yoast-schema-graph\">{\"@context\":\"https:\/\/schema.org\",\"@graph\":[{\"@type\":\"WebPage\",\"@id\":\"https:\/\/carameloscerdan.com\/aviso-legal\/\",\"url\":\"https:\/\/carameloscerdan.com\/aviso-legal\/\",\"name\":\"Avis juridique - Caramelos Cerd\u00e1n\",\"isPartOf\":{\"@id\":\"https:\/\/carameloscerdan.com\/#website\"},\"datePublished\":\"2021-05-18T08:12:07+00:00\",\"dateModified\":\"2022-11-09T09:27:44+00:00\",\"breadcrumb\":{\"@id\":\"https:\/\/carameloscerdan.com\/aviso-legal\/#breadcrumb\"},\"inLanguage\":\"fr-FR\",\"potentialAction\":[{\"@type\":\"ReadAction\",\"target\":[\"https:\/\/carameloscerdan.com\/aviso-legal\/\"]}]},{\"@type\":\"BreadcrumbList\",\"@id\":\"https:\/\/carameloscerdan.com\/aviso-legal\/#breadcrumb\",\"itemListElement\":[{\"@type\":\"ListItem\",\"position\":1,\"name\":\"Home\",\"item\":\"https:\/\/carameloscerdan.com\/fr\/\"},{\"@type\":\"ListItem\",\"position\":2,\"name\":\"Avis juridique\"}]},{\"@type\":\"WebSite\",\"@id\":\"https:\/\/carameloscerdan.com\/#website\",\"url\":\"https:\/\/carameloscerdan.com\/\",\"name\":\"Caramelos Cerd\u00e1n\",\"description\":\"F\u00e1brica de caramelos\",\"potentialAction\":[{\"@type\":\"SearchAction\",\"target\":{\"@type\":\"EntryPoint\",\"urlTemplate\":\"https:\/\/carameloscerdan.com\/?s={search_term_string}\"},\"query-input\":{\"@type\":\"PropertyValueSpecification\",\"valueRequired\":true,\"valueName\":\"search_term_string\"}}],\"inLanguage\":\"fr-FR\"}]}<\/script>\n<!-- \/ Yoast SEO plugin. -->","yoast_head_json":{"title":"Avis juridique - Caramelos Cerd\u00e1n","robots":{"index":"index","follow":"follow","max-snippet":"max-snippet:-1","max-image-preview":"max-image-preview:large","max-video-preview":"max-video-preview:-1"},"canonical":"https:\/\/carameloscerdan.com\/aviso-legal\/","og_locale":"fr_FR","og_type":"article","og_title":"Avis juridique - Caramelos Cerd\u00e1n","og_description":"0- Donn\u00e9es d&rsquo;identification Raison sociale: CARAMELOS CERDAN, S.L., Nom commercial: CARAMELOS CERDAN Si\u00e8ge social: PARAJE LOS BASTIDAS, S\/N 30700 &#8211; TORRE PACHECO (MURCIA) CIF \/ NIF: B30016612 T\u00e9l\u00e9phone: 968578003 Courriel: info@carameloscerdan.com Nom de domaine: https:\/\/carameloscerdan.com Registre du commerce de Murcie Protocole 161\/2014 acte n\u00b0 1\/2014\/1696.0. tourillon 238 si\u00e8ge 1308 1. Objet Le fournisseur, responsable du [&hellip;]","og_url":"https:\/\/carameloscerdan.com\/aviso-legal\/","og_site_name":"Caramelos Cerd\u00e1n","article_modified_time":"2022-11-09T09:27:44+00:00","og_image":[{"width":1251,"height":834,"url":"https:\/\/carameloscerdan.com\/wp-content\/uploads\/2022\/11\/logo-cerdan-2021.jpg","type":"image\/jpeg"}],"twitter_card":"summary_large_image","twitter_misc":{"Dur\u00e9e de lecture estim\u00e9e":"6 minutes"},"schema":{"@context":"https:\/\/schema.org","@graph":[{"@type":"WebPage","@id":"https:\/\/carameloscerdan.com\/aviso-legal\/","url":"https:\/\/carameloscerdan.com\/aviso-legal\/","name":"Avis juridique - Caramelos Cerd\u00e1n","isPartOf":{"@id":"https:\/\/carameloscerdan.com\/#website"},"datePublished":"2021-05-18T08:12:07+00:00","dateModified":"2022-11-09T09:27:44+00:00","breadcrumb":{"@id":"https:\/\/carameloscerdan.com\/aviso-legal\/#breadcrumb"},"inLanguage":"fr-FR","potentialAction":[{"@type":"ReadAction","target":["https:\/\/carameloscerdan.com\/aviso-legal\/"]}]},{"@type":"BreadcrumbList","@id":"https:\/\/carameloscerdan.com\/aviso-legal\/#breadcrumb","itemListElement":[{"@type":"ListItem","position":1,"name":"Home","item":"https:\/\/carameloscerdan.com\/fr\/"},{"@type":"ListItem","position":2,"name":"Avis juridique"}]},{"@type":"WebSite","@id":"https:\/\/carameloscerdan.com\/#website","url":"https:\/\/carameloscerdan.com\/","name":"Caramelos Cerd\u00e1n","description":"F\u00e1brica de caramelos","potentialAction":[{"@type":"SearchAction","target":{"@type":"EntryPoint","urlTemplate":"https:\/\/carameloscerdan.com\/?s={search_term_string}"},"query-input":{"@type":"PropertyValueSpecification","valueRequired":true,"valueName":"search_term_string"}}],"inLanguage":"fr-FR"}]}},"_links":{"self":[{"href":"https:\/\/carameloscerdan.com\/fr\/wp-json\/wp\/v2\/pages\/997","targetHints":{"allow":["GET"]}}],"collection":[{"href":"https:\/\/carameloscerdan.com\/fr\/wp-json\/wp\/v2\/pages"}],"about":[{"href":"https:\/\/carameloscerdan.com\/fr\/wp-json\/wp\/v2\/types\/page"}],"author":[{"embeddable":true,"href":"https:\/\/carameloscerdan.com\/fr\/wp-json\/wp\/v2\/users\/1"}],"replies":[{"embeddable":true,"href":"https:\/\/carameloscerdan.com\/fr\/wp-json\/wp\/v2\/comments?post=997"}],"version-history":[{"count":2,"href":"https:\/\/carameloscerdan.com\/fr\/wp-json\/wp\/v2\/pages\/997\/revisions"}],"predecessor-version":[{"id":5529,"href":"https:\/\/carameloscerdan.com\/fr\/wp-json\/wp\/v2\/pages\/997\/revisions\/5529"}],"wp:attachment":[{"href":"https:\/\/carameloscerdan.com\/fr\/wp-json\/wp\/v2\/media?parent=997"}],"curies":[{"name":"wp","href":"https:\/\/api.w.org\/{rel}","templated":true}]}}