{"id":991,"date":"2021-05-19T07:01:01","date_gmt":"2021-05-19T07:01:01","guid":{"rendered":"https:\/\/cerdan.buas.es\/?page_id=991"},"modified":"2022-11-09T10:13:02","modified_gmt":"2022-11-09T10:13:02","slug":"politique-de-cookies","status":"publish","type":"page","link":"https:\/\/carameloscerdan.com\/fr\/politique-de-cookies\/","title":{"rendered":"Politique de cookies"},"content":{"rendered":"<p>\nLa pr\u00e9sente politique en mati\u00e8re de cookies a pour but de vous informer de mani\u00e8re claire et pr\u00e9cise sur les cookies utilis\u00e9s sur le site.<br \/>\nhttps:\/\/carameloscerdan.com\/.<br \/>\nDerni\u00e8re mise \u00e0 jour : 3 f\u00e9vrier 2021.<br \/>\nChez CARAMELOS CERDAN, S.L., nous respectons votre confidentialit\u00e9 et nous prenons tr\u00e8s au s\u00e9rieux notre responsabilit\u00e9 de la prot\u00e9ger. Pour mieux comprendre qui visite nos sites Web, nous utilisons des cookies et des technologies similaires (collectivement, les \u00ab cookies \u00bb) sur nos sites Web (collectivement, les \u00ab\u00a0Sites Internet\u00a0\u00bb)\n<\/p>\n<h2>Cookies, technologies de suivi en ligne et choix qui s&rsquo;offrent \u00e0 vous<\/h2>\n<p>\nLes \u00ab\u00a0cookies\u00a0\u00bb sont une technologie couramment utilis\u00e9e sur Internet qui nous permet de personnaliser votre exp\u00e9rience en ligne selon vos pr\u00e9f\u00e9rences, de fournir des fonctionnalit\u00e9s du site Web, de suivre et d&rsquo;analyser l&rsquo;utilisation et le fonctionnement du site Web, de faciliter la pr\u00e9vention des fraudes et d&rsquo;am\u00e9liorer la s\u00e9curit\u00e9, ainsi que d&rsquo;aider \u00e0 l&rsquo;utilisation de la publicit\u00e9 personnalis\u00e9e. Nous utilisons des cookies de session qui sont des cookies temporaires qui sont supprim\u00e9s de la m\u00e9moire de votre appareil lorsque vous fermez votre navigateur Internet ou \u00e9teignez votre ordinateur. Nous utilisons \u00e9galement des cookies persistants qui, \u00e0 moins que vous ne les supprimiez au pr\u00e9alable, sont stock\u00e9s sur votre appareil jusqu&rsquo;\u00e0 leur expiration. Nous pouvons \u00e9galement stocker localement des donn\u00e9es dans votre navigateur.<br \/>\nVous avez la possibilit\u00e9 d&rsquo;accepter ou de refuser certains cookies de notre site Web, soit via notre gestionnaire de pr\u00e9f\u00e9rences en mati\u00e8re de cookies, soit via les param\u00e8tres de votre navigateur, comme d\u00e9crit ci-dessous.\n<\/p>\n<h2>\nGestionnaire de pr\u00e9f\u00e9rences en mati\u00e8re de cookies<\/h2>\n<p>Vous pouvez trouver notre gestionnaire de pr\u00e9f\u00e9rences en mati\u00e8re de cookies en cliquant sur <a class=\"cli_settings_button\" style=\"width: auto; float: initial; color: rgb(51, 51, 51);\">ce lien<\/a>.<\/p>\n<p>\nNous avons regroup\u00e9 les cookies du navigateur sur notre site Web en trois cat\u00e9gories, selon la mani\u00e8re dont nous les utilisons et les options que vous pouvez choisir :\n<\/p>\n<h2>Cookies obligatoires:<\/h2>\n<p>Ces cookies sont n\u00e9cessaires \u00e0 l&rsquo;ex\u00e9cution des fonctions de base de ce site Web, telles que permettre le chargement d&rsquo;images ou vous permettre de s\u00e9lectionner vos pr\u00e9f\u00e9rences en mati\u00e8re de cookies.<\/p>\n<p>\nNous utilisons des cookies n\u00e9cessaires pour les raisons suivantes :\n<\/p>\n<p>\n<strong>Authentification et connexion.<\/strong><br \/>\nLorsque vous vous connectez \u00e0 l&rsquo;un de nos sites Web \u00e0 l&rsquo;aide de votre compte Wacom personnel, nous stockons l&rsquo;heure \u00e0 laquelle vous vous \u00eates connect\u00e9 et un num\u00e9ro d&rsquo;identification unique dans un cookie crypt\u00e9 sur votre appareil. Ce Cookie vous permet de vous d\u00e9placer entre les diff\u00e9rentes pages de nos Sites sans avoir \u00e0 vous reconnecter sur chaque page. Vous pouvez \u00e9galement enregistrer vos informations de connexion afin de ne pas avoir \u00e0 les saisir \u00e0 chaque fois que vous visitez nos sites Web.<\/p>\n<p>\n<strong>S\u00e9curit\u00e9.<\/strong><br \/>\nNous utilisons des cookies pour d\u00e9tecter les fraudes et les abus sur nos sites Web et dans nos services.<br \/>\nStocker les informations que vous entrez sur un site Web.<\/p>\n<p>\nLorsque vous saisissez des informations ou ajoutez des applications, produits, logiciels ou services \u00e0 un panier lors de vos achats sur nos Sites Web, nous stockons des donn\u00e9es dans un Cookie pour m\u00e9moriser les produits et informations que vous avez ajout\u00e9s et\/ou vos interactions en ligne avec nous.<\/p>\n<\/p>\n<p><h2>Cookies fonctionnels et analytiques:<\/h2>\n<p>Ces cookies nous permettent d&rsquo;analyser votre utilisation de nos sites Web afin que nous puissions \u00e9valuer et am\u00e9liorer nos performances. Ils peuvent \u00e9galement \u00eatre utilis\u00e9s pour offrir une meilleure exp\u00e9rience utilisateur sur nos sites Web. Gr\u00e2ce \u00e0 notre lien Pr\u00e9f\u00e9rences en mati\u00e8re de cookies, vous pouvez avoir la possibilit\u00e9 d&rsquo;inclure ces cookies dans vos pr\u00e9f\u00e9rences d&rsquo;utilisateur ou de les refuser. Veuillez noter que si vous les refusez, vous ne pourrez peut-\u00eatre pas disposer de certaines fonctions importantes du site Web qui d\u00e9pendent de ces cookies. Nous utilisons des cookies fonctionnels et analytiques pour <\/p>\n<p><strong>Effectuer une analyse.<\/strong><br \/>\nPour fournir nos produits, logiciels et services, nous utilisons des cookies et d&rsquo;autres identifiants pour collecter des donn\u00e9es d&rsquo;utilisation et de performance et pour optimiser le fonctionnement de nos sites Web. Par exemple, nous utilisons des cookies pour compter le nombre de visiteurs uniques sur une page Web ou un service et pour d\u00e9velopper d&rsquo;autres statistiques sur les op\u00e9rations de nos produits, logiciels et services. Cela inclut les cookies de fournisseurs d&rsquo;analyse tiers.\n<\/p>\n<p>\n<strong>Enregistrer vos pr\u00e9f\u00e9rences et param\u00e8tres.<\/strong><br \/>\nNous pouvons stocker certains param\u00e8tres sur votre appareil qui permettent \u00e0 nos produits de fonctionner correctement ou de conserver vos pr\u00e9f\u00e9rences au fil du temps. Nous pouvons enregistrer des pr\u00e9f\u00e9rences telles que l&rsquo;appareil (c&rsquo;est-\u00e0-dire un ordinateur de bureau, un ordinateur portable ou un appareil mobile), la langue, les param\u00e8tres du navigateur et du lecteur multim\u00e9dia afin qu&rsquo;ils n&rsquo;aient pas besoin d&rsquo;\u00eatre r\u00e9initialis\u00e9s chaque fois que vous revenez sur nos sites Web. Si vous choisissez de ne plus recevoir de publicit\u00e9 cibl\u00e9e par centres d&rsquo;int\u00e9r\u00eat, nous enregistrerons votre pr\u00e9f\u00e9rence dans un cookie sur votre appareil.\n<\/p>\n<p><strong><\/p>\n<p>\nPartager du contenu sur les r\u00e9seaux sociaux.<\/strong><br \/>\nCertains de nos sites Web incluent des cookies de r\u00e9seaux sociaux, y compris ceux qui permettent aux utilisateurs connect\u00e9s \u00e0 un service de r\u00e9seau social de partager du contenu via ledit service.<\/p>\n<p>\n<strong>Recevoir des commentaires.<\/strong><br \/>\nNous utilisons des cookies pour vous permettre de nous envoyer des commentaires sur nos sites Web.<\/p>\n<p>\n<strong>Offrir un support technique.<\/strong><br \/>\nNous utilisons des Cookies pour faciliter la gestion des interactions entre vous et notre service de support technique.\n<\/p>\n<h2>Cookies publicitaires:<\/h2>\n<p>Nous pouvons utiliser ces cookies dans le but de partager des donn\u00e9es avec des annonceurs afin que les publicit\u00e9s que vous voyez soient plus pertinentes par rapport \u00e0 vos int\u00e9r\u00eats, pour vous permettre de partager certaines pages sur les r\u00e9seaux sociaux ou pour vous permettre de poster des commentaires sur nos Sites Internet. Comme dans le cas des cookies fonctionnels et analytiques, via notre lien Pr\u00e9f\u00e9rences en mati\u00e8re de cookies, vous pouvez avoir \u00e0 la fois la possibilit\u00e9 d&rsquo;inclure ces cookies dans vos pr\u00e9f\u00e9rences d&rsquo;utilisateur et de les rejeter. Nous utilisons des cookies publicitaires pour:<\/p>\n<p><strong>Afficher la publicit\u00e9 cibl\u00e9e par centres d&rsquo;int\u00e9r\u00eat.<\/strong><\/p>\n<p>\nNous utilisons des Cookies pour collecter des donn\u00e9es sur vos activit\u00e9s en ligne et identifier vos centres d&rsquo;int\u00e9r\u00eat, afin de pouvoir vous proposer la publicit\u00e9 qui leur correspond le mieux. Vous pouvez refuser de recevoir des publicit\u00e9s cibl\u00e9es par centres d&rsquo;int\u00e9r\u00eat via notre gestionnaire de pr\u00e9f\u00e9rences en mati\u00e8re de cookies.\n<\/p>\n<p>\n<strong>Analyser et g\u00e9rer la publicit\u00e9.<\/strong><br \/>\nNous utilisons des cookies pour enregistrer le nombre de visiteurs qui ont cliqu\u00e9 sur une publicit\u00e9 et pour enregistrer les publicit\u00e9s que vous avez vues afin que vous ne voyiez pas les m\u00eames encore et encore.\n<\/p>\n<h2>Param\u00e8tres du navigateur<\/h2>\n<p>\n<strong>Comment autoriser\/d\u00e9sactiver les cookies<\/strong><br \/>\nComme indiqu\u00e9 ci-dessus, vous pouvez d\u00e9finir vos pr\u00e9f\u00e9rences en mati\u00e8re de cookies analytiques, fonctionnels et publicitaires via le lien Pr\u00e9f\u00e9rences de cookies sur nos sites Web disponible <a class=\"cli_settings_button\" style=\"width: auto; float: initial; color: rgb(51, 51, 51);\">ici<\/a>.<br \/>\nAlternativement, la plupart des navigateurs Internet vous permettent de bloquer ou de supprimer les Cookies de votre navigateur.Si vous n&rsquo;\u00eates pas d&rsquo;accord avec l&rsquo;utilisation des Cookies, vous pouvez les d\u00e9sactiver ou les supprimer en suivant les instructions de votre navigateur parmi celles indiqu\u00e9es ici : http:\/\/ www.allaboutcookies.org\/ , ou utilisez des outils automatiques pour les d\u00e9sactiver si vous en avez. Cependant, certains de nos sites Web ne fonctionneront pas correctement si les cookies sont d\u00e9sactiv\u00e9s.\n<\/p>\n<p>\n<strong>Comment contr\u00f4ler et supprimer les cookies via le navigateur<\/strong><br \/>\nVous pouvez emp\u00eacher le stockage de Cookies en effectuant un param\u00e9trage correspondant dans votre logiciel de navigation. Vous pouvez suivre les instructions fournies par votre navigateur (qui se trouvent g\u00e9n\u00e9ralement dans les sections \u00ab Aide \u00bb, \u00ab Outils \u00bb ou \u00ab Modifier \u00bb de la barre d&rsquo;outils ou des options du navigateur).<\/p>\n<p><strong>Comment d\u00e9sactiver la publicit\u00e9 personnalis\u00e9e<\/strong><\/p>\n<p>Vous pouvez g\u00e9n\u00e9ralement refuser de recevoir des publicit\u00e9s personnalis\u00e9es d&rsquo;annonceurs et de r\u00e9seaux publicitaires tiers qui font partie de la Network Advertising Initiative (NAI) ou suivre les principes d&rsquo;autor\u00e9gulation de la Digital Advertising Alliance (DAA) pour la publicit\u00e9 comportementale en ligne. pages de d\u00e9sinscription disponibles sur les sites Web de la NAI et de la DAA.<\/p>\n<p>\n<strong>Plus d&rsquo;informations sur les cookies publicitaires<\/strong><br \/>\nNous pouvons utiliser des Cookies de remarketing de certains prestataires de services de publicit\u00e9 audiovisuelle. Ces cookies sont destin\u00e9s \u00e0 afficher des publicit\u00e9s aux utilisateurs de sites Web tiers qui ont d\u00e9j\u00e0 visit\u00e9 l&rsquo;un de nos sites Web. \u00c0 cette fin, nous recueillons des informations qui sont affich\u00e9es et g\u00e9n\u00e9r\u00e9es lorsqu&rsquo;un certain utilisateur a visit\u00e9 des parties sp\u00e9cifiques de nos sites Web. Ces informations seront li\u00e9es \u00e0 un Cookie marketing (un fichier texte qui est stock\u00e9 sur votre appareil par le prestataire de services de publicit\u00e9 audiovisuelle). Lorsque vous visitez d&rsquo;autres sites Web, des publicit\u00e9s cibl\u00e9es concernant nos offres peuvent vous \u00eatre pr\u00e9sent\u00e9es, bas\u00e9es sur votre visite pr\u00e9c\u00e9dente sur nos sites Web.<br \/>\nNous avons \u00e9galement int\u00e9gr\u00e9 des balises de conversion correspondantes sur nos sites Web. Ces balises utilisent des Cookies d\u00e9pos\u00e9s sur votre terminal par le prestataire de publicit\u00e9 audiovisuelle. Lorsqu&rsquo;un utilisateur clique sur une publicit\u00e9 menant \u00e0 nos sites Web, un cookie temporaire est stock\u00e9 sur l&rsquo;appareil de l&rsquo;utilisateur. Lorsque vous effectuez une certaine action sur nos sites Web, comme effectuer un achat ou demander des informations, ce cookie sera reconnu et une conversion sera enregistr\u00e9e.<\/p>\n<p>Lorsque vous acc\u00e9dez \u00e0 notre gestionnaire de pr\u00e9f\u00e9rences, les r\u00e9seaux publicitaires r\u00e9pertori\u00e9s dans ce gestionnaire de pr\u00e9f\u00e9rences placent des cookies de session pour honorer vos pr\u00e9f\u00e9rences si vous refusez de recevoir des publicit\u00e9s bas\u00e9es sur vos centres d&rsquo;int\u00e9r\u00eat. Si vous supprimez les informations sur les cookies de votre navigateur, cela supprimera tous les cookies, y compris les cookies permettant de refuser de recevoir les publicit\u00e9s d\u00e9finies par les entreprises. Vous devrez \u00e0 nouveau acc\u00e9der \u00e0 l&rsquo;outil de d\u00e9sactivation des publicit\u00e9s pour r\u00e9initialiser vos pr\u00e9f\u00e9rences. Seul le r\u00e9glage le plus r\u00e9cent de vos pr\u00e9f\u00e9rences est enregistr\u00e9 dans notre outil de pr\u00e9f\u00e9rences en mati\u00e8re de cookies et ne refl\u00e8te pas toujours l&rsquo;\u00e9tat actuel des cookies dans votre navigateur.<\/p>\n<p>\n<strong>Cookies install\u00e9s pr\u00e9c\u00e9demment<\/strong><br \/>\nSi vous avez d\u00e9sactiv\u00e9 un ou plusieurs cookies, nous pouvons continuer \u00e0 utiliser les informations collect\u00e9es par les cookies avant que vous ne d\u00e9sactiviez les cookies ou n&rsquo;apportiez d&rsquo;autres modifications \u00e0 vos pr\u00e9f\u00e9rences. Toutefois, lorsque vous d\u00e9sactivez l&rsquo;utilisation de certains Cookies dans la configuration de vos pr\u00e9f\u00e9rences, nous cesserons d&rsquo;utiliser les Cookies d\u00e9sactiv\u00e9s pour continuer \u00e0 collecter des informations sauf, bien entendu, si vous modifiez vos pr\u00e9f\u00e9rences pour permettre l&rsquo;utilisation desdits Cookies.<\/p>\n<p>\n<strong>Cookies flash<\/strong><br \/>\nLes vid\u00e9os et autres fonctionnalit\u00e9s de notre site Web utilisent des cookies Flash pour collecter et stocker vos pr\u00e9f\u00e9rences, par ex. par exemple le volume. Certains Cookies peuvent \u00eatre install\u00e9s par des prestataires de services tiers qui ex\u00e9cutent certaines de ces fonctions pour nous.<br \/>\nLes cookies Flash diff\u00e8rent des cookies du navigateur par la quantit\u00e9, le type et la forme de stockage des donn\u00e9es. Les cookies Flash ne peuvent pas \u00eatre supprim\u00e9s par notre gestionnaire de pr\u00e9f\u00e9rences en mati\u00e8re de cookies et les outils de gestion des cookies propos\u00e9s par votre navigateur. D\u00e9couvrez comment g\u00e9rer le stockage des cookies Flash et les param\u00e8tres de confidentialit\u00e9 en cliquant ici.<\/p>\n<p>\n<strong>Fichiers du registre du serveur:<\/strong><br \/>\nLorsque vous visitez nos sites Web, nous recueillons \u00e9galement automatiquement des informations sur les fichiers journaux du serveur. Ces informations incluent l&rsquo;adresse IP, le type de navigateur, les pages Web de r\u00e9f\u00e9rence et de sortie et votre syst\u00e8me d&rsquo;exploitation. Nous utilisons ces informations pour mieux comprendre le fonctionnement de notre site Web et la mani\u00e8re dont nos utilisateurs interagissent avec lui, ainsi que pour aider \u00e0 pr\u00e9venir la fraude et \u00e0 am\u00e9liorer la s\u00e9curit\u00e9.<\/p>\n","protected":false},"excerpt":{"rendered":"<p>La pr\u00e9sente politique en mati\u00e8re de cookies a pour but de vous informer de mani\u00e8re claire et pr\u00e9cise sur les cookies utilis\u00e9s sur le site. https:\/\/carameloscerdan.com\/. Derni\u00e8re mise \u00e0 jour : 3 f\u00e9vrier 2021. Chez CARAMELOS CERDAN, S.L., nous respectons votre confidentialit\u00e9 et nous prenons tr\u00e8s au s\u00e9rieux notre responsabilit\u00e9 de la prot\u00e9ger. Pour mieux [&hellip;]<\/p>\n","protected":false},"author":1,"featured_media":0,"parent":0,"menu_order":0,"comment_status":"closed","ping_status":"closed","template":"page-template-politicas.php","meta":{"footnotes":""},"class_list":["post-991","page","type-page","status-publish","hentry"],"yoast_head":"<!-- This site is optimized with the Yoast SEO plugin v25.1 - https:\/\/yoast.com\/wordpress\/plugins\/seo\/ -->\n<title>Politique de cookies - Caramelos Cerd\u00e1n<\/title>\n<meta name=\"robots\" content=\"index, follow, max-snippet:-1, max-image-preview:large, max-video-preview:-1\" \/>\n<link rel=\"canonical\" href=\"https:\/\/carameloscerdan.com\/fr\/politique-de-cookies\/\" \/>\n<meta property=\"og:locale\" content=\"fr_FR\" \/>\n<meta property=\"og:type\" content=\"article\" \/>\n<meta property=\"og:title\" content=\"Politique de cookies - Caramelos Cerd\u00e1n\" \/>\n<meta property=\"og:description\" content=\"La pr\u00e9sente politique en mati\u00e8re de cookies a pour but de vous informer de mani\u00e8re claire et pr\u00e9cise sur les cookies utilis\u00e9s sur le site. https:\/\/carameloscerdan.com\/. Derni\u00e8re mise \u00e0 jour : 3 f\u00e9vrier 2021. Chez CARAMELOS CERDAN, S.L., nous respectons votre confidentialit\u00e9 et nous prenons tr\u00e8s au s\u00e9rieux notre responsabilit\u00e9 de la prot\u00e9ger. Pour mieux [&hellip;]\" \/>\n<meta property=\"og:url\" content=\"https:\/\/carameloscerdan.com\/fr\/politique-de-cookies\/\" \/>\n<meta property=\"og:site_name\" content=\"Caramelos Cerd\u00e1n\" \/>\n<meta property=\"article:modified_time\" content=\"2022-11-09T10:13:02+00:00\" \/>\n<meta property=\"og:image\" content=\"https:\/\/carameloscerdan.com\/wp-content\/uploads\/2022\/11\/logo-cerdan-2021.jpg\" \/>\n\t<meta property=\"og:image:width\" content=\"1251\" \/>\n\t<meta property=\"og:image:height\" content=\"834\" \/>\n\t<meta property=\"og:image:type\" content=\"image\/jpeg\" \/>\n<meta name=\"twitter:card\" content=\"summary_large_image\" \/>\n<meta name=\"twitter:label1\" content=\"Dur\u00e9e de lecture estim\u00e9e\" \/>\n\t<meta name=\"twitter:data1\" content=\"10 minutes\" \/>\n<script type=\"application\/ld+json\" class=\"yoast-schema-graph\">{\"@context\":\"https:\/\/schema.org\",\"@graph\":[{\"@type\":\"WebPage\",\"@id\":\"https:\/\/carameloscerdan.com\/fr\/politique-de-cookies\/\",\"url\":\"https:\/\/carameloscerdan.com\/fr\/politique-de-cookies\/\",\"name\":\"Politique de cookies - Caramelos Cerd\u00e1n\",\"isPartOf\":{\"@id\":\"https:\/\/carameloscerdan.com\/#website\"},\"datePublished\":\"2021-05-19T07:01:01+00:00\",\"dateModified\":\"2022-11-09T10:13:02+00:00\",\"breadcrumb\":{\"@id\":\"https:\/\/carameloscerdan.com\/fr\/politique-de-cookies\/#breadcrumb\"},\"inLanguage\":\"fr-FR\",\"potentialAction\":[{\"@type\":\"ReadAction\",\"target\":[\"https:\/\/carameloscerdan.com\/fr\/politique-de-cookies\/\"]}]},{\"@type\":\"BreadcrumbList\",\"@id\":\"https:\/\/carameloscerdan.com\/fr\/politique-de-cookies\/#breadcrumb\",\"itemListElement\":[{\"@type\":\"ListItem\",\"position\":1,\"name\":\"Home\",\"item\":\"https:\/\/carameloscerdan.com\/fr\/\"},{\"@type\":\"ListItem\",\"position\":2,\"name\":\"Politique de cookies\"}]},{\"@type\":\"WebSite\",\"@id\":\"https:\/\/carameloscerdan.com\/#website\",\"url\":\"https:\/\/carameloscerdan.com\/\",\"name\":\"Caramelos Cerd\u00e1n\",\"description\":\"F\u00e1brica de caramelos\",\"potentialAction\":[{\"@type\":\"SearchAction\",\"target\":{\"@type\":\"EntryPoint\",\"urlTemplate\":\"https:\/\/carameloscerdan.com\/?s={search_term_string}\"},\"query-input\":{\"@type\":\"PropertyValueSpecification\",\"valueRequired\":true,\"valueName\":\"search_term_string\"}}],\"inLanguage\":\"fr-FR\"}]}<\/script>\n<!-- \/ Yoast SEO plugin. -->","yoast_head_json":{"title":"Politique de cookies - Caramelos Cerd\u00e1n","robots":{"index":"index","follow":"follow","max-snippet":"max-snippet:-1","max-image-preview":"max-image-preview:large","max-video-preview":"max-video-preview:-1"},"canonical":"https:\/\/carameloscerdan.com\/fr\/politique-de-cookies\/","og_locale":"fr_FR","og_type":"article","og_title":"Politique de cookies - Caramelos Cerd\u00e1n","og_description":"La pr\u00e9sente politique en mati\u00e8re de cookies a pour but de vous informer de mani\u00e8re claire et pr\u00e9cise sur les cookies utilis\u00e9s sur le site. https:\/\/carameloscerdan.com\/. Derni\u00e8re mise \u00e0 jour : 3 f\u00e9vrier 2021. Chez CARAMELOS CERDAN, S.L., nous respectons votre confidentialit\u00e9 et nous prenons tr\u00e8s au s\u00e9rieux notre responsabilit\u00e9 de la prot\u00e9ger. Pour mieux [&hellip;]","og_url":"https:\/\/carameloscerdan.com\/fr\/politique-de-cookies\/","og_site_name":"Caramelos Cerd\u00e1n","article_modified_time":"2022-11-09T10:13:02+00:00","og_image":[{"width":1251,"height":834,"url":"https:\/\/carameloscerdan.com\/wp-content\/uploads\/2022\/11\/logo-cerdan-2021.jpg","type":"image\/jpeg"}],"twitter_card":"summary_large_image","twitter_misc":{"Dur\u00e9e de lecture estim\u00e9e":"10 minutes"},"schema":{"@context":"https:\/\/schema.org","@graph":[{"@type":"WebPage","@id":"https:\/\/carameloscerdan.com\/fr\/politique-de-cookies\/","url":"https:\/\/carameloscerdan.com\/fr\/politique-de-cookies\/","name":"Politique de cookies - Caramelos Cerd\u00e1n","isPartOf":{"@id":"https:\/\/carameloscerdan.com\/#website"},"datePublished":"2021-05-19T07:01:01+00:00","dateModified":"2022-11-09T10:13:02+00:00","breadcrumb":{"@id":"https:\/\/carameloscerdan.com\/fr\/politique-de-cookies\/#breadcrumb"},"inLanguage":"fr-FR","potentialAction":[{"@type":"ReadAction","target":["https:\/\/carameloscerdan.com\/fr\/politique-de-cookies\/"]}]},{"@type":"BreadcrumbList","@id":"https:\/\/carameloscerdan.com\/fr\/politique-de-cookies\/#breadcrumb","itemListElement":[{"@type":"ListItem","position":1,"name":"Home","item":"https:\/\/carameloscerdan.com\/fr\/"},{"@type":"ListItem","position":2,"name":"Politique de cookies"}]},{"@type":"WebSite","@id":"https:\/\/carameloscerdan.com\/#website","url":"https:\/\/carameloscerdan.com\/","name":"Caramelos Cerd\u00e1n","description":"F\u00e1brica de caramelos","potentialAction":[{"@type":"SearchAction","target":{"@type":"EntryPoint","urlTemplate":"https:\/\/carameloscerdan.com\/?s={search_term_string}"},"query-input":{"@type":"PropertyValueSpecification","valueRequired":true,"valueName":"search_term_string"}}],"inLanguage":"fr-FR"}]}},"_links":{"self":[{"href":"https:\/\/carameloscerdan.com\/fr\/wp-json\/wp\/v2\/pages\/991","targetHints":{"allow":["GET"]}}],"collection":[{"href":"https:\/\/carameloscerdan.com\/fr\/wp-json\/wp\/v2\/pages"}],"about":[{"href":"https:\/\/carameloscerdan.com\/fr\/wp-json\/wp\/v2\/types\/page"}],"author":[{"embeddable":true,"href":"https:\/\/carameloscerdan.com\/fr\/wp-json\/wp\/v2\/users\/1"}],"replies":[{"embeddable":true,"href":"https:\/\/carameloscerdan.com\/fr\/wp-json\/wp\/v2\/comments?post=991"}],"version-history":[{"count":8,"href":"https:\/\/carameloscerdan.com\/fr\/wp-json\/wp\/v2\/pages\/991\/revisions"}],"predecessor-version":[{"id":5537,"href":"https:\/\/carameloscerdan.com\/fr\/wp-json\/wp\/v2\/pages\/991\/revisions\/5537"}],"wp:attachment":[{"href":"https:\/\/carameloscerdan.com\/fr\/wp-json\/wp\/v2\/media?parent=991"}],"curies":[{"name":"wp","href":"https:\/\/api.w.org\/{rel}","templated":true}]}}