{"id":989,"date":"2021-03-01T17:11:11","date_gmt":"2021-03-01T17:11:11","guid":{"rendered":"https:\/\/cerdan.buas.es\/politica-de-privacidad\/"},"modified":"2022-11-09T10:00:23","modified_gmt":"2022-11-09T10:00:23","slug":"politique-de-confidentialite","status":"publish","type":"page","link":"https:\/\/carameloscerdan.com\/fr\/politique-de-confidentialite\/","title":{"rendered":"Politique de confidentialit\u00e9"},"content":{"rendered":"<p>Sur ce site, lorsque vous utilisez le formulaire de contact ou que vous vous enregistrez pour acheter dans notre boutique \u00e9lectronique, nous collectons des donn\u00e9es vous concernant. Nous prenons votre vie priv\u00e9e tr\u00e8s au s\u00e9rieux et collecterons et traiterons vos donn\u00e9es de mani\u00e8re s\u00e9curis\u00e9e. Afin de garantir votre vie priv\u00e9e, nous agissons toujours conform\u00e9ment au R\u00c8GLEMENT (UE) 2016\/679 du Parlement europ\u00e9en et du Conseil du 27 avril 2016 et \u00e0 la loi organique 3\/2018 du 5 d\u00e9cembre sur la protection des donn\u00e9es. Garantie des droits num\u00e9riques.\n<\/p>\n<h2>1- Qui est CARAMELOS CERDAN, S.L.?<\/h2>\n<p>\nCARAMELOS CERDAN, S.L., est une soci\u00e9t\u00e9 priv\u00e9e \u00e0 responsabilit\u00e9 limit\u00e9e, avec CIF n\u00ba B30016612 avec si\u00e8ge social \u00e0 PARAJE LOS BASTIDAS, S\/N 30700 &#8211; TORRE PACHECO (MURCIA) La mani\u00e8re dont vos donn\u00e9es sont utilis\u00e9es a \u00e9t\u00e9 communiqu\u00e9e \u00e0 l&rsquo;Autorit\u00e9 de Protection des donn\u00e9es en Espagne.<br \/>\nNom de domaine : https:\/\/carameloscerdan.com\/ .<br \/>\nLes produits de notre soci\u00e9t\u00e9 sont pr\u00e9sent\u00e9s sur ce site.<\/p>\n<p><h2>2- Quelles sont les donn\u00e9es que CARAMELOS CERDAN, S.L. collecte et traite?<\/h2>\n<p>\nCARAMELOS CERDAN, S.L. collecte essentiellement vos donn\u00e9es fiscales lors de votre inscription sur notre boutique en ligne ainsi que votre e-mail lorsque vous vous abonnez \u00e0 notre Newsletter.\n<\/p>\n<h2>3- Quel usage CARAMELOS CERDAN, S.L. va-t-il faire de vos donn\u00e9es personnelles?<\/h2>\n<p>CARAMELOS CERDAN, S.L. collecte vos donn\u00e9es aux fins suivantes:<br \/>\nRemise de communications publicitaires commerciales par e-mail, fax, SMS, MMS, communaut\u00e9s sociales ou tout autre moyen \u00e9lectronique ou physique, pr\u00e9sent ou futur, permettant de r\u00e9aliser des communications commerciales. Ces communications commerciales seront li\u00e9es aux produits ou services offerts par le fournisseur, ainsi que par des collaborateurs ou partenaires avec lesquels il a conclu un accord de promotion commerciale aupr\u00e8s de ses clients. Dans ce cas, les tiers n&rsquo;auront jamais acc\u00e8s aux donn\u00e9es personnelles. Dans tous les cas, les communications commerciales seront effectu\u00e9es par le fournisseur et concerneront les produits et services li\u00e9s au secteur du fournisseur.\n<\/p>\n<p>\n** CARAMELOS CERDAN, S.L., vous offrira la possibilit\u00e9 d&rsquo;annuler l&rsquo;abonnement de cette soci\u00e9t\u00e9 dans chaque communication que vous recevrez de notre soci\u00e9t\u00e9.<br \/>\nTraiter les commandes, les demandes ou tout type de demande faite par l&rsquo;utilisateur via l&rsquo;un des formulaires de contact mis \u00e0 la disposition de l&rsquo;utilisateur sur le site Web de la soci\u00e9t\u00e9.<br \/>\nFaire suivre la newsletter sur le site.<br \/>\nLe fournisseur informe et garantit express\u00e9ment aux utilisateurs que leurs donn\u00e9es personnelles ne seront en aucun cas transf\u00e9r\u00e9es \u00e0 des soci\u00e9t\u00e9s tierces, et que chaque fois que tout type de transfert de donn\u00e9es personnelles devait \u00eatre effectu\u00e9, un consentement pr\u00e9alable expr\u00e8s, \u00e9clair\u00e9 serait demand\u00e9 et sans \u00e9quivoque sur le Toutes les donn\u00e9es demand\u00e9es via le site Web sont obligatoires, car elles sont n\u00e9cessaires \u00e0 la fourniture d&rsquo;un service optimal \u00e0 l&rsquo;utilisateur. Dans le cas o\u00f9 toutes les donn\u00e9es ne sont pas fournies, le fournisseur ne garantit pas que les informations et les services fournis sont compl\u00e8tement adapt\u00e9s \u00e0 vos besoins.\n<\/p>\n<h2>4- Comment CARAMELOS CERDAN, S.L. prot\u00e8ge-t-il vos donn\u00e9es?<\/h2>\n<p>\nCARAMELOS CERDAN, S.L., prend les mesures techniques et organisationnelles appropri\u00e9es pour prot\u00e9ger vos donn\u00e9es contre la perte ou toute forme d&rsquo;utilisation ill\u00e9gale, comme l&rsquo;exige le R\u00c8GLEMENT (UE) 2016\/679 du Parlement europ\u00e9en et du Conseil du 27 avril 2016. et organique Loi 3\/2018, du 5 d\u00e9cembre, sur la protection des donn\u00e9es personnelles et la garantie des droits num\u00e9riques.<\/p>\n<h2>5- Comment puis-je exercer mes droits d&rsquo;Acc\u00e8s, de Rectification, de Limitation de traitement, de Suppression, de Portabilit\u00e9 et d&rsquo;Oubli?<\/h2>\n<p>\nSi vous souhaitez conna\u00eetre les donn\u00e9es que nous avons collect\u00e9es \u00e0 votre sujet ou si vous souhaitez modifier ou supprimer des donn\u00e9es, vous pouvez vous rendre directement sur notre page https:\/\/carameloscerdan.com\/poderes pour exercer les droits d&rsquo;Acc\u00e8s, de Rectification, d&rsquo;Opposition, d&rsquo;Annulation , Limitation du traitement, portabilit\u00e9 et j&rsquo;oublie. Nous r\u00e9pondrons \u00e0 votre demande dans les 30 jours calendaires. Nous vous demanderons, ou \u00e0 votre repr\u00e9sentant l\u00e9gal, une identification pour la rendre effective.\n<\/p>\n<p>\n<strong>Enfants<\/strong><br \/>\nSi vous pensez qu&rsquo;un enfant de moins de 16 ans nous a fourni des donn\u00e9es, veuillez demander au parent ou au tuteur de cet enfant de nous contacter pour vous assurer que ces donn\u00e9es sont supprim\u00e9es de nos fichiers.\n<\/p>\n<h2>6- Transfert de donn\u00e9es vers des pays hors UE<\/h2>\n<p>\nPour des raisons techniques et op\u00e9rationnelles, il peut \u00eatre n\u00e9cessaire que vos donn\u00e9es soient transf\u00e9r\u00e9es aux (serveurs des) soci\u00e9t\u00e9s affili\u00e9es \u00e0 CARAMELOS CERDAN, S.L., situ\u00e9es aux \u00c9tats-Unis ou autres pays hors Europe. Dans le cas o\u00f9 CARAMELOS CERDAN, S.L. d\u00e9cide de transf\u00e9rer vos donn\u00e9es en dehors de l&rsquo;Europe, vous en serez pr\u00e9alablement inform\u00e9 et l&rsquo;entreprise qui re\u00e7oit les donn\u00e9es sera toujours invit\u00e9e \u00e0 se conformer \u00e0 la r\u00e9glementation europ\u00e9enne sur la protection des donn\u00e9es, comme l&rsquo;exige le R\u00e8glement sur la protection des donn\u00e9es, si ces soci\u00e9t\u00e9s ne respectent pas la l\u00e9gislation europ\u00e9enne, vos donn\u00e9es ne seront en aucun cas transf\u00e9r\u00e9es.<\/p>\n<h2>7- Que sont les cookies et comment les utilisons-nous?<\/h2>\n<p>\nLors de l&rsquo;utilisation des services de ce site Internet, diff\u00e9rents cookies sont enregistr\u00e9s sur votre ordinateur, tablette ou t\u00e9l\u00e9phone portable (\u00ab Appareils \u00bb), auxquels vous pouvez acc\u00e9der. Les cookies sont de petits \u00e9l\u00e9ments d&rsquo;information (sous forme de texte) qu&rsquo;un serveur envoie \u00e0 un navigateur (comme Internet Explorer ou Firefox) avec l&rsquo;intention que le navigateur envoie cette information au serveur la prochaine fois qu&rsquo;un utilisateur utilise le Web.<\/p>\n<p>\nCARAMELOS CERDAN, S.L., utilise des cookies techniques et fonctionnels n\u00e9cessaires pour offrir un service amical, \u00e9tablir une connexion ou obtenir des informations sur la qualit\u00e9 et l&rsquo;efficacit\u00e9 de nos services. Les sites Web ou les services que vous visitez lorsque vous utilisez notre site Web utilisent plus fr\u00e9quemment d&rsquo;autres cookies. Nous n&rsquo;avons aucun contr\u00f4le sur les cookies plac\u00e9s sur vos appareils par ces sites Web ou services tiers. Une d\u00e9claration de confidentialit\u00e9 diff\u00e9rente peut s&rsquo;appliquer aux sites Web ou services tiers que vous visitez lors de l&rsquo;utilisation de notre site Web. Cette politique de confidentialit\u00e9 de CARAMELOS CERDAN, S.L. s&rsquo;applique uniquement aux donn\u00e9es collect\u00e9es et trait\u00e9es via le site Web https:\/\/carameloscerdan.com\/. CARAMELOS CERDAN, S.L. d\u00e9cline toute responsabilit\u00e9 quant au traitement et\/ou au contenu des services et\/ou sites Web de tiers.<\/p>\n<p>\nVous pouvez param\u00e9trer votre navigateur pour ne pas recevoir de cookies lors de votre prochaine utilisation du service. Cependant, il se peut que vous ne puissiez plus utiliser pleinement les sites Web que vous visitez. Pour plus d&rsquo;informations sur ces fonctionnalit\u00e9s, vous pouvez consulter les instructions de votre navigateur ou la fonction d&rsquo;aide de votre navigateur.\n<\/p>\n<h2>8- Cette politique de confidentialit\u00e9 peut-elle \u00eatre modifi\u00e9e?<\/h2>\n<p>\nIl est possible que cette politique de confidentialit\u00e9 soit modifi\u00e9e \u00e0 l&rsquo;avenir. Lorsque cela se produit, nous vous contacterons pour vous informer de toute modification de ces clauses, en utilisant l&rsquo;e-mail que vous avez utilis\u00e9 pour vous inscrire au service.\n<\/p>\n<h2>9- Des questions?<\/h2>\n<p>\nSi vous avez des questions concernant cette d\u00e9claration de confidentialit\u00e9, n&rsquo;h\u00e9sitez pas \u00e0 nous contacter \u00e0 info@carameloscerdan.com<\/p>\n","protected":false},"excerpt":{"rendered":"<p>Sur ce site, lorsque vous utilisez le formulaire de contact ou que vous vous enregistrez pour acheter dans notre boutique \u00e9lectronique, nous collectons des donn\u00e9es vous concernant. Nous prenons votre vie priv\u00e9e tr\u00e8s au s\u00e9rieux et collecterons et traiterons vos donn\u00e9es de mani\u00e8re s\u00e9curis\u00e9e. Afin de garantir votre vie priv\u00e9e, nous agissons toujours conform\u00e9ment au [&hellip;]<\/p>\n","protected":false},"author":1,"featured_media":0,"parent":0,"menu_order":0,"comment_status":"closed","ping_status":"closed","template":"page-template-politicas.php","meta":{"footnotes":""},"class_list":["post-989","page","type-page","status-publish","hentry"],"yoast_head":"<!-- This site is optimized with the Yoast SEO plugin v25.1 - https:\/\/yoast.com\/wordpress\/plugins\/seo\/ -->\n<title>Politique de confidentialit\u00e9 - Caramelos Cerd\u00e1n<\/title>\n<meta name=\"robots\" content=\"index, follow, max-snippet:-1, max-image-preview:large, max-video-preview:-1\" \/>\n<link rel=\"canonical\" href=\"https:\/\/carameloscerdan.com\/fr\/politique-de-confidentialite\/\" \/>\n<meta property=\"og:locale\" content=\"fr_FR\" \/>\n<meta property=\"og:type\" content=\"article\" \/>\n<meta property=\"og:title\" content=\"Politique de confidentialit\u00e9 - Caramelos Cerd\u00e1n\" \/>\n<meta property=\"og:description\" content=\"Sur ce site, lorsque vous utilisez le formulaire de contact ou que vous vous enregistrez pour acheter dans notre boutique \u00e9lectronique, nous collectons des donn\u00e9es vous concernant. Nous prenons votre vie priv\u00e9e tr\u00e8s au s\u00e9rieux et collecterons et traiterons vos donn\u00e9es de mani\u00e8re s\u00e9curis\u00e9e. Afin de garantir votre vie priv\u00e9e, nous agissons toujours conform\u00e9ment au [&hellip;]\" \/>\n<meta property=\"og:url\" content=\"https:\/\/carameloscerdan.com\/fr\/politique-de-confidentialite\/\" \/>\n<meta property=\"og:site_name\" content=\"Caramelos Cerd\u00e1n\" \/>\n<meta property=\"article:modified_time\" content=\"2022-11-09T10:00:23+00:00\" \/>\n<meta property=\"og:image\" content=\"https:\/\/carameloscerdan.com\/wp-content\/uploads\/2022\/11\/logo-cerdan-2021.jpg\" \/>\n\t<meta property=\"og:image:width\" content=\"1251\" \/>\n\t<meta property=\"og:image:height\" content=\"834\" \/>\n\t<meta property=\"og:image:type\" content=\"image\/jpeg\" \/>\n<meta name=\"twitter:card\" content=\"summary_large_image\" \/>\n<meta name=\"twitter:label1\" content=\"Dur\u00e9e de lecture estim\u00e9e\" \/>\n\t<meta name=\"twitter:data1\" content=\"6 minutes\" \/>\n<script type=\"application\/ld+json\" class=\"yoast-schema-graph\">{\"@context\":\"https:\/\/schema.org\",\"@graph\":[{\"@type\":\"WebPage\",\"@id\":\"https:\/\/carameloscerdan.com\/fr\/politique-de-confidentialite\/\",\"url\":\"https:\/\/carameloscerdan.com\/fr\/politique-de-confidentialite\/\",\"name\":\"Politique de confidentialit\u00e9 - Caramelos Cerd\u00e1n\",\"isPartOf\":{\"@id\":\"https:\/\/carameloscerdan.com\/#website\"},\"datePublished\":\"2021-03-01T17:11:11+00:00\",\"dateModified\":\"2022-11-09T10:00:23+00:00\",\"breadcrumb\":{\"@id\":\"https:\/\/carameloscerdan.com\/fr\/politique-de-confidentialite\/#breadcrumb\"},\"inLanguage\":\"fr-FR\",\"potentialAction\":[{\"@type\":\"ReadAction\",\"target\":[\"https:\/\/carameloscerdan.com\/fr\/politique-de-confidentialite\/\"]}]},{\"@type\":\"BreadcrumbList\",\"@id\":\"https:\/\/carameloscerdan.com\/fr\/politique-de-confidentialite\/#breadcrumb\",\"itemListElement\":[{\"@type\":\"ListItem\",\"position\":1,\"name\":\"Home\",\"item\":\"https:\/\/carameloscerdan.com\/fr\/\"},{\"@type\":\"ListItem\",\"position\":2,\"name\":\"Politique de confidentialit\u00e9\"}]},{\"@type\":\"WebSite\",\"@id\":\"https:\/\/carameloscerdan.com\/#website\",\"url\":\"https:\/\/carameloscerdan.com\/\",\"name\":\"Caramelos Cerd\u00e1n\",\"description\":\"F\u00e1brica de caramelos\",\"potentialAction\":[{\"@type\":\"SearchAction\",\"target\":{\"@type\":\"EntryPoint\",\"urlTemplate\":\"https:\/\/carameloscerdan.com\/?s={search_term_string}\"},\"query-input\":{\"@type\":\"PropertyValueSpecification\",\"valueRequired\":true,\"valueName\":\"search_term_string\"}}],\"inLanguage\":\"fr-FR\"}]}<\/script>\n<!-- \/ Yoast SEO plugin. -->","yoast_head_json":{"title":"Politique de confidentialit\u00e9 - Caramelos Cerd\u00e1n","robots":{"index":"index","follow":"follow","max-snippet":"max-snippet:-1","max-image-preview":"max-image-preview:large","max-video-preview":"max-video-preview:-1"},"canonical":"https:\/\/carameloscerdan.com\/fr\/politique-de-confidentialite\/","og_locale":"fr_FR","og_type":"article","og_title":"Politique de confidentialit\u00e9 - Caramelos Cerd\u00e1n","og_description":"Sur ce site, lorsque vous utilisez le formulaire de contact ou que vous vous enregistrez pour acheter dans notre boutique \u00e9lectronique, nous collectons des donn\u00e9es vous concernant. Nous prenons votre vie priv\u00e9e tr\u00e8s au s\u00e9rieux et collecterons et traiterons vos donn\u00e9es de mani\u00e8re s\u00e9curis\u00e9e. Afin de garantir votre vie priv\u00e9e, nous agissons toujours conform\u00e9ment au [&hellip;]","og_url":"https:\/\/carameloscerdan.com\/fr\/politique-de-confidentialite\/","og_site_name":"Caramelos Cerd\u00e1n","article_modified_time":"2022-11-09T10:00:23+00:00","og_image":[{"width":1251,"height":834,"url":"https:\/\/carameloscerdan.com\/wp-content\/uploads\/2022\/11\/logo-cerdan-2021.jpg","type":"image\/jpeg"}],"twitter_card":"summary_large_image","twitter_misc":{"Dur\u00e9e de lecture estim\u00e9e":"6 minutes"},"schema":{"@context":"https:\/\/schema.org","@graph":[{"@type":"WebPage","@id":"https:\/\/carameloscerdan.com\/fr\/politique-de-confidentialite\/","url":"https:\/\/carameloscerdan.com\/fr\/politique-de-confidentialite\/","name":"Politique de confidentialit\u00e9 - Caramelos Cerd\u00e1n","isPartOf":{"@id":"https:\/\/carameloscerdan.com\/#website"},"datePublished":"2021-03-01T17:11:11+00:00","dateModified":"2022-11-09T10:00:23+00:00","breadcrumb":{"@id":"https:\/\/carameloscerdan.com\/fr\/politique-de-confidentialite\/#breadcrumb"},"inLanguage":"fr-FR","potentialAction":[{"@type":"ReadAction","target":["https:\/\/carameloscerdan.com\/fr\/politique-de-confidentialite\/"]}]},{"@type":"BreadcrumbList","@id":"https:\/\/carameloscerdan.com\/fr\/politique-de-confidentialite\/#breadcrumb","itemListElement":[{"@type":"ListItem","position":1,"name":"Home","item":"https:\/\/carameloscerdan.com\/fr\/"},{"@type":"ListItem","position":2,"name":"Politique de confidentialit\u00e9"}]},{"@type":"WebSite","@id":"https:\/\/carameloscerdan.com\/#website","url":"https:\/\/carameloscerdan.com\/","name":"Caramelos Cerd\u00e1n","description":"F\u00e1brica de caramelos","potentialAction":[{"@type":"SearchAction","target":{"@type":"EntryPoint","urlTemplate":"https:\/\/carameloscerdan.com\/?s={search_term_string}"},"query-input":{"@type":"PropertyValueSpecification","valueRequired":true,"valueName":"search_term_string"}}],"inLanguage":"fr-FR"}]}},"_links":{"self":[{"href":"https:\/\/carameloscerdan.com\/fr\/wp-json\/wp\/v2\/pages\/989","targetHints":{"allow":["GET"]}}],"collection":[{"href":"https:\/\/carameloscerdan.com\/fr\/wp-json\/wp\/v2\/pages"}],"about":[{"href":"https:\/\/carameloscerdan.com\/fr\/wp-json\/wp\/v2\/types\/page"}],"author":[{"embeddable":true,"href":"https:\/\/carameloscerdan.com\/fr\/wp-json\/wp\/v2\/users\/1"}],"replies":[{"embeddable":true,"href":"https:\/\/carameloscerdan.com\/fr\/wp-json\/wp\/v2\/comments?post=989"}],"version-history":[{"count":3,"href":"https:\/\/carameloscerdan.com\/fr\/wp-json\/wp\/v2\/pages\/989\/revisions"}],"predecessor-version":[{"id":5531,"href":"https:\/\/carameloscerdan.com\/fr\/wp-json\/wp\/v2\/pages\/989\/revisions\/5531"}],"wp:attachment":[{"href":"https:\/\/carameloscerdan.com\/fr\/wp-json\/wp\/v2\/media?parent=989"}],"curies":[{"name":"wp","href":"https:\/\/api.w.org\/{rel}","templated":true}]}}