{"id":4902,"date":"2021-07-29T16:16:51","date_gmt":"2021-07-29T16:16:51","guid":{"rendered":"https:\/\/carameloscerdan.com\/uncategorized\/caramelo-dos-lazos-mini\/"},"modified":"2022-06-30T08:02:36","modified_gmt":"2022-06-30T08:02:36","slug":"double-twist-mini-candy","status":"publish","type":"product","link":"https:\/\/carameloscerdan.com\/en\/personalised-candy\/double-twist-mini-candy\/","title":{"rendered":"Double twist mini candy"},"content":{"rendered":"<p>Hard candy wrapped in double twist assorted flavours or one to choose. Available with sugar, sugar free, organic, fair trade, with vitamins and compostable paper. With natural colorants. Gluten free. Allergens free. Suitable for vegans.<\/p>\n","protected":false},"excerpt":{"rendered":"<p>1 kg bag of candy mini double twist (435 units)<\/p>\n","protected":false},"featured_media":3081,"template":"","meta":[],"product_cat":[107],"product_tag":[],"class_list":{"0":"post-4902","1":"product","2":"type-product","3":"status-publish","4":"has-post-thumbnail","6":"product_cat-personalised-candy","7":"pa_atributo-bio-en","8":"pa_atributo-sin-azucar-en","9":"pa_envase-bag","10":"pa_familia-hard-boiled-candy","11":"pa_formato-candy","12":"pa_peso-21-g-en","13":"pa_sabor-apple","14":"pa_sabor-cherry","15":"pa_sabor-cola-en","16":"pa_sabor-lemon","17":"pa_sabor-tangerine","19":"first","20":"instock","21":"product-type-simple"},"yoast_head":"<!-- This site is optimized with the Yoast SEO plugin v25.1 - https:\/\/yoast.com\/wordpress\/plugins\/seo\/ -->\n<title>Double twist mini candy - Caramelos Cerd\u00e1n<\/title>\n<meta name=\"description\" content=\"Caramelos personalizados tama\u00f1o mini con lazos. Disponible en sabores variados, sin az\u00facar, ecol\u00f3gico, con vitaminas y con papel compostable.\" \/>\n<meta name=\"robots\" content=\"index, follow, max-snippet:-1, max-image-preview:large, max-video-preview:-1\" \/>\n<link rel=\"canonical\" href=\"https:\/\/carameloscerdan.com\/en\/personalised-candy\/double-twist-mini-candy\/\" \/>\n<meta property=\"og:locale\" content=\"en_US\" \/>\n<meta property=\"og:type\" content=\"article\" \/>\n<meta property=\"og:title\" content=\"Double twist mini candy - Caramelos Cerd\u00e1n\" \/>\n<meta property=\"og:description\" content=\"Caramelos personalizados tama\u00f1o mini con lazos. Disponible en sabores variados, sin az\u00facar, ecol\u00f3gico, con vitaminas y con papel compostable.\" \/>\n<meta property=\"og:url\" content=\"https:\/\/carameloscerdan.com\/en\/personalised-candy\/double-twist-mini-candy\/\" \/>\n<meta property=\"og:site_name\" content=\"Caramelos Cerd\u00e1n\" \/>\n<meta property=\"article:modified_time\" content=\"2022-06-30T08:02:36+00:00\" \/>\n<meta property=\"og:image\" content=\"https:\/\/carameloscerdan.com\/wp-content\/uploads\/2021\/07\/Caramelo-dos-lazos-mini-D.png\" \/>\n\t<meta property=\"og:image:width\" content=\"920\" \/>\n\t<meta property=\"og:image:height\" content=\"920\" \/>\n\t<meta property=\"og:image:type\" content=\"image\/png\" \/>\n<meta name=\"twitter:card\" content=\"summary_large_image\" \/>\n<script type=\"application\/ld+json\" class=\"yoast-schema-graph\">{\"@context\":\"https:\/\/schema.org\",\"@graph\":[{\"@type\":\"WebPage\",\"@id\":\"https:\/\/carameloscerdan.com\/en\/personalised-candy\/double-twist-mini-candy\/\",\"url\":\"https:\/\/carameloscerdan.com\/en\/personalised-candy\/double-twist-mini-candy\/\",\"name\":\"Double twist mini candy - Caramelos Cerd\u00e1n\",\"isPartOf\":{\"@id\":\"https:\/\/carameloscerdan.com\/#website\"},\"primaryImageOfPage\":{\"@id\":\"https:\/\/carameloscerdan.com\/en\/personalised-candy\/double-twist-mini-candy\/#primaryimage\"},\"image\":{\"@id\":\"https:\/\/carameloscerdan.com\/en\/personalised-candy\/double-twist-mini-candy\/#primaryimage\"},\"thumbnailUrl\":\"https:\/\/carameloscerdan.com\/wp-content\/uploads\/2021\/07\/Caramelo-dos-lazos-mini-D.png\",\"datePublished\":\"2021-07-29T16:16:51+00:00\",\"dateModified\":\"2022-06-30T08:02:36+00:00\",\"description\":\"Caramelos personalizados tama\u00f1o mini con lazos. Disponible en sabores variados, sin az\u00facar, ecol\u00f3gico, con vitaminas y con papel compostable.\",\"breadcrumb\":{\"@id\":\"https:\/\/carameloscerdan.com\/en\/personalised-candy\/double-twist-mini-candy\/#breadcrumb\"},\"inLanguage\":\"en-US\",\"potentialAction\":[{\"@type\":\"ReadAction\",\"target\":[\"https:\/\/carameloscerdan.com\/en\/personalised-candy\/double-twist-mini-candy\/\"]}]},{\"@type\":\"ImageObject\",\"inLanguage\":\"en-US\",\"@id\":\"https:\/\/carameloscerdan.com\/en\/personalised-candy\/double-twist-mini-candy\/#primaryimage\",\"url\":\"https:\/\/carameloscerdan.com\/wp-content\/uploads\/2021\/07\/Caramelo-dos-lazos-mini-D.png\",\"contentUrl\":\"https:\/\/carameloscerdan.com\/wp-content\/uploads\/2021\/07\/Caramelo-dos-lazos-mini-D.png\",\"width\":920,\"height\":920},{\"@type\":\"BreadcrumbList\",\"@id\":\"https:\/\/carameloscerdan.com\/en\/personalised-candy\/double-twist-mini-candy\/#breadcrumb\",\"itemListElement\":[{\"@type\":\"ListItem\",\"position\":1,\"name\":\"Home\",\"item\":\"https:\/\/carameloscerdan.com\/en\/\"},{\"@type\":\"ListItem\",\"position\":2,\"name\":\"Shop\",\"item\":\"https:\/\/carameloscerdan.com\/shop\/\"},{\"@type\":\"ListItem\",\"position\":3,\"name\":\"Double twist mini candy\"}]},{\"@type\":\"WebSite\",\"@id\":\"https:\/\/carameloscerdan.com\/#website\",\"url\":\"https:\/\/carameloscerdan.com\/\",\"name\":\"Caramelos Cerd\u00e1n\",\"description\":\"F\u00e1brica de caramelos\",\"potentialAction\":[{\"@type\":\"SearchAction\",\"target\":{\"@type\":\"EntryPoint\",\"urlTemplate\":\"https:\/\/carameloscerdan.com\/?s={search_term_string}\"},\"query-input\":{\"@type\":\"PropertyValueSpecification\",\"valueRequired\":true,\"valueName\":\"search_term_string\"}}],\"inLanguage\":\"en-US\"}]}<\/script>\n<!-- \/ Yoast SEO plugin. -->","yoast_head_json":{"title":"Double twist mini candy - Caramelos Cerd\u00e1n","description":"Caramelos personalizados tama\u00f1o mini con lazos. Disponible en sabores variados, sin az\u00facar, ecol\u00f3gico, con vitaminas y con papel compostable.","robots":{"index":"index","follow":"follow","max-snippet":"max-snippet:-1","max-image-preview":"max-image-preview:large","max-video-preview":"max-video-preview:-1"},"canonical":"https:\/\/carameloscerdan.com\/en\/personalised-candy\/double-twist-mini-candy\/","og_locale":"en_US","og_type":"article","og_title":"Double twist mini candy - Caramelos Cerd\u00e1n","og_description":"Caramelos personalizados tama\u00f1o mini con lazos. Disponible en sabores variados, sin az\u00facar, ecol\u00f3gico, con vitaminas y con papel compostable.","og_url":"https:\/\/carameloscerdan.com\/en\/personalised-candy\/double-twist-mini-candy\/","og_site_name":"Caramelos Cerd\u00e1n","article_modified_time":"2022-06-30T08:02:36+00:00","og_image":[{"width":920,"height":920,"url":"https:\/\/carameloscerdan.com\/wp-content\/uploads\/2021\/07\/Caramelo-dos-lazos-mini-D.png","type":"image\/png"}],"twitter_card":"summary_large_image","schema":{"@context":"https:\/\/schema.org","@graph":[{"@type":"WebPage","@id":"https:\/\/carameloscerdan.com\/en\/personalised-candy\/double-twist-mini-candy\/","url":"https:\/\/carameloscerdan.com\/en\/personalised-candy\/double-twist-mini-candy\/","name":"Double twist mini candy - Caramelos Cerd\u00e1n","isPartOf":{"@id":"https:\/\/carameloscerdan.com\/#website"},"primaryImageOfPage":{"@id":"https:\/\/carameloscerdan.com\/en\/personalised-candy\/double-twist-mini-candy\/#primaryimage"},"image":{"@id":"https:\/\/carameloscerdan.com\/en\/personalised-candy\/double-twist-mini-candy\/#primaryimage"},"thumbnailUrl":"https:\/\/carameloscerdan.com\/wp-content\/uploads\/2021\/07\/Caramelo-dos-lazos-mini-D.png","datePublished":"2021-07-29T16:16:51+00:00","dateModified":"2022-06-30T08:02:36+00:00","description":"Caramelos personalizados tama\u00f1o mini con lazos. Disponible en sabores variados, sin az\u00facar, ecol\u00f3gico, con vitaminas y con papel compostable.","breadcrumb":{"@id":"https:\/\/carameloscerdan.com\/en\/personalised-candy\/double-twist-mini-candy\/#breadcrumb"},"inLanguage":"en-US","potentialAction":[{"@type":"ReadAction","target":["https:\/\/carameloscerdan.com\/en\/personalised-candy\/double-twist-mini-candy\/"]}]},{"@type":"ImageObject","inLanguage":"en-US","@id":"https:\/\/carameloscerdan.com\/en\/personalised-candy\/double-twist-mini-candy\/#primaryimage","url":"https:\/\/carameloscerdan.com\/wp-content\/uploads\/2021\/07\/Caramelo-dos-lazos-mini-D.png","contentUrl":"https:\/\/carameloscerdan.com\/wp-content\/uploads\/2021\/07\/Caramelo-dos-lazos-mini-D.png","width":920,"height":920},{"@type":"BreadcrumbList","@id":"https:\/\/carameloscerdan.com\/en\/personalised-candy\/double-twist-mini-candy\/#breadcrumb","itemListElement":[{"@type":"ListItem","position":1,"name":"Home","item":"https:\/\/carameloscerdan.com\/en\/"},{"@type":"ListItem","position":2,"name":"Shop","item":"https:\/\/carameloscerdan.com\/shop\/"},{"@type":"ListItem","position":3,"name":"Double twist mini candy"}]},{"@type":"WebSite","@id":"https:\/\/carameloscerdan.com\/#website","url":"https:\/\/carameloscerdan.com\/","name":"Caramelos Cerd\u00e1n","description":"F\u00e1brica de caramelos","potentialAction":[{"@type":"SearchAction","target":{"@type":"EntryPoint","urlTemplate":"https:\/\/carameloscerdan.com\/?s={search_term_string}"},"query-input":{"@type":"PropertyValueSpecification","valueRequired":true,"valueName":"search_term_string"}}],"inLanguage":"en-US"}]}},"_links":{"self":[{"href":"https:\/\/carameloscerdan.com\/en\/wp-json\/wp\/v2\/product\/4902","targetHints":{"allow":["GET"]}}],"collection":[{"href":"https:\/\/carameloscerdan.com\/en\/wp-json\/wp\/v2\/product"}],"about":[{"href":"https:\/\/carameloscerdan.com\/en\/wp-json\/wp\/v2\/types\/product"}],"wp:featuredmedia":[{"embeddable":true,"href":"https:\/\/carameloscerdan.com\/en\/wp-json\/wp\/v2\/media\/3081"}],"wp:attachment":[{"href":"https:\/\/carameloscerdan.com\/en\/wp-json\/wp\/v2\/media?parent=4902"}],"wp:term":[{"taxonomy":"product_cat","embeddable":true,"href":"https:\/\/carameloscerdan.com\/en\/wp-json\/wp\/v2\/product_cat?post=4902"},{"taxonomy":"product_tag","embeddable":true,"href":"https:\/\/carameloscerdan.com\/en\/wp-json\/wp\/v2\/product_tag?post=4902"}],"curies":[{"name":"wp","href":"https:\/\/api.w.org\/{rel}","templated":true}]}}