{"id":4886,"date":"2021-07-29T16:17:00","date_gmt":"2021-07-29T16:17:00","guid":{"rendered":"https:\/\/carameloscerdan.com\/uncategorized\/cubo-con-bombones\/"},"modified":"2022-06-30T07:55:05","modified_gmt":"2022-06-30T07:55:05","slug":"cube-with-chocolates","status":"publish","type":"product","link":"https:\/\/carameloscerdan.com\/en\/personalised-candy\/cube-with-chocolates\/","title":{"rendered":"Cube with chocolates"},"content":{"rendered":"<p>60x60x60 mm cube with 10 chocolates double twist or 3 chocolates top twist wrapped in silver paper and 80x80x80 mm with 25 chocolates with double twist or 10 chocolates with top twist. Filled with hazelnut praline cream or white cream. Gluten free<\/p>\n","protected":false},"excerpt":{"rendered":"<p>60x60x60 and 80x80x80 mm cube with chocolates<\/p>\n","protected":false},"featured_media":3105,"template":"","meta":[],"product_cat":[107],"product_tag":[],"class_list":{"0":"post-4886","1":"product","2":"type-product","3":"status-publish","4":"has-post-thumbnail","6":"product_cat-personalised-candy","7":"pa_envase-estuche-bajo-en","8":"pa_familia-chocolate-en","9":"pa_familia-regalo-personalizado-en","10":"pa_peso-consultar-en","11":"pa_sabor-hazelnut-praline","12":"pa_sabor-white-cream","14":"first","15":"instock","16":"product-type-simple"},"yoast_head":"<!-- This site is optimized with the Yoast SEO plugin v25.1 - https:\/\/yoast.com\/wordpress\/plugins\/seo\/ -->\n<title>Cube with chocolates - Caramelos Cerd\u00e1n<\/title>\n<meta name=\"description\" content=\"Cubo personalizado con bombones de chocolate rellenos de crema de pralin\u00e9 avellana o crema blanca. Sin glut\u00e9n.\" \/>\n<meta name=\"robots\" content=\"index, follow, max-snippet:-1, max-image-preview:large, max-video-preview:-1\" \/>\n<link rel=\"canonical\" href=\"https:\/\/carameloscerdan.com\/en\/personalised-candy\/cube-with-chocolates\/\" \/>\n<meta property=\"og:locale\" content=\"en_US\" \/>\n<meta property=\"og:type\" content=\"article\" \/>\n<meta property=\"og:title\" content=\"Cube with chocolates - Caramelos Cerd\u00e1n\" \/>\n<meta property=\"og:description\" content=\"Cubo personalizado con bombones de chocolate rellenos de crema de pralin\u00e9 avellana o crema blanca. Sin glut\u00e9n.\" \/>\n<meta property=\"og:url\" content=\"https:\/\/carameloscerdan.com\/en\/personalised-candy\/cube-with-chocolates\/\" \/>\n<meta property=\"og:site_name\" content=\"Caramelos Cerd\u00e1n\" \/>\n<meta property=\"article:modified_time\" content=\"2022-06-30T07:55:05+00:00\" \/>\n<meta property=\"og:image\" content=\"https:\/\/carameloscerdan.com\/wp-content\/uploads\/2021\/07\/Cubo-con-bombones-D.png\" \/>\n\t<meta property=\"og:image:width\" content=\"920\" \/>\n\t<meta property=\"og:image:height\" content=\"920\" \/>\n\t<meta property=\"og:image:type\" content=\"image\/png\" \/>\n<meta name=\"twitter:card\" content=\"summary_large_image\" \/>\n<script type=\"application\/ld+json\" class=\"yoast-schema-graph\">{\"@context\":\"https:\/\/schema.org\",\"@graph\":[{\"@type\":\"WebPage\",\"@id\":\"https:\/\/carameloscerdan.com\/en\/personalised-candy\/cube-with-chocolates\/\",\"url\":\"https:\/\/carameloscerdan.com\/en\/personalised-candy\/cube-with-chocolates\/\",\"name\":\"Cube with chocolates - Caramelos Cerd\u00e1n\",\"isPartOf\":{\"@id\":\"https:\/\/carameloscerdan.com\/#website\"},\"primaryImageOfPage\":{\"@id\":\"https:\/\/carameloscerdan.com\/en\/personalised-candy\/cube-with-chocolates\/#primaryimage\"},\"image\":{\"@id\":\"https:\/\/carameloscerdan.com\/en\/personalised-candy\/cube-with-chocolates\/#primaryimage\"},\"thumbnailUrl\":\"https:\/\/carameloscerdan.com\/wp-content\/uploads\/2021\/07\/Cubo-con-bombones-D.png\",\"datePublished\":\"2021-07-29T16:17:00+00:00\",\"dateModified\":\"2022-06-30T07:55:05+00:00\",\"description\":\"Cubo personalizado con bombones de chocolate rellenos de crema de pralin\u00e9 avellana o crema blanca. Sin glut\u00e9n.\",\"breadcrumb\":{\"@id\":\"https:\/\/carameloscerdan.com\/en\/personalised-candy\/cube-with-chocolates\/#breadcrumb\"},\"inLanguage\":\"en-US\",\"potentialAction\":[{\"@type\":\"ReadAction\",\"target\":[\"https:\/\/carameloscerdan.com\/en\/personalised-candy\/cube-with-chocolates\/\"]}]},{\"@type\":\"ImageObject\",\"inLanguage\":\"en-US\",\"@id\":\"https:\/\/carameloscerdan.com\/en\/personalised-candy\/cube-with-chocolates\/#primaryimage\",\"url\":\"https:\/\/carameloscerdan.com\/wp-content\/uploads\/2021\/07\/Cubo-con-bombones-D.png\",\"contentUrl\":\"https:\/\/carameloscerdan.com\/wp-content\/uploads\/2021\/07\/Cubo-con-bombones-D.png\",\"width\":920,\"height\":920},{\"@type\":\"BreadcrumbList\",\"@id\":\"https:\/\/carameloscerdan.com\/en\/personalised-candy\/cube-with-chocolates\/#breadcrumb\",\"itemListElement\":[{\"@type\":\"ListItem\",\"position\":1,\"name\":\"Home\",\"item\":\"https:\/\/carameloscerdan.com\/en\/\"},{\"@type\":\"ListItem\",\"position\":2,\"name\":\"Shop\",\"item\":\"https:\/\/carameloscerdan.com\/shop\/\"},{\"@type\":\"ListItem\",\"position\":3,\"name\":\"Cube with chocolates\"}]},{\"@type\":\"WebSite\",\"@id\":\"https:\/\/carameloscerdan.com\/#website\",\"url\":\"https:\/\/carameloscerdan.com\/\",\"name\":\"Caramelos Cerd\u00e1n\",\"description\":\"F\u00e1brica de caramelos\",\"potentialAction\":[{\"@type\":\"SearchAction\",\"target\":{\"@type\":\"EntryPoint\",\"urlTemplate\":\"https:\/\/carameloscerdan.com\/?s={search_term_string}\"},\"query-input\":{\"@type\":\"PropertyValueSpecification\",\"valueRequired\":true,\"valueName\":\"search_term_string\"}}],\"inLanguage\":\"en-US\"}]}<\/script>\n<!-- \/ Yoast SEO plugin. -->","yoast_head_json":{"title":"Cube with chocolates - Caramelos Cerd\u00e1n","description":"Cubo personalizado con bombones de chocolate rellenos de crema de pralin\u00e9 avellana o crema blanca. Sin glut\u00e9n.","robots":{"index":"index","follow":"follow","max-snippet":"max-snippet:-1","max-image-preview":"max-image-preview:large","max-video-preview":"max-video-preview:-1"},"canonical":"https:\/\/carameloscerdan.com\/en\/personalised-candy\/cube-with-chocolates\/","og_locale":"en_US","og_type":"article","og_title":"Cube with chocolates - Caramelos Cerd\u00e1n","og_description":"Cubo personalizado con bombones de chocolate rellenos de crema de pralin\u00e9 avellana o crema blanca. Sin glut\u00e9n.","og_url":"https:\/\/carameloscerdan.com\/en\/personalised-candy\/cube-with-chocolates\/","og_site_name":"Caramelos Cerd\u00e1n","article_modified_time":"2022-06-30T07:55:05+00:00","og_image":[{"width":920,"height":920,"url":"https:\/\/carameloscerdan.com\/wp-content\/uploads\/2021\/07\/Cubo-con-bombones-D.png","type":"image\/png"}],"twitter_card":"summary_large_image","schema":{"@context":"https:\/\/schema.org","@graph":[{"@type":"WebPage","@id":"https:\/\/carameloscerdan.com\/en\/personalised-candy\/cube-with-chocolates\/","url":"https:\/\/carameloscerdan.com\/en\/personalised-candy\/cube-with-chocolates\/","name":"Cube with chocolates - Caramelos Cerd\u00e1n","isPartOf":{"@id":"https:\/\/carameloscerdan.com\/#website"},"primaryImageOfPage":{"@id":"https:\/\/carameloscerdan.com\/en\/personalised-candy\/cube-with-chocolates\/#primaryimage"},"image":{"@id":"https:\/\/carameloscerdan.com\/en\/personalised-candy\/cube-with-chocolates\/#primaryimage"},"thumbnailUrl":"https:\/\/carameloscerdan.com\/wp-content\/uploads\/2021\/07\/Cubo-con-bombones-D.png","datePublished":"2021-07-29T16:17:00+00:00","dateModified":"2022-06-30T07:55:05+00:00","description":"Cubo personalizado con bombones de chocolate rellenos de crema de pralin\u00e9 avellana o crema blanca. Sin glut\u00e9n.","breadcrumb":{"@id":"https:\/\/carameloscerdan.com\/en\/personalised-candy\/cube-with-chocolates\/#breadcrumb"},"inLanguage":"en-US","potentialAction":[{"@type":"ReadAction","target":["https:\/\/carameloscerdan.com\/en\/personalised-candy\/cube-with-chocolates\/"]}]},{"@type":"ImageObject","inLanguage":"en-US","@id":"https:\/\/carameloscerdan.com\/en\/personalised-candy\/cube-with-chocolates\/#primaryimage","url":"https:\/\/carameloscerdan.com\/wp-content\/uploads\/2021\/07\/Cubo-con-bombones-D.png","contentUrl":"https:\/\/carameloscerdan.com\/wp-content\/uploads\/2021\/07\/Cubo-con-bombones-D.png","width":920,"height":920},{"@type":"BreadcrumbList","@id":"https:\/\/carameloscerdan.com\/en\/personalised-candy\/cube-with-chocolates\/#breadcrumb","itemListElement":[{"@type":"ListItem","position":1,"name":"Home","item":"https:\/\/carameloscerdan.com\/en\/"},{"@type":"ListItem","position":2,"name":"Shop","item":"https:\/\/carameloscerdan.com\/shop\/"},{"@type":"ListItem","position":3,"name":"Cube with chocolates"}]},{"@type":"WebSite","@id":"https:\/\/carameloscerdan.com\/#website","url":"https:\/\/carameloscerdan.com\/","name":"Caramelos Cerd\u00e1n","description":"F\u00e1brica de caramelos","potentialAction":[{"@type":"SearchAction","target":{"@type":"EntryPoint","urlTemplate":"https:\/\/carameloscerdan.com\/?s={search_term_string}"},"query-input":{"@type":"PropertyValueSpecification","valueRequired":true,"valueName":"search_term_string"}}],"inLanguage":"en-US"}]}},"_links":{"self":[{"href":"https:\/\/carameloscerdan.com\/en\/wp-json\/wp\/v2\/product\/4886","targetHints":{"allow":["GET"]}}],"collection":[{"href":"https:\/\/carameloscerdan.com\/en\/wp-json\/wp\/v2\/product"}],"about":[{"href":"https:\/\/carameloscerdan.com\/en\/wp-json\/wp\/v2\/types\/product"}],"wp:featuredmedia":[{"embeddable":true,"href":"https:\/\/carameloscerdan.com\/en\/wp-json\/wp\/v2\/media\/3105"}],"wp:attachment":[{"href":"https:\/\/carameloscerdan.com\/en\/wp-json\/wp\/v2\/media?parent=4886"}],"wp:term":[{"taxonomy":"product_cat","embeddable":true,"href":"https:\/\/carameloscerdan.com\/en\/wp-json\/wp\/v2\/product_cat?post=4886"},{"taxonomy":"product_tag","embeddable":true,"href":"https:\/\/carameloscerdan.com\/en\/wp-json\/wp\/v2\/product_tag?post=4886"}],"curies":[{"name":"wp","href":"https:\/\/api.w.org\/{rel}","templated":true}]}}